{"id":6222,"date":"2026-04-10T20:18:36","date_gmt":"2026-04-10T20:18:36","guid":{"rendered":"https:\/\/snopet.ma\/market\/?post_type=product&#038;p=6222"},"modified":"2026-04-10T20:18:36","modified_gmt":"2026-04-10T20:18:36","slug":"calcium-et-vitamine-d3-pour-chats-et-chiens-bio-petactive","status":"publish","type":"product","link":"https:\/\/snopet.ma\/market\/produit\/calcium-et-vitamine-d3-pour-chats-et-chiens-bio-petactive\/","title":{"rendered":"Calcium et Vitamine D3 pour chats et chiens \u2013 Bio PetActive"},"content":{"rendered":"<h1 class=\"product_title entry-title elementor-heading-title elementor-size-default\">84 Comprim\u00e9s \u00e0 croquer au phosphate dicalcique et \u00e0 la vitamine D3 pour chats et chiens<\/h1>\n","protected":false},"excerpt":{"rendered":"<p>84 Comprim\u00e9s \u00e0 croquer au phosphate dicalcique et \u00e0 la vitamine D3 pour chats et chiens<\/p>\n","protected":false},"featured_media":6223,"comment_status":"open","ping_status":"closed","template":"","meta":{"_acf_changed":false},"product_brand":[],"product_cat":[266,265,293,282],"product_tag":[],"class_list":{"0":"post-6222","1":"product","2":"type-product","3":"status-publish","4":"has-post-thumbnail","6":"product_cat-chats","7":"product_cat-chiens","8":"product_cat-parapharmacie-antiparasitaires-chien","9":"product_cat-parapharmacie-soins-chat","11":"first","12":"instock","13":"sale","14":"purchasable","15":"product-type-simple"},"acf":[],"yoast_head":"<!-- This site is optimized with the Yoast SEO plugin v27.4 - https:\/\/yoast.com\/product\/yoast-seo-wordpress\/ -->\n<title>Calcium et Vitamine D3 pour chats et chiens \u2013 Bio PetActive - Animalerie en ligne : nourriture, accessoires | Snopet<\/title>\n<meta name=\"robots\" content=\"index, follow, max-snippet:-1, max-image-preview:large, max-video-preview:-1\" \/>\n<link rel=\"canonical\" href=\"https:\/\/snopet.ma\/market\/produit\/calcium-et-vitamine-d3-pour-chats-et-chiens-bio-petactive\/\" \/>\n<meta property=\"og:locale\" content=\"fr_FR\" \/>\n<meta property=\"og:type\" content=\"article\" \/>\n<meta property=\"og:title\" content=\"Calcium et Vitamine D3 pour chats et chiens \u2013 Bio PetActive - Animalerie en ligne : nourriture, accessoires | Snopet\" \/>\n<meta property=\"og:description\" content=\"84 Comprim\u00e9s \u00e0 croquer au phosphate dicalcique et \u00e0 la vitamine D3 pour chats et chiens\" \/>\n<meta property=\"og:url\" content=\"https:\/\/snopet.ma\/market\/produit\/calcium-et-vitamine-d3-pour-chats-et-chiens-bio-petactive\/\" \/>\n<meta property=\"og:site_name\" content=\"Animalerie en ligne : nourriture, accessoires | Snopet\" \/>\n<meta property=\"og:image\" content=\"https:\/\/snopet.ma\/market\/wp-content\/uploads\/sites\/2\/2026\/04\/Calcium-et-a-la-vitamine-D3-pour-chats-et-chiens-\u2013-Bio-PetActive.jpg\" \/>\n\t<meta property=\"og:image:width\" content=\"1000\" \/>\n\t<meta property=\"og:image:height\" content=\"1000\" \/>\n\t<meta property=\"og:image:type\" content=\"image\/jpeg\" \/>\n<meta name=\"twitter:card\" content=\"summary_large_image\" \/>\n<meta name=\"twitter:label1\" content=\"Dur\u00e9e de lecture estim\u00e9e\" \/>\n\t<meta name=\"twitter:data1\" content=\"1 minute\" \/>\n<script type=\"application\/ld+json\" class=\"yoast-schema-graph\">{\"@context\":\"https:\\\/\\\/schema.org\",\"@graph\":[{\"@type\":\"WebPage\",\"@id\":\"https:\\\/\\\/snopet.ma\\\/market\\\/produit\\\/calcium-et-vitamine-d3-pour-chats-et-chiens-bio-petactive\\\/\",\"url\":\"https:\\\/\\\/snopet.ma\\\/market\\\/produit\\\/calcium-et-vitamine-d3-pour-chats-et-chiens-bio-petactive\\\/\",\"name\":\"Calcium et Vitamine D3 pour chats et chiens \u2013 Bio PetActive - Animalerie en ligne : nourriture, accessoires | Snopet\",\"isPartOf\":{\"@id\":\"https:\\\/\\\/snopet.ma\\\/market\\\/#website\"},\"primaryImageOfPage\":{\"@id\":\"https:\\\/\\\/snopet.ma\\\/market\\\/produit\\\/calcium-et-vitamine-d3-pour-chats-et-chiens-bio-petactive\\\/#primaryimage\"},\"image\":{\"@id\":\"https:\\\/\\\/snopet.ma\\\/market\\\/produit\\\/calcium-et-vitamine-d3-pour-chats-et-chiens-bio-petactive\\\/#primaryimage\"},\"thumbnailUrl\":\"https:\\\/\\\/snopet.ma\\\/market\\\/wp-content\\\/uploads\\\/sites\\\/2\\\/2026\\\/04\\\/Calcium-et-a-la-vitamine-D3-pour-chats-et-chiens-\u2013-Bio-PetActive.jpg\",\"datePublished\":\"2026-04-10T20:18:36+00:00\",\"breadcrumb\":{\"@id\":\"https:\\\/\\\/snopet.ma\\\/market\\\/produit\\\/calcium-et-vitamine-d3-pour-chats-et-chiens-bio-petactive\\\/#breadcrumb\"},\"inLanguage\":\"fr-FR\",\"potentialAction\":[{\"@type\":\"ReadAction\",\"target\":[\"https:\\\/\\\/snopet.ma\\\/market\\\/produit\\\/calcium-et-vitamine-d3-pour-chats-et-chiens-bio-petactive\\\/\"]}]},{\"@type\":\"ImageObject\",\"inLanguage\":\"fr-FR\",\"@id\":\"https:\\\/\\\/snopet.ma\\\/market\\\/produit\\\/calcium-et-vitamine-d3-pour-chats-et-chiens-bio-petactive\\\/#primaryimage\",\"url\":\"https:\\\/\\\/snopet.ma\\\/market\\\/wp-content\\\/uploads\\\/sites\\\/2\\\/2026\\\/04\\\/Calcium-et-a-la-vitamine-D3-pour-chats-et-chiens-\u2013-Bio-PetActive.jpg\",\"contentUrl\":\"https:\\\/\\\/snopet.ma\\\/market\\\/wp-content\\\/uploads\\\/sites\\\/2\\\/2026\\\/04\\\/Calcium-et-a-la-vitamine-D3-pour-chats-et-chiens-\u2013-Bio-PetActive.jpg\",\"width\":1000,\"height\":1000},{\"@type\":\"BreadcrumbList\",\"@id\":\"https:\\\/\\\/snopet.ma\\\/market\\\/produit\\\/calcium-et-vitamine-d3-pour-chats-et-chiens-bio-petactive\\\/#breadcrumb\",\"itemListElement\":[{\"@type\":\"ListItem\",\"position\":1,\"name\":\"Home\",\"item\":\"https:\\\/\\\/snopet.ma\\\/market\\\/\"},{\"@type\":\"ListItem\",\"position\":2,\"name\":\"index\",\"item\":\"https:\\\/\\\/snopet.ma\\\/market\\\/\"},{\"@type\":\"ListItem\",\"position\":3,\"name\":\"Calcium et Vitamine D3 pour chats et chiens \u2013 Bio PetActive\"}]},{\"@type\":\"WebSite\",\"@id\":\"https:\\\/\\\/snopet.ma\\\/market\\\/#website\",\"url\":\"https:\\\/\\\/snopet.ma\\\/market\\\/\",\"name\":\"Animalerie en ligne : nourriture, accessoires | Snopet\",\"description\":\"\",\"publisher\":{\"@id\":\"https:\\\/\\\/snopet.ma\\\/market\\\/#organization\"},\"potentialAction\":[{\"@type\":\"SearchAction\",\"target\":{\"@type\":\"EntryPoint\",\"urlTemplate\":\"https:\\\/\\\/snopet.ma\\\/market\\\/?s={search_term_string}\"},\"query-input\":{\"@type\":\"PropertyValueSpecification\",\"valueRequired\":true,\"valueName\":\"search_term_string\"}}],\"inLanguage\":\"fr-FR\"},{\"@type\":\"Organization\",\"@id\":\"https:\\\/\\\/snopet.ma\\\/market\\\/#organization\",\"name\":\"MYHA WEB & TRADE\",\"url\":\"https:\\\/\\\/snopet.ma\\\/market\\\/\",\"logo\":{\"@type\":\"ImageObject\",\"inLanguage\":\"fr-FR\",\"@id\":\"https:\\\/\\\/snopet.ma\\\/market\\\/#\\\/schema\\\/logo\\\/image\\\/\",\"url\":\"https:\\\/\\\/snopet.ma\\\/market\\\/wp-content\\\/uploads\\\/sites\\\/2\\\/2025\\\/08\\\/cropped-snopet-logo.png\",\"contentUrl\":\"https:\\\/\\\/snopet.ma\\\/market\\\/wp-content\\\/uploads\\\/sites\\\/2\\\/2025\\\/08\\\/cropped-snopet-logo.png\",\"width\":555,\"height\":183,\"caption\":\"MYHA WEB & TRADE\"},\"image\":{\"@id\":\"https:\\\/\\\/snopet.ma\\\/market\\\/#\\\/schema\\\/logo\\\/image\\\/\"}}]}<\/script>\n<!-- \/ Yoast SEO plugin. -->","yoast_head_json":{"title":"Calcium et Vitamine D3 pour chats et chiens \u2013 Bio PetActive - Animalerie en ligne : nourriture, accessoires | Snopet","robots":{"index":"index","follow":"follow","max-snippet":"max-snippet:-1","max-image-preview":"max-image-preview:large","max-video-preview":"max-video-preview:-1"},"canonical":"https:\/\/snopet.ma\/market\/produit\/calcium-et-vitamine-d3-pour-chats-et-chiens-bio-petactive\/","og_locale":"fr_FR","og_type":"article","og_title":"Calcium et Vitamine D3 pour chats et chiens \u2013 Bio PetActive - Animalerie en ligne : nourriture, accessoires | Snopet","og_description":"84 Comprim\u00e9s \u00e0 croquer au phosphate dicalcique et \u00e0 la vitamine D3 pour chats et chiens","og_url":"https:\/\/snopet.ma\/market\/produit\/calcium-et-vitamine-d3-pour-chats-et-chiens-bio-petactive\/","og_site_name":"Animalerie en ligne : nourriture, accessoires | Snopet","og_image":[{"width":1000,"height":1000,"url":"https:\/\/snopet.ma\/market\/wp-content\/uploads\/sites\/2\/2026\/04\/Calcium-et-a-la-vitamine-D3-pour-chats-et-chiens-\u2013-Bio-PetActive.jpg","type":"image\/jpeg"}],"twitter_card":"summary_large_image","twitter_misc":{"Dur\u00e9e de lecture estim\u00e9e":"1 minute"},"schema":{"@context":"https:\/\/schema.org","@graph":[{"@type":"WebPage","@id":"https:\/\/snopet.ma\/market\/produit\/calcium-et-vitamine-d3-pour-chats-et-chiens-bio-petactive\/","url":"https:\/\/snopet.ma\/market\/produit\/calcium-et-vitamine-d3-pour-chats-et-chiens-bio-petactive\/","name":"Calcium et Vitamine D3 pour chats et chiens \u2013 Bio PetActive - Animalerie en ligne : nourriture, accessoires | Snopet","isPartOf":{"@id":"https:\/\/snopet.ma\/market\/#website"},"primaryImageOfPage":{"@id":"https:\/\/snopet.ma\/market\/produit\/calcium-et-vitamine-d3-pour-chats-et-chiens-bio-petactive\/#primaryimage"},"image":{"@id":"https:\/\/snopet.ma\/market\/produit\/calcium-et-vitamine-d3-pour-chats-et-chiens-bio-petactive\/#primaryimage"},"thumbnailUrl":"https:\/\/snopet.ma\/market\/wp-content\/uploads\/sites\/2\/2026\/04\/Calcium-et-a-la-vitamine-D3-pour-chats-et-chiens-\u2013-Bio-PetActive.jpg","datePublished":"2026-04-10T20:18:36+00:00","breadcrumb":{"@id":"https:\/\/snopet.ma\/market\/produit\/calcium-et-vitamine-d3-pour-chats-et-chiens-bio-petactive\/#breadcrumb"},"inLanguage":"fr-FR","potentialAction":[{"@type":"ReadAction","target":["https:\/\/snopet.ma\/market\/produit\/calcium-et-vitamine-d3-pour-chats-et-chiens-bio-petactive\/"]}]},{"@type":"ImageObject","inLanguage":"fr-FR","@id":"https:\/\/snopet.ma\/market\/produit\/calcium-et-vitamine-d3-pour-chats-et-chiens-bio-petactive\/#primaryimage","url":"https:\/\/snopet.ma\/market\/wp-content\/uploads\/sites\/2\/2026\/04\/Calcium-et-a-la-vitamine-D3-pour-chats-et-chiens-\u2013-Bio-PetActive.jpg","contentUrl":"https:\/\/snopet.ma\/market\/wp-content\/uploads\/sites\/2\/2026\/04\/Calcium-et-a-la-vitamine-D3-pour-chats-et-chiens-\u2013-Bio-PetActive.jpg","width":1000,"height":1000},{"@type":"BreadcrumbList","@id":"https:\/\/snopet.ma\/market\/produit\/calcium-et-vitamine-d3-pour-chats-et-chiens-bio-petactive\/#breadcrumb","itemListElement":[{"@type":"ListItem","position":1,"name":"Home","item":"https:\/\/snopet.ma\/market\/"},{"@type":"ListItem","position":2,"name":"index","item":"https:\/\/snopet.ma\/market\/"},{"@type":"ListItem","position":3,"name":"Calcium et Vitamine D3 pour chats et chiens \u2013 Bio PetActive"}]},{"@type":"WebSite","@id":"https:\/\/snopet.ma\/market\/#website","url":"https:\/\/snopet.ma\/market\/","name":"Animalerie en ligne : nourriture, accessoires | Snopet","description":"","publisher":{"@id":"https:\/\/snopet.ma\/market\/#organization"},"potentialAction":[{"@type":"SearchAction","target":{"@type":"EntryPoint","urlTemplate":"https:\/\/snopet.ma\/market\/?s={search_term_string}"},"query-input":{"@type":"PropertyValueSpecification","valueRequired":true,"valueName":"search_term_string"}}],"inLanguage":"fr-FR"},{"@type":"Organization","@id":"https:\/\/snopet.ma\/market\/#organization","name":"MYHA WEB & TRADE","url":"https:\/\/snopet.ma\/market\/","logo":{"@type":"ImageObject","inLanguage":"fr-FR","@id":"https:\/\/snopet.ma\/market\/#\/schema\/logo\/image\/","url":"https:\/\/snopet.ma\/market\/wp-content\/uploads\/sites\/2\/2025\/08\/cropped-snopet-logo.png","contentUrl":"https:\/\/snopet.ma\/market\/wp-content\/uploads\/sites\/2\/2025\/08\/cropped-snopet-logo.png","width":555,"height":183,"caption":"MYHA WEB & TRADE"},"image":{"@id":"https:\/\/snopet.ma\/market\/#\/schema\/logo\/image\/"}}]}},"_links":{"self":[{"href":"https:\/\/snopet.ma\/market\/wp-json\/wp\/v2\/product\/6222","targetHints":{"allow":["GET"]}}],"collection":[{"href":"https:\/\/snopet.ma\/market\/wp-json\/wp\/v2\/product"}],"about":[{"href":"https:\/\/snopet.ma\/market\/wp-json\/wp\/v2\/types\/product"}],"replies":[{"embeddable":true,"href":"https:\/\/snopet.ma\/market\/wp-json\/wp\/v2\/comments?post=6222"}],"wp:featuredmedia":[{"embeddable":true,"href":"https:\/\/snopet.ma\/market\/wp-json\/wp\/v2\/media\/6223"}],"wp:attachment":[{"href":"https:\/\/snopet.ma\/market\/wp-json\/wp\/v2\/media?parent=6222"}],"wp:term":[{"taxonomy":"product_brand","embeddable":true,"href":"https:\/\/snopet.ma\/market\/wp-json\/wp\/v2\/product_brand?post=6222"},{"taxonomy":"product_cat","embeddable":true,"href":"https:\/\/snopet.ma\/market\/wp-json\/wp\/v2\/product_cat?post=6222"},{"taxonomy":"product_tag","embeddable":true,"href":"https:\/\/snopet.ma\/market\/wp-json\/wp\/v2\/product_tag?post=6222"}],"curies":[{"name":"wp","href":"https:\/\/api.w.org\/{rel}","templated":true}]}}