{"id":6177,"date":"2025-11-09T06:14:23","date_gmt":"2025-11-09T06:14:23","guid":{"rendered":"https:\/\/snopet.ma\/market\/?post_type=product&#038;p=6177"},"modified":"2025-11-09T06:14:24","modified_gmt":"2025-11-09T06:14:24","slug":"brit-care-soupe-chat-au-poulet","status":"publish","type":"product","link":"https:\/\/snopet.ma\/market\/produit\/brit-care-soupe-chat-au-poulet\/","title":{"rendered":"Brit Care Cat Soup au Poulet \u2014 Soupe pour Chats 75\u202f Gr"},"content":{"rendered":"","protected":false},"excerpt":{"rendered":"<p>Soupe naturelle au poulet pour chats, id\u00e9ale pour l\u2019hydratation et la gourmandise quotidienne. Sans c\u00e9r\u00e9ales, riche en viande tendre et bouillon savoureux. Favorise la digestion et compl\u00e8te parfaitement l\u2019alimentation s\u00e8che. Format pratique de 75\u202fg, pr\u00eat \u00e0 servir.<\/p>\n","protected":false},"featured_media":6178,"comment_status":"open","ping_status":"closed","template":"","meta":{"_acf_changed":false},"product_brand":[516],"product_cat":[266,273,274],"product_tag":[602,520,534,604,603,444,542,605,517,601],"class_list":{"0":"post-6177","1":"product","2":"type-product","3":"status-publish","4":"has-post-thumbnail","6":"product_brand-brit","7":"product_cat-chats","8":"product_cat-croquettes-pates-chat","9":"product_cat-patees-nourriture-humide-chat","10":"product_tag-alimentation-humide","11":"product_tag-brit-care","12":"product_tag-digestion-douce","13":"product_tag-gourmandise-naturelle","14":"product_tag-hydratation-feline","15":"product_tag-livraison-maroc","16":"product_tag-poulet","17":"product_tag-sachet-75g","18":"product_tag-sans-cereales","19":"product_tag-soupe-chat","21":"first","22":"instock","23":"purchasable","24":"product-type-simple"},"acf":[],"yoast_head":"<!-- This site is optimized with the Yoast SEO plugin v27.4 - https:\/\/yoast.com\/product\/yoast-seo-wordpress\/ -->\n<title>Soupe chat Brit Care \u2014 Poulet Naturel<\/title>\n<meta name=\"description\" content=\"Brit Care Cat Soup Poulet 75\u202fg \u2014 soupe naturelle sans c\u00e9r\u00e9ales pour chats. Hydratation, go\u00fbt tendre et digestion douce. Livraison rapide au Maroc.\" \/>\n<meta name=\"robots\" content=\"index, follow, max-snippet:-1, max-image-preview:large, max-video-preview:-1\" \/>\n<link rel=\"canonical\" href=\"https:\/\/snopet.ma\/market\/produit\/brit-care-soupe-chat-au-poulet\/\" \/>\n<meta property=\"og:locale\" content=\"fr_FR\" \/>\n<meta property=\"og:type\" content=\"article\" \/>\n<meta property=\"og:title\" content=\"Brit Care Cat Soup Poulet \u2014 Soupe Naturelle Sans C\u00e9r\u00e9ales pour Chats (75\u202fg)\" \/>\n<meta property=\"og:description\" content=\"Brit Care Cat Soup Poulet 75\u202fg \u2014 soupe naturelle sans c\u00e9r\u00e9ales pour chats. Hydratation, go\u00fbt tendre et digestion douce. Livraison rapide au Maroc.\" \/>\n<meta property=\"og:url\" content=\"https:\/\/snopet.ma\/market\/produit\/brit-care-soupe-chat-au-poulet\/\" \/>\n<meta property=\"og:site_name\" content=\"Animalerie en ligne : nourriture, accessoires | Snopet\" \/>\n<meta property=\"article:modified_time\" content=\"2025-11-09T06:14:24+00:00\" \/>\n<meta property=\"og:image\" content=\"https:\/\/snopet.ma\/market\/wp-content\/uploads\/sites\/2\/2025\/11\/Brit-Care-Cat-Pouch-CHOICE-CHICKEN-in-Gravy.jpg\" \/>\n\t<meta property=\"og:image:width\" content=\"800\" \/>\n\t<meta property=\"og:image:height\" content=\"800\" \/>\n\t<meta property=\"og:image:type\" content=\"image\/jpeg\" \/>\n<meta name=\"twitter:card\" content=\"summary_large_image\" \/>\n<meta name=\"twitter:label1\" content=\"Dur\u00e9e de lecture estim\u00e9e\" \/>\n\t<meta name=\"twitter:data1\" content=\"1 minute\" \/>\n<script type=\"application\/ld+json\" class=\"yoast-schema-graph\">{\"@context\":\"https:\\\/\\\/schema.org\",\"@graph\":[{\"@type\":\"WebPage\",\"@id\":\"https:\\\/\\\/snopet.ma\\\/market\\\/produit\\\/brit-care-soupe-chat-au-poulet\\\/\",\"url\":\"https:\\\/\\\/snopet.ma\\\/market\\\/produit\\\/brit-care-soupe-chat-au-poulet\\\/\",\"name\":\"Soupe chat Brit Care \u2014 Poulet Naturel\",\"isPartOf\":{\"@id\":\"https:\\\/\\\/snopet.ma\\\/market\\\/#website\"},\"primaryImageOfPage\":{\"@id\":\"https:\\\/\\\/snopet.ma\\\/market\\\/produit\\\/brit-care-soupe-chat-au-poulet\\\/#primaryimage\"},\"image\":{\"@id\":\"https:\\\/\\\/snopet.ma\\\/market\\\/produit\\\/brit-care-soupe-chat-au-poulet\\\/#primaryimage\"},\"thumbnailUrl\":\"https:\\\/\\\/snopet.ma\\\/market\\\/wp-content\\\/uploads\\\/sites\\\/2\\\/2025\\\/11\\\/Brit-Care-Cat-Pouch-CHOICE-CHICKEN-in-Gravy.jpg\",\"datePublished\":\"2025-11-09T06:14:23+00:00\",\"dateModified\":\"2025-11-09T06:14:24+00:00\",\"description\":\"Brit Care Cat Soup Poulet 75\u202fg \u2014 soupe naturelle sans c\u00e9r\u00e9ales pour chats. Hydratation, go\u00fbt tendre et digestion douce. Livraison rapide au Maroc.\",\"breadcrumb\":{\"@id\":\"https:\\\/\\\/snopet.ma\\\/market\\\/produit\\\/brit-care-soupe-chat-au-poulet\\\/#breadcrumb\"},\"inLanguage\":\"fr-FR\",\"potentialAction\":[{\"@type\":\"ReadAction\",\"target\":[\"https:\\\/\\\/snopet.ma\\\/market\\\/produit\\\/brit-care-soupe-chat-au-poulet\\\/\"]}]},{\"@type\":\"ImageObject\",\"inLanguage\":\"fr-FR\",\"@id\":\"https:\\\/\\\/snopet.ma\\\/market\\\/produit\\\/brit-care-soupe-chat-au-poulet\\\/#primaryimage\",\"url\":\"https:\\\/\\\/snopet.ma\\\/market\\\/wp-content\\\/uploads\\\/sites\\\/2\\\/2025\\\/11\\\/Brit-Care-Cat-Pouch-CHOICE-CHICKEN-in-Gravy.jpg\",\"contentUrl\":\"https:\\\/\\\/snopet.ma\\\/market\\\/wp-content\\\/uploads\\\/sites\\\/2\\\/2025\\\/11\\\/Brit-Care-Cat-Pouch-CHOICE-CHICKEN-in-Gravy.jpg\",\"width\":800,\"height\":800,\"caption\":\"Soupe Brit Care Poulet 75\u202fg \u2014 alimentation humide naturelle pour chats\"},{\"@type\":\"BreadcrumbList\",\"@id\":\"https:\\\/\\\/snopet.ma\\\/market\\\/produit\\\/brit-care-soupe-chat-au-poulet\\\/#breadcrumb\",\"itemListElement\":[{\"@type\":\"ListItem\",\"position\":1,\"name\":\"Home\",\"item\":\"https:\\\/\\\/snopet.ma\\\/market\\\/\"},{\"@type\":\"ListItem\",\"position\":2,\"name\":\"index\",\"item\":\"https:\\\/\\\/snopet.ma\\\/market\\\/\"},{\"@type\":\"ListItem\",\"position\":3,\"name\":\"Brit Care Cat Soup au Poulet \u2014 Soupe pour Chats 75\u202f Gr\"}]},{\"@type\":\"WebSite\",\"@id\":\"https:\\\/\\\/snopet.ma\\\/market\\\/#website\",\"url\":\"https:\\\/\\\/snopet.ma\\\/market\\\/\",\"name\":\"Animalerie en ligne : nourriture, accessoires | Snopet\",\"description\":\"\",\"publisher\":{\"@id\":\"https:\\\/\\\/snopet.ma\\\/market\\\/#organization\"},\"potentialAction\":[{\"@type\":\"SearchAction\",\"target\":{\"@type\":\"EntryPoint\",\"urlTemplate\":\"https:\\\/\\\/snopet.ma\\\/market\\\/?s={search_term_string}\"},\"query-input\":{\"@type\":\"PropertyValueSpecification\",\"valueRequired\":true,\"valueName\":\"search_term_string\"}}],\"inLanguage\":\"fr-FR\"},{\"@type\":\"Organization\",\"@id\":\"https:\\\/\\\/snopet.ma\\\/market\\\/#organization\",\"name\":\"MYHA WEB & TRADE\",\"url\":\"https:\\\/\\\/snopet.ma\\\/market\\\/\",\"logo\":{\"@type\":\"ImageObject\",\"inLanguage\":\"fr-FR\",\"@id\":\"https:\\\/\\\/snopet.ma\\\/market\\\/#\\\/schema\\\/logo\\\/image\\\/\",\"url\":\"https:\\\/\\\/snopet.ma\\\/market\\\/wp-content\\\/uploads\\\/sites\\\/2\\\/2025\\\/08\\\/cropped-snopet-logo.png\",\"contentUrl\":\"https:\\\/\\\/snopet.ma\\\/market\\\/wp-content\\\/uploads\\\/sites\\\/2\\\/2025\\\/08\\\/cropped-snopet-logo.png\",\"width\":555,\"height\":183,\"caption\":\"MYHA WEB & TRADE\"},\"image\":{\"@id\":\"https:\\\/\\\/snopet.ma\\\/market\\\/#\\\/schema\\\/logo\\\/image\\\/\"}}]}<\/script>\n<!-- \/ Yoast SEO plugin. -->","yoast_head_json":{"title":"Soupe chat Brit Care \u2014 Poulet Naturel","description":"Brit Care Cat Soup Poulet 75\u202fg \u2014 soupe naturelle sans c\u00e9r\u00e9ales pour chats. Hydratation, go\u00fbt tendre et digestion douce. Livraison rapide au Maroc.","robots":{"index":"index","follow":"follow","max-snippet":"max-snippet:-1","max-image-preview":"max-image-preview:large","max-video-preview":"max-video-preview:-1"},"canonical":"https:\/\/snopet.ma\/market\/produit\/brit-care-soupe-chat-au-poulet\/","og_locale":"fr_FR","og_type":"article","og_title":"Brit Care Cat Soup Poulet \u2014 Soupe Naturelle Sans C\u00e9r\u00e9ales pour Chats (75\u202fg)","og_description":"Brit Care Cat Soup Poulet 75\u202fg \u2014 soupe naturelle sans c\u00e9r\u00e9ales pour chats. Hydratation, go\u00fbt tendre et digestion douce. Livraison rapide au Maroc.","og_url":"https:\/\/snopet.ma\/market\/produit\/brit-care-soupe-chat-au-poulet\/","og_site_name":"Animalerie en ligne : nourriture, accessoires | Snopet","article_modified_time":"2025-11-09T06:14:24+00:00","og_image":[{"width":800,"height":800,"url":"https:\/\/snopet.ma\/market\/wp-content\/uploads\/sites\/2\/2025\/11\/Brit-Care-Cat-Pouch-CHOICE-CHICKEN-in-Gravy.jpg","type":"image\/jpeg"}],"twitter_card":"summary_large_image","twitter_misc":{"Dur\u00e9e de lecture estim\u00e9e":"1 minute"},"schema":{"@context":"https:\/\/schema.org","@graph":[{"@type":"WebPage","@id":"https:\/\/snopet.ma\/market\/produit\/brit-care-soupe-chat-au-poulet\/","url":"https:\/\/snopet.ma\/market\/produit\/brit-care-soupe-chat-au-poulet\/","name":"Soupe chat Brit Care \u2014 Poulet Naturel","isPartOf":{"@id":"https:\/\/snopet.ma\/market\/#website"},"primaryImageOfPage":{"@id":"https:\/\/snopet.ma\/market\/produit\/brit-care-soupe-chat-au-poulet\/#primaryimage"},"image":{"@id":"https:\/\/snopet.ma\/market\/produit\/brit-care-soupe-chat-au-poulet\/#primaryimage"},"thumbnailUrl":"https:\/\/snopet.ma\/market\/wp-content\/uploads\/sites\/2\/2025\/11\/Brit-Care-Cat-Pouch-CHOICE-CHICKEN-in-Gravy.jpg","datePublished":"2025-11-09T06:14:23+00:00","dateModified":"2025-11-09T06:14:24+00:00","description":"Brit Care Cat Soup Poulet 75\u202fg \u2014 soupe naturelle sans c\u00e9r\u00e9ales pour chats. Hydratation, go\u00fbt tendre et digestion douce. Livraison rapide au Maroc.","breadcrumb":{"@id":"https:\/\/snopet.ma\/market\/produit\/brit-care-soupe-chat-au-poulet\/#breadcrumb"},"inLanguage":"fr-FR","potentialAction":[{"@type":"ReadAction","target":["https:\/\/snopet.ma\/market\/produit\/brit-care-soupe-chat-au-poulet\/"]}]},{"@type":"ImageObject","inLanguage":"fr-FR","@id":"https:\/\/snopet.ma\/market\/produit\/brit-care-soupe-chat-au-poulet\/#primaryimage","url":"https:\/\/snopet.ma\/market\/wp-content\/uploads\/sites\/2\/2025\/11\/Brit-Care-Cat-Pouch-CHOICE-CHICKEN-in-Gravy.jpg","contentUrl":"https:\/\/snopet.ma\/market\/wp-content\/uploads\/sites\/2\/2025\/11\/Brit-Care-Cat-Pouch-CHOICE-CHICKEN-in-Gravy.jpg","width":800,"height":800,"caption":"Soupe Brit Care Poulet 75\u202fg \u2014 alimentation humide naturelle pour chats"},{"@type":"BreadcrumbList","@id":"https:\/\/snopet.ma\/market\/produit\/brit-care-soupe-chat-au-poulet\/#breadcrumb","itemListElement":[{"@type":"ListItem","position":1,"name":"Home","item":"https:\/\/snopet.ma\/market\/"},{"@type":"ListItem","position":2,"name":"index","item":"https:\/\/snopet.ma\/market\/"},{"@type":"ListItem","position":3,"name":"Brit Care Cat Soup au Poulet \u2014 Soupe pour Chats 75\u202f Gr"}]},{"@type":"WebSite","@id":"https:\/\/snopet.ma\/market\/#website","url":"https:\/\/snopet.ma\/market\/","name":"Animalerie en ligne : nourriture, accessoires | Snopet","description":"","publisher":{"@id":"https:\/\/snopet.ma\/market\/#organization"},"potentialAction":[{"@type":"SearchAction","target":{"@type":"EntryPoint","urlTemplate":"https:\/\/snopet.ma\/market\/?s={search_term_string}"},"query-input":{"@type":"PropertyValueSpecification","valueRequired":true,"valueName":"search_term_string"}}],"inLanguage":"fr-FR"},{"@type":"Organization","@id":"https:\/\/snopet.ma\/market\/#organization","name":"MYHA WEB & TRADE","url":"https:\/\/snopet.ma\/market\/","logo":{"@type":"ImageObject","inLanguage":"fr-FR","@id":"https:\/\/snopet.ma\/market\/#\/schema\/logo\/image\/","url":"https:\/\/snopet.ma\/market\/wp-content\/uploads\/sites\/2\/2025\/08\/cropped-snopet-logo.png","contentUrl":"https:\/\/snopet.ma\/market\/wp-content\/uploads\/sites\/2\/2025\/08\/cropped-snopet-logo.png","width":555,"height":183,"caption":"MYHA WEB & TRADE"},"image":{"@id":"https:\/\/snopet.ma\/market\/#\/schema\/logo\/image\/"}}]}},"_links":{"self":[{"href":"https:\/\/snopet.ma\/market\/wp-json\/wp\/v2\/product\/6177","targetHints":{"allow":["GET"]}}],"collection":[{"href":"https:\/\/snopet.ma\/market\/wp-json\/wp\/v2\/product"}],"about":[{"href":"https:\/\/snopet.ma\/market\/wp-json\/wp\/v2\/types\/product"}],"replies":[{"embeddable":true,"href":"https:\/\/snopet.ma\/market\/wp-json\/wp\/v2\/comments?post=6177"}],"wp:featuredmedia":[{"embeddable":true,"href":"https:\/\/snopet.ma\/market\/wp-json\/wp\/v2\/media\/6178"}],"wp:attachment":[{"href":"https:\/\/snopet.ma\/market\/wp-json\/wp\/v2\/media?parent=6177"}],"wp:term":[{"taxonomy":"product_brand","embeddable":true,"href":"https:\/\/snopet.ma\/market\/wp-json\/wp\/v2\/product_brand?post=6177"},{"taxonomy":"product_cat","embeddable":true,"href":"https:\/\/snopet.ma\/market\/wp-json\/wp\/v2\/product_cat?post=6177"},{"taxonomy":"product_tag","embeddable":true,"href":"https:\/\/snopet.ma\/market\/wp-json\/wp\/v2\/product_tag?post=6177"}],"curies":[{"name":"wp","href":"https:\/\/api.w.org\/{rel}","templated":true}]}}