{"id":6162,"date":"2025-11-09T04:22:39","date_gmt":"2025-11-09T04:22:39","guid":{"rendered":"https:\/\/snopet.ma\/market\/?post_type=product&#038;p=6162"},"modified":"2025-11-09T04:22:40","modified_gmt":"2025-11-09T04:22:40","slug":"brit-care-snack-chat-superfruits-poulet","status":"publish","type":"product","link":"https:\/\/snopet.ma\/market\/produit\/brit-care-snack-chat-superfruits-poulet\/","title":{"rendered":"Brit Care Snack Superfruits Poulet \u2014 Friandise Sant\u00e9 pour Chats"},"content":{"rendered":"","protected":false},"excerpt":{"rendered":"<p>Friandise fonctionnelle au poulet et superfruits pour chats. Riche en antioxydants naturels pour renforcer l\u2019immunit\u00e9 et la vitalit\u00e9. Sans c\u00e9r\u00e9ales, sans colorants ni conservateurs. Texture tendre et go\u00fbt irr\u00e9sistible, id\u00e9ale comme r\u00e9compense saine et savoureuse.<\/p>\n","protected":false},"featured_media":6163,"comment_status":"open","ping_status":"closed","template":"","meta":{"_acf_changed":false},"product_brand":[516],"product_cat":[266,278],"product_tag":[591,520,578,580,444,581,517,560,548,590],"class_list":{"0":"post-6162","1":"product","2":"type-product","3":"status-publish","4":"has-post-thumbnail","6":"product_brand-brit","7":"product_cat-chats","8":"product_cat-friandises-jouets-chat","9":"product_tag-antioxydants","10":"product_tag-brit-care","11":"product_tag-friandise-poulet","12":"product_tag-haute-appetence","13":"product_tag-livraison-maroc","14":"product_tag-recompense-chat","15":"product_tag-sans-cereales","16":"product_tag-sante-feline","17":"product_tag-snack-chat","18":"product_tag-superfruits","20":"first","21":"instock","22":"purchasable","23":"product-type-simple"},"acf":[],"yoast_head":"<!-- This site is optimized with the Yoast SEO plugin v27.4 - https:\/\/yoast.com\/product\/yoast-seo-wordpress\/ -->\n<title>Snack chat Brit Care \u2014 Poulet &amp; Superfruits<\/title>\n<meta name=\"description\" content=\"Brit Care Superfruits Poulet \u2014 friandise naturelle pour chats. Riche en antioxydants, sans c\u00e9r\u00e9ales. Livraison rapide au Maroc.\" \/>\n<meta name=\"robots\" content=\"index, follow, max-snippet:-1, max-image-preview:large, max-video-preview:-1\" \/>\n<link rel=\"canonical\" href=\"https:\/\/snopet.ma\/market\/produit\/brit-care-snack-chat-superfruits-poulet\/\" \/>\n<meta property=\"og:locale\" content=\"fr_FR\" \/>\n<meta property=\"og:type\" content=\"article\" \/>\n<meta property=\"og:title\" content=\"Brit Care Snack Superfruits Poulet \u2014 Friandise Naturelle &amp; Antioxydante pour Chats\" \/>\n<meta property=\"og:description\" content=\"Brit Care Superfruits Poulet \u2014 friandise naturelle pour chats. Riche en antioxydants, sans c\u00e9r\u00e9ales. Livraison rapide au Maroc.\" \/>\n<meta property=\"og:url\" content=\"https:\/\/snopet.ma\/market\/produit\/brit-care-snack-chat-superfruits-poulet\/\" \/>\n<meta property=\"og:site_name\" content=\"Animalerie en ligne : nourriture, accessoires | Snopet\" \/>\n<meta property=\"article:modified_time\" content=\"2025-11-09T04:22:40+00:00\" \/>\n<meta property=\"og:image\" content=\"https:\/\/snopet.ma\/market\/wp-content\/uploads\/sites\/2\/2025\/11\/Brit-Care-Cat-Snack-Superfruits-Chicken-.jpg\" \/>\n\t<meta property=\"og:image:width\" content=\"800\" \/>\n\t<meta property=\"og:image:height\" content=\"800\" \/>\n\t<meta property=\"og:image:type\" content=\"image\/jpeg\" \/>\n<meta name=\"twitter:card\" content=\"summary_large_image\" \/>\n<meta name=\"twitter:label1\" content=\"Dur\u00e9e de lecture estim\u00e9e\" \/>\n\t<meta name=\"twitter:data1\" content=\"1 minute\" \/>\n<script type=\"application\/ld+json\" class=\"yoast-schema-graph\">{\"@context\":\"https:\\\/\\\/schema.org\",\"@graph\":[{\"@type\":\"WebPage\",\"@id\":\"https:\\\/\\\/snopet.ma\\\/market\\\/produit\\\/brit-care-snack-chat-superfruits-poulet\\\/\",\"url\":\"https:\\\/\\\/snopet.ma\\\/market\\\/produit\\\/brit-care-snack-chat-superfruits-poulet\\\/\",\"name\":\"Snack chat Brit Care \u2014 Poulet & Superfruits\",\"isPartOf\":{\"@id\":\"https:\\\/\\\/snopet.ma\\\/market\\\/#website\"},\"primaryImageOfPage\":{\"@id\":\"https:\\\/\\\/snopet.ma\\\/market\\\/produit\\\/brit-care-snack-chat-superfruits-poulet\\\/#primaryimage\"},\"image\":{\"@id\":\"https:\\\/\\\/snopet.ma\\\/market\\\/produit\\\/brit-care-snack-chat-superfruits-poulet\\\/#primaryimage\"},\"thumbnailUrl\":\"https:\\\/\\\/snopet.ma\\\/market\\\/wp-content\\\/uploads\\\/sites\\\/2\\\/2025\\\/11\\\/Brit-Care-Cat-Snack-Superfruits-Chicken-.jpg\",\"datePublished\":\"2025-11-09T04:22:39+00:00\",\"dateModified\":\"2025-11-09T04:22:40+00:00\",\"description\":\"Brit Care Superfruits Poulet \u2014 friandise naturelle pour chats. Riche en antioxydants, sans c\u00e9r\u00e9ales. Livraison rapide au Maroc.\",\"breadcrumb\":{\"@id\":\"https:\\\/\\\/snopet.ma\\\/market\\\/produit\\\/brit-care-snack-chat-superfruits-poulet\\\/#breadcrumb\"},\"inLanguage\":\"fr-FR\",\"potentialAction\":[{\"@type\":\"ReadAction\",\"target\":[\"https:\\\/\\\/snopet.ma\\\/market\\\/produit\\\/brit-care-snack-chat-superfruits-poulet\\\/\"]}]},{\"@type\":\"ImageObject\",\"inLanguage\":\"fr-FR\",\"@id\":\"https:\\\/\\\/snopet.ma\\\/market\\\/produit\\\/brit-care-snack-chat-superfruits-poulet\\\/#primaryimage\",\"url\":\"https:\\\/\\\/snopet.ma\\\/market\\\/wp-content\\\/uploads\\\/sites\\\/2\\\/2025\\\/11\\\/Brit-Care-Cat-Snack-Superfruits-Chicken-.jpg\",\"contentUrl\":\"https:\\\/\\\/snopet.ma\\\/market\\\/wp-content\\\/uploads\\\/sites\\\/2\\\/2025\\\/11\\\/Brit-Care-Cat-Snack-Superfruits-Chicken-.jpg\",\"width\":800,\"height\":800,\"caption\":\"Friandise Brit Care Superfruits Poulet \u2014 snack naturel pour chats\"},{\"@type\":\"BreadcrumbList\",\"@id\":\"https:\\\/\\\/snopet.ma\\\/market\\\/produit\\\/brit-care-snack-chat-superfruits-poulet\\\/#breadcrumb\",\"itemListElement\":[{\"@type\":\"ListItem\",\"position\":1,\"name\":\"Home\",\"item\":\"https:\\\/\\\/snopet.ma\\\/market\\\/\"},{\"@type\":\"ListItem\",\"position\":2,\"name\":\"Shop\",\"item\":\"https:\\\/\\\/snopet.ma\\\/market\\\/shop\\\/\"},{\"@type\":\"ListItem\",\"position\":3,\"name\":\"Brit Care Snack Superfruits Poulet \u2014 Friandise Sant\u00e9 pour Chats\"}]},{\"@type\":\"WebSite\",\"@id\":\"https:\\\/\\\/snopet.ma\\\/market\\\/#website\",\"url\":\"https:\\\/\\\/snopet.ma\\\/market\\\/\",\"name\":\"Animalerie en ligne : nourriture, accessoires | Snopet\",\"description\":\"\",\"publisher\":{\"@id\":\"https:\\\/\\\/snopet.ma\\\/market\\\/#organization\"},\"potentialAction\":[{\"@type\":\"SearchAction\",\"target\":{\"@type\":\"EntryPoint\",\"urlTemplate\":\"https:\\\/\\\/snopet.ma\\\/market\\\/?s={search_term_string}\"},\"query-input\":{\"@type\":\"PropertyValueSpecification\",\"valueRequired\":true,\"valueName\":\"search_term_string\"}}],\"inLanguage\":\"fr-FR\"},{\"@type\":\"Organization\",\"@id\":\"https:\\\/\\\/snopet.ma\\\/market\\\/#organization\",\"name\":\"MYHA WEB & TRADE\",\"url\":\"https:\\\/\\\/snopet.ma\\\/market\\\/\",\"logo\":{\"@type\":\"ImageObject\",\"inLanguage\":\"fr-FR\",\"@id\":\"https:\\\/\\\/snopet.ma\\\/market\\\/#\\\/schema\\\/logo\\\/image\\\/\",\"url\":\"https:\\\/\\\/snopet.ma\\\/market\\\/wp-content\\\/uploads\\\/sites\\\/2\\\/2025\\\/08\\\/cropped-snopet-logo.png\",\"contentUrl\":\"https:\\\/\\\/snopet.ma\\\/market\\\/wp-content\\\/uploads\\\/sites\\\/2\\\/2025\\\/08\\\/cropped-snopet-logo.png\",\"width\":555,\"height\":183,\"caption\":\"MYHA WEB & TRADE\"},\"image\":{\"@id\":\"https:\\\/\\\/snopet.ma\\\/market\\\/#\\\/schema\\\/logo\\\/image\\\/\"}}]}<\/script>\n<!-- \/ Yoast SEO plugin. -->","yoast_head_json":{"title":"Snack chat Brit Care \u2014 Poulet & Superfruits","description":"Brit Care Superfruits Poulet \u2014 friandise naturelle pour chats. Riche en antioxydants, sans c\u00e9r\u00e9ales. Livraison rapide au Maroc.","robots":{"index":"index","follow":"follow","max-snippet":"max-snippet:-1","max-image-preview":"max-image-preview:large","max-video-preview":"max-video-preview:-1"},"canonical":"https:\/\/snopet.ma\/market\/produit\/brit-care-snack-chat-superfruits-poulet\/","og_locale":"fr_FR","og_type":"article","og_title":"Brit Care Snack Superfruits Poulet \u2014 Friandise Naturelle & Antioxydante pour Chats","og_description":"Brit Care Superfruits Poulet \u2014 friandise naturelle pour chats. Riche en antioxydants, sans c\u00e9r\u00e9ales. Livraison rapide au Maroc.","og_url":"https:\/\/snopet.ma\/market\/produit\/brit-care-snack-chat-superfruits-poulet\/","og_site_name":"Animalerie en ligne : nourriture, accessoires | Snopet","article_modified_time":"2025-11-09T04:22:40+00:00","og_image":[{"width":800,"height":800,"url":"https:\/\/snopet.ma\/market\/wp-content\/uploads\/sites\/2\/2025\/11\/Brit-Care-Cat-Snack-Superfruits-Chicken-.jpg","type":"image\/jpeg"}],"twitter_card":"summary_large_image","twitter_misc":{"Dur\u00e9e de lecture estim\u00e9e":"1 minute"},"schema":{"@context":"https:\/\/schema.org","@graph":[{"@type":"WebPage","@id":"https:\/\/snopet.ma\/market\/produit\/brit-care-snack-chat-superfruits-poulet\/","url":"https:\/\/snopet.ma\/market\/produit\/brit-care-snack-chat-superfruits-poulet\/","name":"Snack chat Brit Care \u2014 Poulet & Superfruits","isPartOf":{"@id":"https:\/\/snopet.ma\/market\/#website"},"primaryImageOfPage":{"@id":"https:\/\/snopet.ma\/market\/produit\/brit-care-snack-chat-superfruits-poulet\/#primaryimage"},"image":{"@id":"https:\/\/snopet.ma\/market\/produit\/brit-care-snack-chat-superfruits-poulet\/#primaryimage"},"thumbnailUrl":"https:\/\/snopet.ma\/market\/wp-content\/uploads\/sites\/2\/2025\/11\/Brit-Care-Cat-Snack-Superfruits-Chicken-.jpg","datePublished":"2025-11-09T04:22:39+00:00","dateModified":"2025-11-09T04:22:40+00:00","description":"Brit Care Superfruits Poulet \u2014 friandise naturelle pour chats. Riche en antioxydants, sans c\u00e9r\u00e9ales. Livraison rapide au Maroc.","breadcrumb":{"@id":"https:\/\/snopet.ma\/market\/produit\/brit-care-snack-chat-superfruits-poulet\/#breadcrumb"},"inLanguage":"fr-FR","potentialAction":[{"@type":"ReadAction","target":["https:\/\/snopet.ma\/market\/produit\/brit-care-snack-chat-superfruits-poulet\/"]}]},{"@type":"ImageObject","inLanguage":"fr-FR","@id":"https:\/\/snopet.ma\/market\/produit\/brit-care-snack-chat-superfruits-poulet\/#primaryimage","url":"https:\/\/snopet.ma\/market\/wp-content\/uploads\/sites\/2\/2025\/11\/Brit-Care-Cat-Snack-Superfruits-Chicken-.jpg","contentUrl":"https:\/\/snopet.ma\/market\/wp-content\/uploads\/sites\/2\/2025\/11\/Brit-Care-Cat-Snack-Superfruits-Chicken-.jpg","width":800,"height":800,"caption":"Friandise Brit Care Superfruits Poulet \u2014 snack naturel pour chats"},{"@type":"BreadcrumbList","@id":"https:\/\/snopet.ma\/market\/produit\/brit-care-snack-chat-superfruits-poulet\/#breadcrumb","itemListElement":[{"@type":"ListItem","position":1,"name":"Home","item":"https:\/\/snopet.ma\/market\/"},{"@type":"ListItem","position":2,"name":"Shop","item":"https:\/\/snopet.ma\/market\/shop\/"},{"@type":"ListItem","position":3,"name":"Brit Care Snack Superfruits Poulet \u2014 Friandise Sant\u00e9 pour Chats"}]},{"@type":"WebSite","@id":"https:\/\/snopet.ma\/market\/#website","url":"https:\/\/snopet.ma\/market\/","name":"Animalerie en ligne : nourriture, accessoires | Snopet","description":"","publisher":{"@id":"https:\/\/snopet.ma\/market\/#organization"},"potentialAction":[{"@type":"SearchAction","target":{"@type":"EntryPoint","urlTemplate":"https:\/\/snopet.ma\/market\/?s={search_term_string}"},"query-input":{"@type":"PropertyValueSpecification","valueRequired":true,"valueName":"search_term_string"}}],"inLanguage":"fr-FR"},{"@type":"Organization","@id":"https:\/\/snopet.ma\/market\/#organization","name":"MYHA WEB & TRADE","url":"https:\/\/snopet.ma\/market\/","logo":{"@type":"ImageObject","inLanguage":"fr-FR","@id":"https:\/\/snopet.ma\/market\/#\/schema\/logo\/image\/","url":"https:\/\/snopet.ma\/market\/wp-content\/uploads\/sites\/2\/2025\/08\/cropped-snopet-logo.png","contentUrl":"https:\/\/snopet.ma\/market\/wp-content\/uploads\/sites\/2\/2025\/08\/cropped-snopet-logo.png","width":555,"height":183,"caption":"MYHA WEB & TRADE"},"image":{"@id":"https:\/\/snopet.ma\/market\/#\/schema\/logo\/image\/"}}]}},"_links":{"self":[{"href":"https:\/\/snopet.ma\/market\/wp-json\/wp\/v2\/product\/6162","targetHints":{"allow":["GET"]}}],"collection":[{"href":"https:\/\/snopet.ma\/market\/wp-json\/wp\/v2\/product"}],"about":[{"href":"https:\/\/snopet.ma\/market\/wp-json\/wp\/v2\/types\/product"}],"replies":[{"embeddable":true,"href":"https:\/\/snopet.ma\/market\/wp-json\/wp\/v2\/comments?post=6162"}],"wp:featuredmedia":[{"embeddable":true,"href":"https:\/\/snopet.ma\/market\/wp-json\/wp\/v2\/media\/6163"}],"wp:attachment":[{"href":"https:\/\/snopet.ma\/market\/wp-json\/wp\/v2\/media?parent=6162"}],"wp:term":[{"taxonomy":"product_brand","embeddable":true,"href":"https:\/\/snopet.ma\/market\/wp-json\/wp\/v2\/product_brand?post=6162"},{"taxonomy":"product_cat","embeddable":true,"href":"https:\/\/snopet.ma\/market\/wp-json\/wp\/v2\/product_cat?post=6162"},{"taxonomy":"product_tag","embeddable":true,"href":"https:\/\/snopet.ma\/market\/wp-json\/wp\/v2\/product_tag?post=6162"}],"curies":[{"name":"wp","href":"https:\/\/api.w.org\/{rel}","templated":true}]}}