{"id":6157,"date":"2025-11-09T04:07:13","date_gmt":"2025-11-09T04:07:13","guid":{"rendered":"https:\/\/snopet.ma\/market\/?post_type=product&#038;p=6157"},"modified":"2025-11-09T04:09:30","modified_gmt":"2025-11-09T04:09:30","slug":"brit-care-snack-chat-meaty-thon","status":"publish","type":"product","link":"https:\/\/snopet.ma\/market\/produit\/brit-care-snack-chat-meaty-thon\/","title":{"rendered":"Brit Care Snack Meaty Thon \u2014 Friandise Sans C\u00e9r\u00e9ales pour Chats"},"content":{"rendered":"","protected":false},"excerpt":{"rendered":"<p>Friandise naturelle au thon pour chats adultes et chatons. Riche en prot\u00e9ines digestes, sans c\u00e9r\u00e9ales, sans colorants ni conservateurs. Texture tendre et go\u00fbt irr\u00e9sistible pour une r\u00e9compense saine et savoureuse. Id\u00e9ale pour varier l\u2019alimentation et renforcer le lien avec votre chat.<\/p>\n","protected":false},"featured_media":6159,"comment_status":"open","ping_status":"closed","template":"","meta":{"_acf_changed":false},"product_brand":[516],"product_cat":[266,278],"product_tag":[520,586,579,585,580,444,581,517,548],"class_list":{"0":"post-6157","1":"product","2":"type-product","3":"status-publish","4":"has-post-thumbnail","6":"product_brand-brit","7":"product_cat-chats","8":"product_cat-friandises-jouets-chat","9":"product_tag-brit-care","10":"product_tag-digestion-saine","11":"product_tag-friandise-naturelle","12":"product_tag-friandise-thon","13":"product_tag-haute-appetence","14":"product_tag-livraison-maroc","15":"product_tag-recompense-chat","16":"product_tag-sans-cereales","17":"product_tag-snack-chat","19":"first","20":"instock","21":"purchasable","22":"product-type-simple"},"acf":[],"yoast_head":"<!-- This site is optimized with the Yoast SEO plugin v27.4 - https:\/\/yoast.com\/product\/yoast-seo-wordpress\/ -->\n<title>Snack chat Brit Care Meaty \u2014 Thon Naturel<\/title>\n<meta name=\"description\" content=\"Brit Care Meaty Thon \u2014 friandise naturelle pour chats. Riche en prot\u00e9ines, sans c\u00e9r\u00e9ales. Livraison rapide au Maroc.\" \/>\n<meta name=\"robots\" content=\"index, follow, max-snippet:-1, max-image-preview:large, max-video-preview:-1\" \/>\n<link rel=\"canonical\" href=\"https:\/\/snopet.ma\/market\/produit\/brit-care-snack-chat-meaty-thon\/\" \/>\n<meta property=\"og:locale\" content=\"fr_FR\" \/>\n<meta property=\"og:type\" content=\"article\" \/>\n<meta property=\"og:title\" content=\"Brit Care Snack Meaty Thon \u2014 Friandise Sans C\u00e9r\u00e9ales pour Chats\" \/>\n<meta property=\"og:description\" content=\"Brit Care Meaty Thon \u2014 friandise naturelle pour chats. Riche en prot\u00e9ines, sans c\u00e9r\u00e9ales. Livraison rapide au Maroc.\" \/>\n<meta property=\"og:url\" content=\"https:\/\/snopet.ma\/market\/produit\/brit-care-snack-chat-meaty-thon\/\" \/>\n<meta property=\"og:site_name\" content=\"Animalerie en ligne : nourriture, accessoires | Snopet\" \/>\n<meta property=\"article:modified_time\" content=\"2025-11-09T04:09:30+00:00\" \/>\n<meta property=\"og:image\" content=\"https:\/\/snopet.ma\/market\/wp-content\/uploads\/sites\/2\/2025\/11\/Brit-Care-Cat-Snack-Meaty-Tuna.jpg\" \/>\n\t<meta property=\"og:image:width\" content=\"800\" \/>\n\t<meta property=\"og:image:height\" content=\"800\" \/>\n\t<meta property=\"og:image:type\" content=\"image\/jpeg\" \/>\n<meta name=\"twitter:card\" content=\"summary_large_image\" \/>\n<meta name=\"twitter:label1\" content=\"Dur\u00e9e de lecture estim\u00e9e\" \/>\n\t<meta name=\"twitter:data1\" content=\"1 minute\" \/>\n<script type=\"application\/ld+json\" class=\"yoast-schema-graph\">{\"@context\":\"https:\\\/\\\/schema.org\",\"@graph\":[{\"@type\":\"WebPage\",\"@id\":\"https:\\\/\\\/snopet.ma\\\/market\\\/produit\\\/brit-care-snack-chat-meaty-thon\\\/\",\"url\":\"https:\\\/\\\/snopet.ma\\\/market\\\/produit\\\/brit-care-snack-chat-meaty-thon\\\/\",\"name\":\"Snack chat Brit Care Meaty \u2014 Thon Naturel\",\"isPartOf\":{\"@id\":\"https:\\\/\\\/snopet.ma\\\/market\\\/#website\"},\"primaryImageOfPage\":{\"@id\":\"https:\\\/\\\/snopet.ma\\\/market\\\/produit\\\/brit-care-snack-chat-meaty-thon\\\/#primaryimage\"},\"image\":{\"@id\":\"https:\\\/\\\/snopet.ma\\\/market\\\/produit\\\/brit-care-snack-chat-meaty-thon\\\/#primaryimage\"},\"thumbnailUrl\":\"https:\\\/\\\/snopet.ma\\\/market\\\/wp-content\\\/uploads\\\/sites\\\/2\\\/2025\\\/11\\\/Brit-Care-Cat-Snack-Meaty-Tuna.jpg\",\"datePublished\":\"2025-11-09T04:07:13+00:00\",\"dateModified\":\"2025-11-09T04:09:30+00:00\",\"description\":\"Brit Care Meaty Thon \u2014 friandise naturelle pour chats. Riche en prot\u00e9ines, sans c\u00e9r\u00e9ales. Livraison rapide au Maroc.\",\"breadcrumb\":{\"@id\":\"https:\\\/\\\/snopet.ma\\\/market\\\/produit\\\/brit-care-snack-chat-meaty-thon\\\/#breadcrumb\"},\"inLanguage\":\"fr-FR\",\"potentialAction\":[{\"@type\":\"ReadAction\",\"target\":[\"https:\\\/\\\/snopet.ma\\\/market\\\/produit\\\/brit-care-snack-chat-meaty-thon\\\/\"]}]},{\"@type\":\"ImageObject\",\"inLanguage\":\"fr-FR\",\"@id\":\"https:\\\/\\\/snopet.ma\\\/market\\\/produit\\\/brit-care-snack-chat-meaty-thon\\\/#primaryimage\",\"url\":\"https:\\\/\\\/snopet.ma\\\/market\\\/wp-content\\\/uploads\\\/sites\\\/2\\\/2025\\\/11\\\/Brit-Care-Cat-Snack-Meaty-Tuna.jpg\",\"contentUrl\":\"https:\\\/\\\/snopet.ma\\\/market\\\/wp-content\\\/uploads\\\/sites\\\/2\\\/2025\\\/11\\\/Brit-Care-Cat-Snack-Meaty-Tuna.jpg\",\"width\":800,\"height\":800,\"caption\":\"Friandise Brit Care Meaty Thon \u2014 snack naturel pour chats\"},{\"@type\":\"BreadcrumbList\",\"@id\":\"https:\\\/\\\/snopet.ma\\\/market\\\/produit\\\/brit-care-snack-chat-meaty-thon\\\/#breadcrumb\",\"itemListElement\":[{\"@type\":\"ListItem\",\"position\":1,\"name\":\"Home\",\"item\":\"https:\\\/\\\/snopet.ma\\\/market\\\/\"},{\"@type\":\"ListItem\",\"position\":2,\"name\":\"index\",\"item\":\"https:\\\/\\\/snopet.ma\\\/market\\\/\"},{\"@type\":\"ListItem\",\"position\":3,\"name\":\"Brit Care Snack Meaty Thon \u2014 Friandise Sans C\u00e9r\u00e9ales pour Chats\"}]},{\"@type\":\"WebSite\",\"@id\":\"https:\\\/\\\/snopet.ma\\\/market\\\/#website\",\"url\":\"https:\\\/\\\/snopet.ma\\\/market\\\/\",\"name\":\"Animalerie en ligne : nourriture, accessoires | Snopet\",\"description\":\"\",\"publisher\":{\"@id\":\"https:\\\/\\\/snopet.ma\\\/market\\\/#organization\"},\"potentialAction\":[{\"@type\":\"SearchAction\",\"target\":{\"@type\":\"EntryPoint\",\"urlTemplate\":\"https:\\\/\\\/snopet.ma\\\/market\\\/?s={search_term_string}\"},\"query-input\":{\"@type\":\"PropertyValueSpecification\",\"valueRequired\":true,\"valueName\":\"search_term_string\"}}],\"inLanguage\":\"fr-FR\"},{\"@type\":\"Organization\",\"@id\":\"https:\\\/\\\/snopet.ma\\\/market\\\/#organization\",\"name\":\"MYHA WEB & TRADE\",\"url\":\"https:\\\/\\\/snopet.ma\\\/market\\\/\",\"logo\":{\"@type\":\"ImageObject\",\"inLanguage\":\"fr-FR\",\"@id\":\"https:\\\/\\\/snopet.ma\\\/market\\\/#\\\/schema\\\/logo\\\/image\\\/\",\"url\":\"https:\\\/\\\/snopet.ma\\\/market\\\/wp-content\\\/uploads\\\/sites\\\/2\\\/2025\\\/08\\\/cropped-snopet-logo.png\",\"contentUrl\":\"https:\\\/\\\/snopet.ma\\\/market\\\/wp-content\\\/uploads\\\/sites\\\/2\\\/2025\\\/08\\\/cropped-snopet-logo.png\",\"width\":555,\"height\":183,\"caption\":\"MYHA WEB & TRADE\"},\"image\":{\"@id\":\"https:\\\/\\\/snopet.ma\\\/market\\\/#\\\/schema\\\/logo\\\/image\\\/\"}}]}<\/script>\n<!-- \/ Yoast SEO plugin. -->","yoast_head_json":{"title":"Snack chat Brit Care Meaty \u2014 Thon Naturel","description":"Brit Care Meaty Thon \u2014 friandise naturelle pour chats. Riche en prot\u00e9ines, sans c\u00e9r\u00e9ales. Livraison rapide au Maroc.","robots":{"index":"index","follow":"follow","max-snippet":"max-snippet:-1","max-image-preview":"max-image-preview:large","max-video-preview":"max-video-preview:-1"},"canonical":"https:\/\/snopet.ma\/market\/produit\/brit-care-snack-chat-meaty-thon\/","og_locale":"fr_FR","og_type":"article","og_title":"Brit Care Snack Meaty Thon \u2014 Friandise Sans C\u00e9r\u00e9ales pour Chats","og_description":"Brit Care Meaty Thon \u2014 friandise naturelle pour chats. Riche en prot\u00e9ines, sans c\u00e9r\u00e9ales. Livraison rapide au Maroc.","og_url":"https:\/\/snopet.ma\/market\/produit\/brit-care-snack-chat-meaty-thon\/","og_site_name":"Animalerie en ligne : nourriture, accessoires | Snopet","article_modified_time":"2025-11-09T04:09:30+00:00","og_image":[{"width":800,"height":800,"url":"https:\/\/snopet.ma\/market\/wp-content\/uploads\/sites\/2\/2025\/11\/Brit-Care-Cat-Snack-Meaty-Tuna.jpg","type":"image\/jpeg"}],"twitter_card":"summary_large_image","twitter_misc":{"Dur\u00e9e de lecture estim\u00e9e":"1 minute"},"schema":{"@context":"https:\/\/schema.org","@graph":[{"@type":"WebPage","@id":"https:\/\/snopet.ma\/market\/produit\/brit-care-snack-chat-meaty-thon\/","url":"https:\/\/snopet.ma\/market\/produit\/brit-care-snack-chat-meaty-thon\/","name":"Snack chat Brit Care Meaty \u2014 Thon Naturel","isPartOf":{"@id":"https:\/\/snopet.ma\/market\/#website"},"primaryImageOfPage":{"@id":"https:\/\/snopet.ma\/market\/produit\/brit-care-snack-chat-meaty-thon\/#primaryimage"},"image":{"@id":"https:\/\/snopet.ma\/market\/produit\/brit-care-snack-chat-meaty-thon\/#primaryimage"},"thumbnailUrl":"https:\/\/snopet.ma\/market\/wp-content\/uploads\/sites\/2\/2025\/11\/Brit-Care-Cat-Snack-Meaty-Tuna.jpg","datePublished":"2025-11-09T04:07:13+00:00","dateModified":"2025-11-09T04:09:30+00:00","description":"Brit Care Meaty Thon \u2014 friandise naturelle pour chats. Riche en prot\u00e9ines, sans c\u00e9r\u00e9ales. Livraison rapide au Maroc.","breadcrumb":{"@id":"https:\/\/snopet.ma\/market\/produit\/brit-care-snack-chat-meaty-thon\/#breadcrumb"},"inLanguage":"fr-FR","potentialAction":[{"@type":"ReadAction","target":["https:\/\/snopet.ma\/market\/produit\/brit-care-snack-chat-meaty-thon\/"]}]},{"@type":"ImageObject","inLanguage":"fr-FR","@id":"https:\/\/snopet.ma\/market\/produit\/brit-care-snack-chat-meaty-thon\/#primaryimage","url":"https:\/\/snopet.ma\/market\/wp-content\/uploads\/sites\/2\/2025\/11\/Brit-Care-Cat-Snack-Meaty-Tuna.jpg","contentUrl":"https:\/\/snopet.ma\/market\/wp-content\/uploads\/sites\/2\/2025\/11\/Brit-Care-Cat-Snack-Meaty-Tuna.jpg","width":800,"height":800,"caption":"Friandise Brit Care Meaty Thon \u2014 snack naturel pour chats"},{"@type":"BreadcrumbList","@id":"https:\/\/snopet.ma\/market\/produit\/brit-care-snack-chat-meaty-thon\/#breadcrumb","itemListElement":[{"@type":"ListItem","position":1,"name":"Home","item":"https:\/\/snopet.ma\/market\/"},{"@type":"ListItem","position":2,"name":"index","item":"https:\/\/snopet.ma\/market\/"},{"@type":"ListItem","position":3,"name":"Brit Care Snack Meaty Thon \u2014 Friandise Sans C\u00e9r\u00e9ales pour Chats"}]},{"@type":"WebSite","@id":"https:\/\/snopet.ma\/market\/#website","url":"https:\/\/snopet.ma\/market\/","name":"Animalerie en ligne : nourriture, accessoires | Snopet","description":"","publisher":{"@id":"https:\/\/snopet.ma\/market\/#organization"},"potentialAction":[{"@type":"SearchAction","target":{"@type":"EntryPoint","urlTemplate":"https:\/\/snopet.ma\/market\/?s={search_term_string}"},"query-input":{"@type":"PropertyValueSpecification","valueRequired":true,"valueName":"search_term_string"}}],"inLanguage":"fr-FR"},{"@type":"Organization","@id":"https:\/\/snopet.ma\/market\/#organization","name":"MYHA WEB & TRADE","url":"https:\/\/snopet.ma\/market\/","logo":{"@type":"ImageObject","inLanguage":"fr-FR","@id":"https:\/\/snopet.ma\/market\/#\/schema\/logo\/image\/","url":"https:\/\/snopet.ma\/market\/wp-content\/uploads\/sites\/2\/2025\/08\/cropped-snopet-logo.png","contentUrl":"https:\/\/snopet.ma\/market\/wp-content\/uploads\/sites\/2\/2025\/08\/cropped-snopet-logo.png","width":555,"height":183,"caption":"MYHA WEB & TRADE"},"image":{"@id":"https:\/\/snopet.ma\/market\/#\/schema\/logo\/image\/"}}]}},"_links":{"self":[{"href":"https:\/\/snopet.ma\/market\/wp-json\/wp\/v2\/product\/6157","targetHints":{"allow":["GET"]}}],"collection":[{"href":"https:\/\/snopet.ma\/market\/wp-json\/wp\/v2\/product"}],"about":[{"href":"https:\/\/snopet.ma\/market\/wp-json\/wp\/v2\/types\/product"}],"replies":[{"embeddable":true,"href":"https:\/\/snopet.ma\/market\/wp-json\/wp\/v2\/comments?post=6157"}],"wp:featuredmedia":[{"embeddable":true,"href":"https:\/\/snopet.ma\/market\/wp-json\/wp\/v2\/media\/6159"}],"wp:attachment":[{"href":"https:\/\/snopet.ma\/market\/wp-json\/wp\/v2\/media?parent=6157"}],"wp:term":[{"taxonomy":"product_brand","embeddable":true,"href":"https:\/\/snopet.ma\/market\/wp-json\/wp\/v2\/product_brand?post=6157"},{"taxonomy":"product_cat","embeddable":true,"href":"https:\/\/snopet.ma\/market\/wp-json\/wp\/v2\/product_cat?post=6157"},{"taxonomy":"product_tag","embeddable":true,"href":"https:\/\/snopet.ma\/market\/wp-json\/wp\/v2\/product_tag?post=6157"}],"curies":[{"name":"wp","href":"https:\/\/api.w.org\/{rel}","templated":true}]}}