{"id":6056,"date":"2025-11-05T21:22:04","date_gmt":"2025-11-05T21:22:04","guid":{"rendered":"https:\/\/snopet.ma\/market\/?post_type=product&#038;p=6056"},"modified":"2025-11-05T22:25:48","modified_gmt":"2025-11-05T22:25:48","slug":"sera-spiruline-tabs","status":"publish","type":"product","link":"https:\/\/snopet.ma\/market\/produit\/sera-spiruline-tabs\/","title":{"rendered":"Sera Spiruline Tabs"},"content":{"rendered":"","protected":false},"excerpt":{"rendered":"","protected":false},"featured_media":6066,"comment_status":"open","ping_status":"closed","template":"","meta":{"_acf_changed":false},"product_brand":[489],"product_cat":[468,269],"product_tag":[483,488,486,485,481,482,487,480,484],"class_list":{"0":"post-6056","1":"product","2":"type-product","3":"status-publish","4":"has-post-thumbnail","6":"product_brand-ser","7":"product_cat-nourriture-poissons","8":"product_cat-poissons","9":"product_tag-alimentation-poisson-herbivore","10":"product_tag-livraison-nourriture-poisson-maroc","11":"product_tag-nourriture-poisson-eau-de-mer","12":"product_tag-nourriture-poisson-eau-douce","13":"product_tag-nourriture-poisson-spiruline","14":"product_tag-pastilles-spiruline-aquarium","15":"product_tag-sera-nature-maroc","16":"product_tag-sera-spiruline-tabs","17":"product_tag-spiruline-poisson-maroc","19":"first","20":"instock","21":"purchasable","22":"product-type-simple"},"acf":[],"yoast_head":"<!-- This site is optimized with the Yoast SEO plugin v27.4 - https:\/\/yoast.com\/product\/yoast-seo-wordpress\/ -->\n<title>Sera Spiruline Tabs Maroc \u2013 Livraison rapide partout<\/title>\n<meta name=\"description\" content=\"Sera Spiruline Tabs : pastilles v\u00e9g\u00e9tales riches en spiruline. Sans colorants. Livraison rapide partout au Maroc. Commandez d\u00e8s maintenant.\" \/>\n<meta name=\"robots\" content=\"index, follow, max-snippet:-1, max-image-preview:large, max-video-preview:-1\" \/>\n<link rel=\"canonical\" href=\"https:\/\/snopet.ma\/market\/produit\/sera-spiruline-tabs\/\" \/>\n<meta property=\"og:locale\" content=\"fr_FR\" \/>\n<meta property=\"og:type\" content=\"article\" \/>\n<meta property=\"og:title\" content=\"Sera Spiruline Tabs \u2013 Pastilles v\u00e9g\u00e9tales pour poissons | Livraison au Maroc\" \/>\n<meta property=\"og:description\" content=\"Sera Spiruline Tabs : pastilles v\u00e9g\u00e9tales riches en spiruline. Sans colorants. Livraison rapide partout au Maroc. Commandez d\u00e8s maintenant.\" \/>\n<meta property=\"og:url\" content=\"https:\/\/snopet.ma\/market\/produit\/sera-spiruline-tabs\/\" \/>\n<meta property=\"og:site_name\" content=\"Animalerie en ligne : nourriture, accessoires | Snopet\" \/>\n<meta property=\"article:modified_time\" content=\"2025-11-05T22:25:48+00:00\" \/>\n<meta property=\"og:image\" content=\"https:\/\/snopet.ma\/market\/wp-content\/uploads\/sites\/2\/2025\/11\/Sera-Spirulina-Tabs.jpg\" \/>\n\t<meta property=\"og:image:width\" content=\"600\" \/>\n\t<meta property=\"og:image:height\" content=\"600\" \/>\n\t<meta property=\"og:image:type\" content=\"image\/jpeg\" \/>\n<meta name=\"twitter:card\" content=\"summary_large_image\" \/>\n<meta name=\"twitter:label1\" content=\"Dur\u00e9e de lecture estim\u00e9e\" \/>\n\t<meta name=\"twitter:data1\" content=\"1 minute\" \/>\n<script type=\"application\/ld+json\" class=\"yoast-schema-graph\">{\"@context\":\"https:\\\/\\\/schema.org\",\"@graph\":[{\"@type\":\"WebPage\",\"@id\":\"https:\\\/\\\/snopet.ma\\\/market\\\/produit\\\/sera-spiruline-tabs\\\/\",\"url\":\"https:\\\/\\\/snopet.ma\\\/market\\\/produit\\\/sera-spiruline-tabs\\\/\",\"name\":\"Sera Spiruline Tabs Maroc \u2013 Livraison rapide partout\",\"isPartOf\":{\"@id\":\"https:\\\/\\\/snopet.ma\\\/market\\\/#website\"},\"primaryImageOfPage\":{\"@id\":\"https:\\\/\\\/snopet.ma\\\/market\\\/produit\\\/sera-spiruline-tabs\\\/#primaryimage\"},\"image\":{\"@id\":\"https:\\\/\\\/snopet.ma\\\/market\\\/produit\\\/sera-spiruline-tabs\\\/#primaryimage\"},\"thumbnailUrl\":\"https:\\\/\\\/snopet.ma\\\/market\\\/wp-content\\\/uploads\\\/sites\\\/2\\\/2025\\\/11\\\/Sera-Spirulina-Tabs.jpg\",\"datePublished\":\"2025-11-05T21:22:04+00:00\",\"dateModified\":\"2025-11-05T22:25:48+00:00\",\"description\":\"Sera Spiruline Tabs : pastilles v\u00e9g\u00e9tales riches en spiruline. Sans colorants. Livraison rapide partout au Maroc. Commandez d\u00e8s maintenant.\",\"breadcrumb\":{\"@id\":\"https:\\\/\\\/snopet.ma\\\/market\\\/produit\\\/sera-spiruline-tabs\\\/#breadcrumb\"},\"inLanguage\":\"fr-FR\",\"potentialAction\":[{\"@type\":\"ReadAction\",\"target\":[\"https:\\\/\\\/snopet.ma\\\/market\\\/produit\\\/sera-spiruline-tabs\\\/\"]}]},{\"@type\":\"ImageObject\",\"inLanguage\":\"fr-FR\",\"@id\":\"https:\\\/\\\/snopet.ma\\\/market\\\/produit\\\/sera-spiruline-tabs\\\/#primaryimage\",\"url\":\"https:\\\/\\\/snopet.ma\\\/market\\\/wp-content\\\/uploads\\\/sites\\\/2\\\/2025\\\/11\\\/Sera-Spirulina-Tabs.jpg\",\"contentUrl\":\"https:\\\/\\\/snopet.ma\\\/market\\\/wp-content\\\/uploads\\\/sites\\\/2\\\/2025\\\/11\\\/Sera-Spirulina-Tabs.jpg\",\"width\":600,\"height\":600,\"caption\":\"Sera Spirulina Tabs POUR POISSONS\"},{\"@type\":\"BreadcrumbList\",\"@id\":\"https:\\\/\\\/snopet.ma\\\/market\\\/produit\\\/sera-spiruline-tabs\\\/#breadcrumb\",\"itemListElement\":[{\"@type\":\"ListItem\",\"position\":1,\"name\":\"Home\",\"item\":\"https:\\\/\\\/snopet.ma\\\/market\\\/\"},{\"@type\":\"ListItem\",\"position\":2,\"name\":\"Shop\",\"item\":\"https:\\\/\\\/snopet.ma\\\/market\\\/shop\\\/\"},{\"@type\":\"ListItem\",\"position\":3,\"name\":\"Sera Spiruline Tabs\"}]},{\"@type\":\"WebSite\",\"@id\":\"https:\\\/\\\/snopet.ma\\\/market\\\/#website\",\"url\":\"https:\\\/\\\/snopet.ma\\\/market\\\/\",\"name\":\"Animalerie en ligne : nourriture, accessoires | Snopet\",\"description\":\"\",\"publisher\":{\"@id\":\"https:\\\/\\\/snopet.ma\\\/market\\\/#organization\"},\"potentialAction\":[{\"@type\":\"SearchAction\",\"target\":{\"@type\":\"EntryPoint\",\"urlTemplate\":\"https:\\\/\\\/snopet.ma\\\/market\\\/?s={search_term_string}\"},\"query-input\":{\"@type\":\"PropertyValueSpecification\",\"valueRequired\":true,\"valueName\":\"search_term_string\"}}],\"inLanguage\":\"fr-FR\"},{\"@type\":\"Organization\",\"@id\":\"https:\\\/\\\/snopet.ma\\\/market\\\/#organization\",\"name\":\"MYHA WEB & TRADE\",\"url\":\"https:\\\/\\\/snopet.ma\\\/market\\\/\",\"logo\":{\"@type\":\"ImageObject\",\"inLanguage\":\"fr-FR\",\"@id\":\"https:\\\/\\\/snopet.ma\\\/market\\\/#\\\/schema\\\/logo\\\/image\\\/\",\"url\":\"https:\\\/\\\/snopet.ma\\\/market\\\/wp-content\\\/uploads\\\/sites\\\/2\\\/2025\\\/08\\\/cropped-snopet-logo.png\",\"contentUrl\":\"https:\\\/\\\/snopet.ma\\\/market\\\/wp-content\\\/uploads\\\/sites\\\/2\\\/2025\\\/08\\\/cropped-snopet-logo.png\",\"width\":555,\"height\":183,\"caption\":\"MYHA WEB & TRADE\"},\"image\":{\"@id\":\"https:\\\/\\\/snopet.ma\\\/market\\\/#\\\/schema\\\/logo\\\/image\\\/\"}}]}<\/script>\n<!-- \/ Yoast SEO plugin. -->","yoast_head_json":{"title":"Sera Spiruline Tabs Maroc \u2013 Livraison rapide partout","description":"Sera Spiruline Tabs : pastilles v\u00e9g\u00e9tales riches en spiruline. Sans colorants. Livraison rapide partout au Maroc. Commandez d\u00e8s maintenant.","robots":{"index":"index","follow":"follow","max-snippet":"max-snippet:-1","max-image-preview":"max-image-preview:large","max-video-preview":"max-video-preview:-1"},"canonical":"https:\/\/snopet.ma\/market\/produit\/sera-spiruline-tabs\/","og_locale":"fr_FR","og_type":"article","og_title":"Sera Spiruline Tabs \u2013 Pastilles v\u00e9g\u00e9tales pour poissons | Livraison au Maroc","og_description":"Sera Spiruline Tabs : pastilles v\u00e9g\u00e9tales riches en spiruline. Sans colorants. Livraison rapide partout au Maroc. Commandez d\u00e8s maintenant.","og_url":"https:\/\/snopet.ma\/market\/produit\/sera-spiruline-tabs\/","og_site_name":"Animalerie en ligne : nourriture, accessoires | Snopet","article_modified_time":"2025-11-05T22:25:48+00:00","og_image":[{"width":600,"height":600,"url":"https:\/\/snopet.ma\/market\/wp-content\/uploads\/sites\/2\/2025\/11\/Sera-Spirulina-Tabs.jpg","type":"image\/jpeg"}],"twitter_card":"summary_large_image","twitter_misc":{"Dur\u00e9e de lecture estim\u00e9e":"1 minute"},"schema":{"@context":"https:\/\/schema.org","@graph":[{"@type":"WebPage","@id":"https:\/\/snopet.ma\/market\/produit\/sera-spiruline-tabs\/","url":"https:\/\/snopet.ma\/market\/produit\/sera-spiruline-tabs\/","name":"Sera Spiruline Tabs Maroc \u2013 Livraison rapide partout","isPartOf":{"@id":"https:\/\/snopet.ma\/market\/#website"},"primaryImageOfPage":{"@id":"https:\/\/snopet.ma\/market\/produit\/sera-spiruline-tabs\/#primaryimage"},"image":{"@id":"https:\/\/snopet.ma\/market\/produit\/sera-spiruline-tabs\/#primaryimage"},"thumbnailUrl":"https:\/\/snopet.ma\/market\/wp-content\/uploads\/sites\/2\/2025\/11\/Sera-Spirulina-Tabs.jpg","datePublished":"2025-11-05T21:22:04+00:00","dateModified":"2025-11-05T22:25:48+00:00","description":"Sera Spiruline Tabs : pastilles v\u00e9g\u00e9tales riches en spiruline. Sans colorants. Livraison rapide partout au Maroc. Commandez d\u00e8s maintenant.","breadcrumb":{"@id":"https:\/\/snopet.ma\/market\/produit\/sera-spiruline-tabs\/#breadcrumb"},"inLanguage":"fr-FR","potentialAction":[{"@type":"ReadAction","target":["https:\/\/snopet.ma\/market\/produit\/sera-spiruline-tabs\/"]}]},{"@type":"ImageObject","inLanguage":"fr-FR","@id":"https:\/\/snopet.ma\/market\/produit\/sera-spiruline-tabs\/#primaryimage","url":"https:\/\/snopet.ma\/market\/wp-content\/uploads\/sites\/2\/2025\/11\/Sera-Spirulina-Tabs.jpg","contentUrl":"https:\/\/snopet.ma\/market\/wp-content\/uploads\/sites\/2\/2025\/11\/Sera-Spirulina-Tabs.jpg","width":600,"height":600,"caption":"Sera Spirulina Tabs POUR POISSONS"},{"@type":"BreadcrumbList","@id":"https:\/\/snopet.ma\/market\/produit\/sera-spiruline-tabs\/#breadcrumb","itemListElement":[{"@type":"ListItem","position":1,"name":"Home","item":"https:\/\/snopet.ma\/market\/"},{"@type":"ListItem","position":2,"name":"Shop","item":"https:\/\/snopet.ma\/market\/shop\/"},{"@type":"ListItem","position":3,"name":"Sera Spiruline Tabs"}]},{"@type":"WebSite","@id":"https:\/\/snopet.ma\/market\/#website","url":"https:\/\/snopet.ma\/market\/","name":"Animalerie en ligne : nourriture, accessoires | Snopet","description":"","publisher":{"@id":"https:\/\/snopet.ma\/market\/#organization"},"potentialAction":[{"@type":"SearchAction","target":{"@type":"EntryPoint","urlTemplate":"https:\/\/snopet.ma\/market\/?s={search_term_string}"},"query-input":{"@type":"PropertyValueSpecification","valueRequired":true,"valueName":"search_term_string"}}],"inLanguage":"fr-FR"},{"@type":"Organization","@id":"https:\/\/snopet.ma\/market\/#organization","name":"MYHA WEB & TRADE","url":"https:\/\/snopet.ma\/market\/","logo":{"@type":"ImageObject","inLanguage":"fr-FR","@id":"https:\/\/snopet.ma\/market\/#\/schema\/logo\/image\/","url":"https:\/\/snopet.ma\/market\/wp-content\/uploads\/sites\/2\/2025\/08\/cropped-snopet-logo.png","contentUrl":"https:\/\/snopet.ma\/market\/wp-content\/uploads\/sites\/2\/2025\/08\/cropped-snopet-logo.png","width":555,"height":183,"caption":"MYHA WEB & TRADE"},"image":{"@id":"https:\/\/snopet.ma\/market\/#\/schema\/logo\/image\/"}}]}},"_links":{"self":[{"href":"https:\/\/snopet.ma\/market\/wp-json\/wp\/v2\/product\/6056","targetHints":{"allow":["GET"]}}],"collection":[{"href":"https:\/\/snopet.ma\/market\/wp-json\/wp\/v2\/product"}],"about":[{"href":"https:\/\/snopet.ma\/market\/wp-json\/wp\/v2\/types\/product"}],"replies":[{"embeddable":true,"href":"https:\/\/snopet.ma\/market\/wp-json\/wp\/v2\/comments?post=6056"}],"wp:featuredmedia":[{"embeddable":true,"href":"https:\/\/snopet.ma\/market\/wp-json\/wp\/v2\/media\/6066"}],"wp:attachment":[{"href":"https:\/\/snopet.ma\/market\/wp-json\/wp\/v2\/media?parent=6056"}],"wp:term":[{"taxonomy":"product_brand","embeddable":true,"href":"https:\/\/snopet.ma\/market\/wp-json\/wp\/v2\/product_brand?post=6056"},{"taxonomy":"product_cat","embeddable":true,"href":"https:\/\/snopet.ma\/market\/wp-json\/wp\/v2\/product_cat?post=6056"},{"taxonomy":"product_tag","embeddable":true,"href":"https:\/\/snopet.ma\/market\/wp-json\/wp\/v2\/product_tag?post=6056"}],"curies":[{"name":"wp","href":"https:\/\/api.w.org\/{rel}","templated":true}]}}