{"id":5842,"date":"2025-08-29T22:13:11","date_gmt":"2025-08-29T22:13:11","guid":{"rendered":"https:\/\/snopet.ma\/market\/?post_type=product&#038;p=5842"},"modified":"2025-08-29T22:13:12","modified_gmt":"2025-08-29T22:13:12","slug":"no-pick-by-oropharma","status":"publish","type":"product","link":"https:\/\/snopet.ma\/market\/produit\/no-pick-by-oropharma\/","title":{"rendered":"No-Pick, By OROPHARMA"},"content":{"rendered":"<p><!-- + pr\u00e9sentation du produit --><\/p>\n<h2 id=\"info\" style=\"color: #916026; margin-top: 3rem;\">Constituants du produit<\/h2>\n<h3 style=\"color: #a3d133;\">Composition<\/h3>\n<p>aqua, denatoniumbenzoat, phenoxyethanol, ethylhexylglycerin, potassium sorbate<\/p>\n<div class=\"row\">\n<div class=\"col-12\">\n<div class=\"rich-text\">\n<p><!-- Mode d'emploi --><\/p>\n<h2 id=\"avantages\" style=\"color: #916026; margin-top: 3rem;\">Mode d&#8217;emploi<\/h2>\n<div class=\"field__item\">\n<p>Pulv\u00e9riser une fois par jour sur le plumage. Attention : ne pas pulv\u00e9riser dans les yeux ou le bec. Tenir hors de port\u00e9e des enfants.<\/p>\n<p>\u00c0 conserver dans un endroit frais (5-20 \u00b0C), \u00e0 l&#8217;abri de la lumi\u00e8re et dans l&#8217;emballage d&#8217;origine bien ferm\u00e9.<\/p>\n<\/div>\n<p>&nbsp;<\/p>\n<p>&nbsp;<\/p>\n<\/div>\n<\/div>\n<\/div>\n","protected":false},"excerpt":{"rendered":"<div class=\"product-intro\" style=\"font-family: 'Inter', sans-serif; max-width: 900px; margin: auto; padding: 2rem;\">\n<p><!-- Description principale --><\/p>\n<p><strong>Le bouclier anti-picage pour un plumage parfait.<\/strong><\/p>\n<p>Prot\u00e9gez vos oiseaux des m\u00e9faits du picage avec <a title=\"Oropharma\" href=\"https:\/\/oropharma.nl\/fr\/\" target=\"_blank\" rel=\"noopener\">Oropharma<\/a> No-Pick. Ce spray au go\u00fbt amer est une solution efficace pour <strong>emp\u00eacher les parents de piquer leurs jeunes<\/strong> et pour <strong>combattre l&#8217;automutilation chez les adultes<\/strong>. Facile \u00e0 appliquer, il d\u00e9courage imm\u00e9diatement l&#8217;oiseau de s&#8217;arracher les plumes. C&#8217;est l&#8217;alli\u00e9 id\u00e9al pour retrouver un plumage sain et intact.<\/p>\n<p><strong>Contenance :<\/strong> 100 Ml<\/p>\n<p><!-- Liens internes --><\/p>\n<div class=\"snopet-links\" style=\"display: flex; gap: 2rem; margin-top: 2rem; font-weight: bold; color: #916026; text-align: center;\"><a style=\"text-decoration: none; color: #a3d133;\" href=\"#info\">Constituants<\/a><br \/>\n<a style=\"text-decoration: none; color: #a3d133;\" href=\"#avantages\">Mode d&#8217;emploi <\/a><\/div>\n<\/div>\n","protected":false},"featured_media":5843,"comment_status":"open","ping_status":"closed","template":"","meta":[],"product_brand":[],"product_cat":[268,335,350],"product_tag":[],"class_list":{"0":"post-5842","1":"product","2":"type-product","3":"status-publish","4":"has-post-thumbnail","6":"product_cat-oiseaux","7":"product_cat-oiseaux-chanteurs","8":"product_cat-traitements-vitamines-oiseaux","10":"first","11":"onbackorder","12":"taxable","13":"shipping-taxable","14":"purchasable","15":"product-type-simple"},"yoast_head":"<!-- This site is optimized with the Yoast SEO plugin v27.5 - https:\/\/yoast.com\/product\/yoast-seo-wordpress\/ -->\n<title>Oropharma No-Pick \u2013 Spray anti-picage des plumes, Maroc<\/title>\n<meta name=\"description\" content=\"Oropharma No-Pick \u2013 Spray anti-picage pour oiseaux. Livraison express au Maroc, disponible sur Snopet.\" \/>\n<meta name=\"robots\" content=\"index, follow, max-snippet:-1, max-image-preview:large, max-video-preview:-1\" \/>\n<link rel=\"canonical\" href=\"https:\/\/snopet.ma\/market\/produit\/no-pick-by-oropharma\/\" \/>\n<meta property=\"og:locale\" content=\"fr_FR\" \/>\n<meta property=\"og:type\" content=\"article\" \/>\n<meta property=\"og:title\" content=\"Oropharma No-Pick \u2013 Spray anti-picage des plumes, Maroc\" \/>\n<meta property=\"og:description\" content=\"Oropharma No-Pick \u2013 Spray anti-picage pour oiseaux. Livraison express au Maroc, disponible sur Snopet.\" \/>\n<meta property=\"og:url\" content=\"https:\/\/snopet.ma\/market\/produit\/no-pick-by-oropharma\/\" \/>\n<meta property=\"og:site_name\" content=\"Animalerie en ligne : nourriture, accessoires | Snopet\" \/>\n<meta property=\"article:modified_time\" content=\"2025-08-29T22:13:12+00:00\" \/>\n<meta property=\"og:image\" content=\"https:\/\/snopet.ma\/market\/wp-content\/uploads\/sites\/2\/2025\/08\/No-Pick.jpg\" \/>\n\t<meta property=\"og:image:width\" content=\"800\" \/>\n\t<meta property=\"og:image:height\" content=\"800\" \/>\n\t<meta property=\"og:image:type\" content=\"image\/jpeg\" \/>\n<meta name=\"twitter:card\" content=\"summary_large_image\" \/>\n<meta name=\"twitter:label1\" content=\"Dur\u00e9e de lecture estim\u00e9e\" \/>\n\t<meta name=\"twitter:data1\" content=\"1 minute\" \/>\n<script type=\"application\/ld+json\" class=\"yoast-schema-graph\">{\"@context\":\"https:\\\/\\\/schema.org\",\"@graph\":[{\"@type\":\"WebPage\",\"@id\":\"https:\\\/\\\/snopet.ma\\\/market\\\/produit\\\/no-pick-by-oropharma\\\/\",\"url\":\"https:\\\/\\\/snopet.ma\\\/market\\\/produit\\\/no-pick-by-oropharma\\\/\",\"name\":\"Oropharma No-Pick \u2013 Spray anti-picage des plumes, Maroc\",\"isPartOf\":{\"@id\":\"https:\\\/\\\/snopet.ma\\\/market\\\/#website\"},\"primaryImageOfPage\":{\"@id\":\"https:\\\/\\\/snopet.ma\\\/market\\\/produit\\\/no-pick-by-oropharma\\\/#primaryimage\"},\"image\":{\"@id\":\"https:\\\/\\\/snopet.ma\\\/market\\\/produit\\\/no-pick-by-oropharma\\\/#primaryimage\"},\"thumbnailUrl\":\"https:\\\/\\\/snopet.ma\\\/market\\\/wp-content\\\/uploads\\\/sites\\\/2\\\/2025\\\/08\\\/No-Pick.jpg\",\"datePublished\":\"2025-08-29T22:13:11+00:00\",\"dateModified\":\"2025-08-29T22:13:12+00:00\",\"description\":\"Oropharma No-Pick \u2013 Spray anti-picage pour oiseaux. Livraison express au Maroc, disponible sur Snopet.\",\"breadcrumb\":{\"@id\":\"https:\\\/\\\/snopet.ma\\\/market\\\/produit\\\/no-pick-by-oropharma\\\/#breadcrumb\"},\"inLanguage\":\"fr-FR\",\"potentialAction\":[{\"@type\":\"ReadAction\",\"target\":[\"https:\\\/\\\/snopet.ma\\\/market\\\/produit\\\/no-pick-by-oropharma\\\/\"]}]},{\"@type\":\"ImageObject\",\"inLanguage\":\"fr-FR\",\"@id\":\"https:\\\/\\\/snopet.ma\\\/market\\\/produit\\\/no-pick-by-oropharma\\\/#primaryimage\",\"url\":\"https:\\\/\\\/snopet.ma\\\/market\\\/wp-content\\\/uploads\\\/sites\\\/2\\\/2025\\\/08\\\/No-Pick.jpg\",\"contentUrl\":\"https:\\\/\\\/snopet.ma\\\/market\\\/wp-content\\\/uploads\\\/sites\\\/2\\\/2025\\\/08\\\/No-Pick.jpg\",\"width\":800,\"height\":800,\"caption\":\"No-Pick BY oropharma\"},{\"@type\":\"BreadcrumbList\",\"@id\":\"https:\\\/\\\/snopet.ma\\\/market\\\/produit\\\/no-pick-by-oropharma\\\/#breadcrumb\",\"itemListElement\":[{\"@type\":\"ListItem\",\"position\":1,\"name\":\"Home\",\"item\":\"https:\\\/\\\/snopet.ma\\\/market\\\/\"},{\"@type\":\"ListItem\",\"position\":2,\"name\":\"Shop\",\"item\":\"https:\\\/\\\/snopet.ma\\\/market\\\/shop\\\/\"},{\"@type\":\"ListItem\",\"position\":3,\"name\":\"No-Pick, By OROPHARMA\"}]},{\"@type\":\"WebSite\",\"@id\":\"https:\\\/\\\/snopet.ma\\\/market\\\/#website\",\"url\":\"https:\\\/\\\/snopet.ma\\\/market\\\/\",\"name\":\"Animalerie en ligne : nourriture, accessoires | Snopet\",\"description\":\"\",\"publisher\":{\"@id\":\"https:\\\/\\\/snopet.ma\\\/market\\\/#organization\"},\"potentialAction\":[{\"@type\":\"SearchAction\",\"target\":{\"@type\":\"EntryPoint\",\"urlTemplate\":\"https:\\\/\\\/snopet.ma\\\/market\\\/?s={search_term_string}\"},\"query-input\":{\"@type\":\"PropertyValueSpecification\",\"valueRequired\":true,\"valueName\":\"search_term_string\"}}],\"inLanguage\":\"fr-FR\"},{\"@type\":\"Organization\",\"@id\":\"https:\\\/\\\/snopet.ma\\\/market\\\/#organization\",\"name\":\"MYHA WEB & TRADE\",\"url\":\"https:\\\/\\\/snopet.ma\\\/market\\\/\",\"logo\":{\"@type\":\"ImageObject\",\"inLanguage\":\"fr-FR\",\"@id\":\"https:\\\/\\\/snopet.ma\\\/market\\\/#\\\/schema\\\/logo\\\/image\\\/\",\"url\":\"https:\\\/\\\/snopet.ma\\\/market\\\/wp-content\\\/uploads\\\/sites\\\/2\\\/2025\\\/08\\\/cropped-snopet-logo.png\",\"contentUrl\":\"https:\\\/\\\/snopet.ma\\\/market\\\/wp-content\\\/uploads\\\/sites\\\/2\\\/2025\\\/08\\\/cropped-snopet-logo.png\",\"width\":555,\"height\":183,\"caption\":\"MYHA WEB & TRADE\"},\"image\":{\"@id\":\"https:\\\/\\\/snopet.ma\\\/market\\\/#\\\/schema\\\/logo\\\/image\\\/\"}}]}<\/script>\n<!-- \/ Yoast SEO plugin. -->","yoast_head_json":{"title":"Oropharma No-Pick \u2013 Spray anti-picage des plumes, Maroc","description":"Oropharma No-Pick \u2013 Spray anti-picage pour oiseaux. Livraison express au Maroc, disponible sur Snopet.","robots":{"index":"index","follow":"follow","max-snippet":"max-snippet:-1","max-image-preview":"max-image-preview:large","max-video-preview":"max-video-preview:-1"},"canonical":"https:\/\/snopet.ma\/market\/produit\/no-pick-by-oropharma\/","og_locale":"fr_FR","og_type":"article","og_title":"Oropharma No-Pick \u2013 Spray anti-picage des plumes, Maroc","og_description":"Oropharma No-Pick \u2013 Spray anti-picage pour oiseaux. Livraison express au Maroc, disponible sur Snopet.","og_url":"https:\/\/snopet.ma\/market\/produit\/no-pick-by-oropharma\/","og_site_name":"Animalerie en ligne : nourriture, accessoires | Snopet","article_modified_time":"2025-08-29T22:13:12+00:00","og_image":[{"width":800,"height":800,"url":"https:\/\/snopet.ma\/market\/wp-content\/uploads\/sites\/2\/2025\/08\/No-Pick.jpg","type":"image\/jpeg"}],"twitter_card":"summary_large_image","twitter_misc":{"Dur\u00e9e de lecture estim\u00e9e":"1 minute"},"schema":{"@context":"https:\/\/schema.org","@graph":[{"@type":"WebPage","@id":"https:\/\/snopet.ma\/market\/produit\/no-pick-by-oropharma\/","url":"https:\/\/snopet.ma\/market\/produit\/no-pick-by-oropharma\/","name":"Oropharma No-Pick \u2013 Spray anti-picage des plumes, Maroc","isPartOf":{"@id":"https:\/\/snopet.ma\/market\/#website"},"primaryImageOfPage":{"@id":"https:\/\/snopet.ma\/market\/produit\/no-pick-by-oropharma\/#primaryimage"},"image":{"@id":"https:\/\/snopet.ma\/market\/produit\/no-pick-by-oropharma\/#primaryimage"},"thumbnailUrl":"https:\/\/snopet.ma\/market\/wp-content\/uploads\/sites\/2\/2025\/08\/No-Pick.jpg","datePublished":"2025-08-29T22:13:11+00:00","dateModified":"2025-08-29T22:13:12+00:00","description":"Oropharma No-Pick \u2013 Spray anti-picage pour oiseaux. Livraison express au Maroc, disponible sur Snopet.","breadcrumb":{"@id":"https:\/\/snopet.ma\/market\/produit\/no-pick-by-oropharma\/#breadcrumb"},"inLanguage":"fr-FR","potentialAction":[{"@type":"ReadAction","target":["https:\/\/snopet.ma\/market\/produit\/no-pick-by-oropharma\/"]}]},{"@type":"ImageObject","inLanguage":"fr-FR","@id":"https:\/\/snopet.ma\/market\/produit\/no-pick-by-oropharma\/#primaryimage","url":"https:\/\/snopet.ma\/market\/wp-content\/uploads\/sites\/2\/2025\/08\/No-Pick.jpg","contentUrl":"https:\/\/snopet.ma\/market\/wp-content\/uploads\/sites\/2\/2025\/08\/No-Pick.jpg","width":800,"height":800,"caption":"No-Pick BY oropharma"},{"@type":"BreadcrumbList","@id":"https:\/\/snopet.ma\/market\/produit\/no-pick-by-oropharma\/#breadcrumb","itemListElement":[{"@type":"ListItem","position":1,"name":"Home","item":"https:\/\/snopet.ma\/market\/"},{"@type":"ListItem","position":2,"name":"Shop","item":"https:\/\/snopet.ma\/market\/shop\/"},{"@type":"ListItem","position":3,"name":"No-Pick, By OROPHARMA"}]},{"@type":"WebSite","@id":"https:\/\/snopet.ma\/market\/#website","url":"https:\/\/snopet.ma\/market\/","name":"Animalerie en ligne : nourriture, accessoires | Snopet","description":"","publisher":{"@id":"https:\/\/snopet.ma\/market\/#organization"},"potentialAction":[{"@type":"SearchAction","target":{"@type":"EntryPoint","urlTemplate":"https:\/\/snopet.ma\/market\/?s={search_term_string}"},"query-input":{"@type":"PropertyValueSpecification","valueRequired":true,"valueName":"search_term_string"}}],"inLanguage":"fr-FR"},{"@type":"Organization","@id":"https:\/\/snopet.ma\/market\/#organization","name":"MYHA WEB & TRADE","url":"https:\/\/snopet.ma\/market\/","logo":{"@type":"ImageObject","inLanguage":"fr-FR","@id":"https:\/\/snopet.ma\/market\/#\/schema\/logo\/image\/","url":"https:\/\/snopet.ma\/market\/wp-content\/uploads\/sites\/2\/2025\/08\/cropped-snopet-logo.png","contentUrl":"https:\/\/snopet.ma\/market\/wp-content\/uploads\/sites\/2\/2025\/08\/cropped-snopet-logo.png","width":555,"height":183,"caption":"MYHA WEB & TRADE"},"image":{"@id":"https:\/\/snopet.ma\/market\/#\/schema\/logo\/image\/"}}]}},"_links":{"self":[{"href":"https:\/\/snopet.ma\/market\/wp-json\/wp\/v2\/product\/5842","targetHints":{"allow":["GET"]}}],"collection":[{"href":"https:\/\/snopet.ma\/market\/wp-json\/wp\/v2\/product"}],"about":[{"href":"https:\/\/snopet.ma\/market\/wp-json\/wp\/v2\/types\/product"}],"replies":[{"embeddable":true,"href":"https:\/\/snopet.ma\/market\/wp-json\/wp\/v2\/comments?post=5842"}],"wp:featuredmedia":[{"embeddable":true,"href":"https:\/\/snopet.ma\/market\/wp-json\/wp\/v2\/media\/5843"}],"wp:attachment":[{"href":"https:\/\/snopet.ma\/market\/wp-json\/wp\/v2\/media?parent=5842"}],"wp:term":[{"taxonomy":"product_brand","embeddable":true,"href":"https:\/\/snopet.ma\/market\/wp-json\/wp\/v2\/product_brand?post=5842"},{"taxonomy":"product_cat","embeddable":true,"href":"https:\/\/snopet.ma\/market\/wp-json\/wp\/v2\/product_cat?post=5842"},{"taxonomy":"product_tag","embeddable":true,"href":"https:\/\/snopet.ma\/market\/wp-json\/wp\/v2\/product_tag?post=5842"}],"curies":[{"name":"wp","href":"https:\/\/api.w.org\/{rel}","templated":true}]}}