{"id":5831,"date":"2025-08-29T20:27:44","date_gmt":"2025-08-29T20:27:44","guid":{"rendered":"https:\/\/snopet.ma\/market\/?post_type=product&#038;p=5831"},"modified":"2025-08-29T21:38:37","modified_gmt":"2025-08-29T21:38:37","slug":"avi-chol-oropharma","status":"publish","type":"product","link":"https:\/\/snopet.ma\/market\/produit\/avi-chol-oropharma\/","title":{"rendered":"Avi-Chol, By OROPHARMA"},"content":{"rendered":"<p><!-- + pr\u00e9sentation du produit --><\/p>\n<h2 id=\"info\" style=\"color: #916026; margin-top: 3rem;\">Constituants du produit<\/h2>\n<h3 style=\"color: #a3d133;\">Composition<\/h3>\n<p>sorbitol liquide, saccharose<\/p>\n<h3 style=\"color: #a3d133;\">Additifs\/kg<\/h3>\n<div class=\"row\">\n<div class=\"col-12\">\n<div class=\"rich-text\">\n<h4 style=\"color: #916026;\">Additifs nutritionnels<\/h4>\n<p>chlorure de choline 32175 mg, biotine 20 mg, vitamine B12 20 mg, DL-m\u00e9thionine 20000 mg<\/p>\n<\/div>\n<\/div>\n<\/div>\n<div class=\"row\">\n<div class=\"col-12\">\n<div class=\"rich-text\">\n<h4 style=\"color: #916026;\">Additifs techniques<\/h4>\n<p>conservateurs<\/p>\n<p><!-- Mode d'emploi --><\/p>\n<h2 id=\"avantages\" style=\"color: #916026; margin-top: 3rem;\">Mode d&#8217;emploi<\/h2>\n<div class=\"field__item\">\n<p>2 bouchons doseurs (2x7ml) par litre d&#8217;eau de boisson ou dans 500 g de p\u00e2t\u00e9e aux \u0153ufs <a href=\"https:\/\/www.versele-laga.com\/fr\/vl\/nutribird\" target=\"_blank\" rel=\"noopener\">NutriBird<\/a><br \/>\n&#8211; Pendant la mue et la saison d&#8217;exposition: deux \u00e0 trois fois par semaine.<br \/>\n&#8211; Apr\u00e8s l&#8217;administration de m\u00e9dicaments: 5 jours de suite.<br \/>\n&#8211; Lors de l&#8217;administration de pigments pour la couleur du plumage, p.ex. <a href=\"https:\/\/snopet.ma\/market\/produit\/can-tax-by-oropharma\/\" target=\"_blank\" rel=\"noopener\">Oropharma Can-Tax<\/a> ou Oropharma Yel-Lux: deux \u00e0 trois fois par semaine.<br \/>\n\u00c0 conserver au frais et \u00e0 l&#8217;abri de la lumi\u00e8re &#8211; Agiter avant l&#8217;emploi<\/p>\n<\/div>\n<\/div>\n<\/div>\n<div class=\"row\">\n<div class=\"col-12\">\n<div class=\"rich-text\">\n<h3 style=\"color: #a3d133;\">Conseils<\/h3>\n<p>En cas d&#8217;administration via la p\u00e2t\u00e9e aux \u0153ufs: ajoutez d&#8217;abord la dose d&#8217;Avi-Chol \u00e0 l&#8217;eau qui sera utilis\u00e9e pour humidifier la p\u00e2t\u00e9e aux \u0153ufs afin d&#8217;obtenir un m\u00e9lange homog\u00e8ne.<\/p>\n<\/div>\n<\/div>\n<\/div>\n<\/div>\n","protected":false},"excerpt":{"rendered":"<div class=\"product-intro\" style=\"font-family: 'Inter', sans-serif; max-width: 900px; margin: auto; padding: 2rem;\">\n<p><!-- Description principale -->Ce produit fabriqu\u00e9 par <a href=\"https:\/\/oropharma.nl\/fr\/\" target=\"_blank\" rel=\"noopener\">OROPHARMA<\/a> est sp\u00e9cialement con\u00e7u pour accompagner votre oiseau pendant la mue. Il <b>soutient le m\u00e9tabolisme<\/b> en optimisant la transformation des graisses et des prot\u00e9ines. En aidant \u00e0 <b>\u00e9liminer les substances nocives<\/b>, il contribue \u00e0 une meilleure sant\u00e9 globale. Le r\u00e9sultat : une <b>croissance optimale<\/b>, des <b>plumes parfaitement pigment\u00e9es<\/b> et d\u00e9velopp\u00e9es, et une <b>diminution notable du picage<\/b>.<\/p>\n<p><strong>Contenance :<\/strong> 250 Ml<!-- Liens internes --><\/p>\n<div class=\"snopet-links\" style=\"display: flex; gap: 2rem; margin-top: 2rem; font-weight: bold; color: #916026; text-align: center;\"><a style=\"text-decoration: none; color: #a3d133;\" href=\"#info\">Constituants<\/a><br \/>\n<a style=\"text-decoration: none; color: #a3d133;\" href=\"#avantages\">Mode d&#8217;emploi <\/a><\/div>\n<\/div>\n","protected":false},"featured_media":5832,"comment_status":"open","ping_status":"closed","template":"","meta":{"_acf_changed":false},"product_brand":[391],"product_cat":[268,335,350],"product_tag":[399,398],"class_list":{"0":"post-5831","1":"product","2":"type-product","3":"status-publish","4":"has-post-thumbnail","6":"product_brand-oropharma","7":"product_cat-oiseaux","8":"product_cat-oiseaux-chanteurs","9":"product_cat-traitements-vitamines-oiseaux","10":"product_tag-avi-chol","11":"product_tag-la-mue-des-oiseaux","13":"first","14":"onbackorder","15":"taxable","16":"shipping-taxable","17":"purchasable","18":"product-type-simple"},"acf":[],"yoast_head":"<!-- This site is optimized with the Yoast SEO plugin v27.4 - https:\/\/yoast.com\/product\/yoast-seo-wordpress\/ -->\n<title>Avi-Chol \u2013 Mue &amp; Foie sain Oiseaux, Livraison Maroc - Snopet<\/title>\n<meta name=\"description\" content=\"Oropharma Avi-Chol \u2013 Soutient le foie et optimise la mue chez les oiseaux. Livraison rapide au Maroc, paiement \u00e0 la r\u00e9ception disponible.\" \/>\n<meta name=\"robots\" content=\"index, follow, max-snippet:-1, max-image-preview:large, max-video-preview:-1\" \/>\n<link rel=\"canonical\" href=\"https:\/\/snopet.ma\/market\/produit\/avi-chol-oropharma\/\" \/>\n<meta property=\"og:locale\" content=\"fr_FR\" \/>\n<meta property=\"og:type\" content=\"article\" \/>\n<meta property=\"og:title\" content=\"Avi-Chol \u2013 Mue &amp; Foie sain Oiseaux, Livraison Maroc - Snopet\" \/>\n<meta property=\"og:description\" content=\"Oropharma Avi-Chol \u2013 Soutient le foie et optimise la mue chez les oiseaux. Livraison rapide au Maroc, paiement \u00e0 la r\u00e9ception disponible.\" \/>\n<meta property=\"og:url\" content=\"https:\/\/snopet.ma\/market\/produit\/avi-chol-oropharma\/\" \/>\n<meta property=\"og:site_name\" content=\"Animalerie en ligne : nourriture, accessoires | Snopet\" \/>\n<meta property=\"article:modified_time\" content=\"2025-08-29T21:38:37+00:00\" \/>\n<meta property=\"og:image\" content=\"https:\/\/snopet.ma\/market\/wp-content\/uploads\/sites\/2\/2025\/08\/avichol-verse-laga.png\" \/>\n\t<meta property=\"og:image:width\" content=\"334\" \/>\n\t<meta property=\"og:image:height\" content=\"400\" \/>\n\t<meta property=\"og:image:type\" content=\"image\/png\" \/>\n<meta name=\"twitter:card\" content=\"summary_large_image\" \/>\n<meta name=\"twitter:label1\" content=\"Dur\u00e9e de lecture estim\u00e9e\" \/>\n\t<meta name=\"twitter:data1\" content=\"1 minute\" \/>\n<script type=\"application\/ld+json\" class=\"yoast-schema-graph\">{\"@context\":\"https:\\\/\\\/schema.org\",\"@graph\":[{\"@type\":\"WebPage\",\"@id\":\"https:\\\/\\\/snopet.ma\\\/market\\\/produit\\\/avi-chol-oropharma\\\/\",\"url\":\"https:\\\/\\\/snopet.ma\\\/market\\\/produit\\\/avi-chol-oropharma\\\/\",\"name\":\"Avi-Chol \u2013 Mue & Foie sain Oiseaux, Livraison Maroc - Snopet\",\"isPartOf\":{\"@id\":\"https:\\\/\\\/snopet.ma\\\/market\\\/#website\"},\"primaryImageOfPage\":{\"@id\":\"https:\\\/\\\/snopet.ma\\\/market\\\/produit\\\/avi-chol-oropharma\\\/#primaryimage\"},\"image\":{\"@id\":\"https:\\\/\\\/snopet.ma\\\/market\\\/produit\\\/avi-chol-oropharma\\\/#primaryimage\"},\"thumbnailUrl\":\"https:\\\/\\\/snopet.ma\\\/market\\\/wp-content\\\/uploads\\\/sites\\\/2\\\/2025\\\/08\\\/avichol-verse-laga.png\",\"datePublished\":\"2025-08-29T20:27:44+00:00\",\"dateModified\":\"2025-08-29T21:38:37+00:00\",\"description\":\"Oropharma Avi-Chol \u2013 Soutient le foie et optimise la mue chez les oiseaux. Livraison rapide au Maroc, paiement \u00e0 la r\u00e9ception disponible.\",\"breadcrumb\":{\"@id\":\"https:\\\/\\\/snopet.ma\\\/market\\\/produit\\\/avi-chol-oropharma\\\/#breadcrumb\"},\"inLanguage\":\"fr-FR\",\"potentialAction\":[{\"@type\":\"ReadAction\",\"target\":[\"https:\\\/\\\/snopet.ma\\\/market\\\/produit\\\/avi-chol-oropharma\\\/\"]}]},{\"@type\":\"ImageObject\",\"inLanguage\":\"fr-FR\",\"@id\":\"https:\\\/\\\/snopet.ma\\\/market\\\/produit\\\/avi-chol-oropharma\\\/#primaryimage\",\"url\":\"https:\\\/\\\/snopet.ma\\\/market\\\/wp-content\\\/uploads\\\/sites\\\/2\\\/2025\\\/08\\\/avichol-verse-laga.png\",\"contentUrl\":\"https:\\\/\\\/snopet.ma\\\/market\\\/wp-content\\\/uploads\\\/sites\\\/2\\\/2025\\\/08\\\/avichol-verse-laga.png\",\"width\":334,\"height\":400,\"caption\":\"Avi chol by Oropharma\"},{\"@type\":\"BreadcrumbList\",\"@id\":\"https:\\\/\\\/snopet.ma\\\/market\\\/produit\\\/avi-chol-oropharma\\\/#breadcrumb\",\"itemListElement\":[{\"@type\":\"ListItem\",\"position\":1,\"name\":\"Home\",\"item\":\"https:\\\/\\\/snopet.ma\\\/market\\\/\"},{\"@type\":\"ListItem\",\"position\":2,\"name\":\"index\",\"item\":\"https:\\\/\\\/snopet.ma\\\/market\\\/\"},{\"@type\":\"ListItem\",\"position\":3,\"name\":\"Avi-Chol, By OROPHARMA\"}]},{\"@type\":\"WebSite\",\"@id\":\"https:\\\/\\\/snopet.ma\\\/market\\\/#website\",\"url\":\"https:\\\/\\\/snopet.ma\\\/market\\\/\",\"name\":\"Animalerie en ligne : nourriture, accessoires | Snopet\",\"description\":\"\",\"publisher\":{\"@id\":\"https:\\\/\\\/snopet.ma\\\/market\\\/#organization\"},\"potentialAction\":[{\"@type\":\"SearchAction\",\"target\":{\"@type\":\"EntryPoint\",\"urlTemplate\":\"https:\\\/\\\/snopet.ma\\\/market\\\/?s={search_term_string}\"},\"query-input\":{\"@type\":\"PropertyValueSpecification\",\"valueRequired\":true,\"valueName\":\"search_term_string\"}}],\"inLanguage\":\"fr-FR\"},{\"@type\":\"Organization\",\"@id\":\"https:\\\/\\\/snopet.ma\\\/market\\\/#organization\",\"name\":\"MYHA WEB & TRADE\",\"url\":\"https:\\\/\\\/snopet.ma\\\/market\\\/\",\"logo\":{\"@type\":\"ImageObject\",\"inLanguage\":\"fr-FR\",\"@id\":\"https:\\\/\\\/snopet.ma\\\/market\\\/#\\\/schema\\\/logo\\\/image\\\/\",\"url\":\"https:\\\/\\\/snopet.ma\\\/market\\\/wp-content\\\/uploads\\\/sites\\\/2\\\/2025\\\/08\\\/cropped-snopet-logo.png\",\"contentUrl\":\"https:\\\/\\\/snopet.ma\\\/market\\\/wp-content\\\/uploads\\\/sites\\\/2\\\/2025\\\/08\\\/cropped-snopet-logo.png\",\"width\":555,\"height\":183,\"caption\":\"MYHA WEB & TRADE\"},\"image\":{\"@id\":\"https:\\\/\\\/snopet.ma\\\/market\\\/#\\\/schema\\\/logo\\\/image\\\/\"}}]}<\/script>\n<!-- \/ Yoast SEO plugin. -->","yoast_head_json":{"title":"Avi-Chol \u2013 Mue & Foie sain Oiseaux, Livraison Maroc - Snopet","description":"Oropharma Avi-Chol \u2013 Soutient le foie et optimise la mue chez les oiseaux. Livraison rapide au Maroc, paiement \u00e0 la r\u00e9ception disponible.","robots":{"index":"index","follow":"follow","max-snippet":"max-snippet:-1","max-image-preview":"max-image-preview:large","max-video-preview":"max-video-preview:-1"},"canonical":"https:\/\/snopet.ma\/market\/produit\/avi-chol-oropharma\/","og_locale":"fr_FR","og_type":"article","og_title":"Avi-Chol \u2013 Mue & Foie sain Oiseaux, Livraison Maroc - Snopet","og_description":"Oropharma Avi-Chol \u2013 Soutient le foie et optimise la mue chez les oiseaux. Livraison rapide au Maroc, paiement \u00e0 la r\u00e9ception disponible.","og_url":"https:\/\/snopet.ma\/market\/produit\/avi-chol-oropharma\/","og_site_name":"Animalerie en ligne : nourriture, accessoires | Snopet","article_modified_time":"2025-08-29T21:38:37+00:00","og_image":[{"width":334,"height":400,"url":"https:\/\/snopet.ma\/market\/wp-content\/uploads\/sites\/2\/2025\/08\/avichol-verse-laga.png","type":"image\/png"}],"twitter_card":"summary_large_image","twitter_misc":{"Dur\u00e9e de lecture estim\u00e9e":"1 minute"},"schema":{"@context":"https:\/\/schema.org","@graph":[{"@type":"WebPage","@id":"https:\/\/snopet.ma\/market\/produit\/avi-chol-oropharma\/","url":"https:\/\/snopet.ma\/market\/produit\/avi-chol-oropharma\/","name":"Avi-Chol \u2013 Mue & Foie sain Oiseaux, Livraison Maroc - Snopet","isPartOf":{"@id":"https:\/\/snopet.ma\/market\/#website"},"primaryImageOfPage":{"@id":"https:\/\/snopet.ma\/market\/produit\/avi-chol-oropharma\/#primaryimage"},"image":{"@id":"https:\/\/snopet.ma\/market\/produit\/avi-chol-oropharma\/#primaryimage"},"thumbnailUrl":"https:\/\/snopet.ma\/market\/wp-content\/uploads\/sites\/2\/2025\/08\/avichol-verse-laga.png","datePublished":"2025-08-29T20:27:44+00:00","dateModified":"2025-08-29T21:38:37+00:00","description":"Oropharma Avi-Chol \u2013 Soutient le foie et optimise la mue chez les oiseaux. Livraison rapide au Maroc, paiement \u00e0 la r\u00e9ception disponible.","breadcrumb":{"@id":"https:\/\/snopet.ma\/market\/produit\/avi-chol-oropharma\/#breadcrumb"},"inLanguage":"fr-FR","potentialAction":[{"@type":"ReadAction","target":["https:\/\/snopet.ma\/market\/produit\/avi-chol-oropharma\/"]}]},{"@type":"ImageObject","inLanguage":"fr-FR","@id":"https:\/\/snopet.ma\/market\/produit\/avi-chol-oropharma\/#primaryimage","url":"https:\/\/snopet.ma\/market\/wp-content\/uploads\/sites\/2\/2025\/08\/avichol-verse-laga.png","contentUrl":"https:\/\/snopet.ma\/market\/wp-content\/uploads\/sites\/2\/2025\/08\/avichol-verse-laga.png","width":334,"height":400,"caption":"Avi chol by Oropharma"},{"@type":"BreadcrumbList","@id":"https:\/\/snopet.ma\/market\/produit\/avi-chol-oropharma\/#breadcrumb","itemListElement":[{"@type":"ListItem","position":1,"name":"Home","item":"https:\/\/snopet.ma\/market\/"},{"@type":"ListItem","position":2,"name":"index","item":"https:\/\/snopet.ma\/market\/"},{"@type":"ListItem","position":3,"name":"Avi-Chol, By OROPHARMA"}]},{"@type":"WebSite","@id":"https:\/\/snopet.ma\/market\/#website","url":"https:\/\/snopet.ma\/market\/","name":"Animalerie en ligne : nourriture, accessoires | Snopet","description":"","publisher":{"@id":"https:\/\/snopet.ma\/market\/#organization"},"potentialAction":[{"@type":"SearchAction","target":{"@type":"EntryPoint","urlTemplate":"https:\/\/snopet.ma\/market\/?s={search_term_string}"},"query-input":{"@type":"PropertyValueSpecification","valueRequired":true,"valueName":"search_term_string"}}],"inLanguage":"fr-FR"},{"@type":"Organization","@id":"https:\/\/snopet.ma\/market\/#organization","name":"MYHA WEB & TRADE","url":"https:\/\/snopet.ma\/market\/","logo":{"@type":"ImageObject","inLanguage":"fr-FR","@id":"https:\/\/snopet.ma\/market\/#\/schema\/logo\/image\/","url":"https:\/\/snopet.ma\/market\/wp-content\/uploads\/sites\/2\/2025\/08\/cropped-snopet-logo.png","contentUrl":"https:\/\/snopet.ma\/market\/wp-content\/uploads\/sites\/2\/2025\/08\/cropped-snopet-logo.png","width":555,"height":183,"caption":"MYHA WEB & TRADE"},"image":{"@id":"https:\/\/snopet.ma\/market\/#\/schema\/logo\/image\/"}}]}},"_links":{"self":[{"href":"https:\/\/snopet.ma\/market\/wp-json\/wp\/v2\/product\/5831","targetHints":{"allow":["GET"]}}],"collection":[{"href":"https:\/\/snopet.ma\/market\/wp-json\/wp\/v2\/product"}],"about":[{"href":"https:\/\/snopet.ma\/market\/wp-json\/wp\/v2\/types\/product"}],"replies":[{"embeddable":true,"href":"https:\/\/snopet.ma\/market\/wp-json\/wp\/v2\/comments?post=5831"}],"wp:featuredmedia":[{"embeddable":true,"href":"https:\/\/snopet.ma\/market\/wp-json\/wp\/v2\/media\/5832"}],"wp:attachment":[{"href":"https:\/\/snopet.ma\/market\/wp-json\/wp\/v2\/media?parent=5831"}],"wp:term":[{"taxonomy":"product_brand","embeddable":true,"href":"https:\/\/snopet.ma\/market\/wp-json\/wp\/v2\/product_brand?post=5831"},{"taxonomy":"product_cat","embeddable":true,"href":"https:\/\/snopet.ma\/market\/wp-json\/wp\/v2\/product_cat?post=5831"},{"taxonomy":"product_tag","embeddable":true,"href":"https:\/\/snopet.ma\/market\/wp-json\/wp\/v2\/product_tag?post=5831"}],"curies":[{"name":"wp","href":"https:\/\/api.w.org\/{rel}","templated":true}]}}