{"id":5814,"date":"2025-08-29T17:29:44","date_gmt":"2025-08-29T17:29:44","guid":{"rendered":"https:\/\/snopet.ma\/market\/?post_type=product&#038;p=5814"},"modified":"2025-10-12T23:59:32","modified_gmt":"2025-10-12T23:59:32","slug":"pro-plan-large-athletique-chiot-au-poulet","status":"publish","type":"product","link":"https:\/\/snopet.ma\/market\/produit\/pro-plan-large-athletique-chiot-au-poulet\/","title":{"rendered":"PRO PLAN  Large Athl\u00e9tique Chiot &#8211; au Poulet"},"content":{"rendered":"<h2 id=\"info\" style=\"color: #916026; margin-top: 3rem;\">Pr\u00e9sentation du produit<\/h2>\n<h3 style=\"color: #a3d133;\">Caract\u00e9ristiques<\/h3>\n<ul>\n<li>Enrichi en colostrum pour aider \u00e0 renforcer la r\u00e9ponse immunitaire des chiots jusqu&#8217;\u00e0 50 % de plus.<\/li>\n<li>Une combinaison adapt\u00e9e des teneurs en prot\u00e9ines et en Mati\u00e8res grasses : pour favoriser une croissance saine et une bonne sant\u00e9 \u00e0 long terme.<\/li>\n<li>Une combinaison de nutriments essentiels pour aider \u00e0 soutenir la bonne sant\u00e9 des articulations de votre chiot.<\/li>\n<li>\u00c9nergie adapt\u00e9e au m\u00e9tabolisme plus actif de votre chiot.<\/li>\n<li>Poulet de haute qualit\u00e9 en ingr\u00e9dient N\u00b01.<\/li>\n<\/ul>\n<p>Aliment complet pour chiots de grande taille.<br \/>\nEnrichi en Colostrum, pour aider \u00e0 renforcer les d\u00e9fenses naturelles du chiot pour mieux relever les d\u00e9fis du quotidien. Convient \u00e9galement aux chiennes en gestation ou en lactation.<\/p>\n<p><!-- Ingr\u00e9dients et nutrition --><\/p>\n<h2 id=\"avantages\" style=\"color: #916026; margin-top: 3rem;\">Ingr\u00e9dients et nutrition<\/h2>\n<div class=\"field__item\">Poulet de haute qualit\u00e9 (20 %) (dont dos et coffre)<br \/>\nBl\u00e9<br \/>\nProt\u00e9ines de volaille d\u00e9shydrat\u00e9es<br \/>\nGraisses animales<br \/>\nRiz (8 %)<br \/>\nFarine de soja<br \/>\nFarine de prot\u00e9ines de ma\u00efs<br \/>\nMa\u00efs<br \/>\nHydrolysat<br \/>\nPulpe de betterave d\u00e9shydrat\u00e9e<br \/>\nHuile de poisson<br \/>\n\u0152ufs d\u00e9shydrat\u00e9s<br \/>\nSubstances min\u00e9rales<br \/>\nColostrum d\u00e9shydrat\u00e9 (0,1 %).<\/div>\n<div class=\"field__item\">\n<p><strong>Constituants analytiques<\/strong><\/p>\n<p>Humidit\u00e9 : 8,0 %<br \/>\nProt\u00e9ine : 30,0 %<br \/>\nMati\u00e8res grasses : 19,0 %<br \/>\nGlucides : 33,5 %<br \/>\nCellulose Brute : 2,0 %<br \/>\nCendres brutes : 7,5 %<\/p>\n<p><strong>Additifs : additifs nutritionnels<\/strong><\/p>\n<p>Calcium : 1,50 %<br \/>\nPhosphore : 1,02 %<br \/>\nSodium : 0,39 %<br \/>\nChlore : 0,56 %<br \/>\nPotassium : 0,69 %<br \/>\nMagn\u00e9sium : 0,13 %<br \/>\nAcide linol\u00e9ique : 2,8 %<br \/>\nOm\u00e9ga 3 0,3 %<br \/>\nOm\u00e9ga 3 2,3 %<br \/>\nDHA : 0,07 %<br \/>\nEPA+DHA : 0,17 %<\/p>\n<p>mg\/100g<br \/>\nFer 25,7 ;<br \/>\nZinc : 17,2 ;<br \/>\nCuivre : 2,1 ;<br \/>\nMangan\u00e8se : 6,2 ;<br \/>\nIode : 0,256 ;<br \/>\nS\u00e9l\u00e9nium : 0,041.<\/p>\n<p>IU\/kg<br \/>\nVit. A : 18129 ;<br \/>\nVit. D3 : 1037 ;<br \/>\nVit. E : 207.<\/p>\n<p>mg\/kg<br \/>\nVit. K : 0,15 ;<br \/>\nVit. C : 60 ;<br \/>\nVit. B1 : 27 ;<br \/>\nVit. B2 : 14 ;<br \/>\nVit. B3 : 162 ;<br \/>\nVit. B5 : 45 ;<br \/>\nVit. B6 : 16 ;<br \/>\nVit. B8 : 0,22 ;<br \/>\nVit. B9 : 4,56 ;<br \/>\nVit. B12 : 0,25 ;<br \/>\nCholine : 2016 ;<br \/>\nTaurine : 913.<\/p>\n<p><strong>Apports caloriques moyens dans l\u2019aliment<\/strong><\/p>\n<p>Energie m\u00e9tabolisable (calcul\u00e9e) 4,050 kcal\/g.<\/p>\n<\/div>\n<p><!-- Guide d'alimentation --><\/p>\n<h2 id=\"guide\" style=\"color: #916026; margin-top: 3rem;\">Guide d&#8217;alimentation<\/h2>\n<div class=\"field__item\">\n<p>&#8220;<strong>Guide d&#8217;alimentation<\/strong><br \/>\nVoir le tableau des rations journali\u00e8res recommand\u00e9es. Ces rations sont donn\u00e9es \u00e0 titre indicatif. Pour aider votre chiot ou chienne \u00e0 maintenir une condition corporelle id\u00e9ale, les rations journali\u00e8res doivent \u00eatre adapt\u00e9es \u00e0 leur niveau d\u2019activit\u00e9, leur condition physique et leurs besoins individuels. Pendant le sevrage, introduisez progressivement les aliments solides. De l\u2019eau fra\u00eeche et propre doit toujours \u00eatre \u00e0 la disposition de votre chien. Pour surveiller la sant\u00e9 de votre chien, consultez r\u00e9guli\u00e8rement votre v\u00e9t\u00e9rinaire.<\/p>\n<div class=\"table-wrapper\">\n<table>\n<tbody>\n<tr>\n<td><strong>Poids de m\u00e8re (kg)<\/strong><\/td>\n<td><strong>Gestation 6-9 semaines<\/strong><\/td>\n<td><strong>Lactation<\/strong><\/td>\n<\/tr>\n<tr>\n<td>1<\/td>\n<td>40-50g<\/td>\n<td rowspan=\"10\">\u00c0 volont\u00e9<\/td>\n<\/tr>\n<tr>\n<td>5<\/td>\n<td>110-140g<\/td>\n<\/tr>\n<tr>\n<td>10<\/td>\n<td>175-225g<\/td>\n<\/tr>\n<tr>\n<td>15<\/td>\n<td>230-295g<\/td>\n<\/tr>\n<tr>\n<td>20<\/td>\n<td>280-360g<\/td>\n<\/tr>\n<tr>\n<td>25<\/td>\n<td>325-415g<\/td>\n<\/tr>\n<tr>\n<td>35<\/td>\n<td>410-520g<\/td>\n<\/tr>\n<tr>\n<td>45<\/td>\n<td>485-615g<\/td>\n<\/tr>\n<tr>\n<td>60<\/td>\n<td>585-745g<\/td>\n<\/tr>\n<tr>\n<td>70<\/td>\n<td>650-830g<\/td>\n<\/tr>\n<\/tbody>\n<\/table>\n<\/div>\n<p>&nbsp;<\/p>\n<div class=\"table-wrapper\">\n<table>\n<tbody>\n<tr>\n<td rowspan=\"3\"><strong>Poids attendu du chiot \u00e0 l&#8217;\u00e2ge adulte (kg)<\/strong><\/td>\n<td colspan=\"6\"><strong>Quantit\u00e9 quotidienne (en grammes)<\/strong><\/td>\n<\/tr>\n<tr>\n<td colspan=\"6\"><strong>\u00c2ge du chiot (mois)<\/strong><\/td>\n<\/tr>\n<tr>\n<td>1 mois<\/td>\n<td>1.5-3 mois<\/td>\n<td>4-5 mois<\/td>\n<td>6-8 mois<\/td>\n<td>9-11 mois<\/td>\n<td>12-24 mois<\/td>\n<\/tr>\n<tr>\n<td>1<\/td>\n<td>2g + lait<\/td>\n<td>30-45g<\/td>\n<td>50-45g<\/td>\n<td>45-40g<\/td>\n<td>40g<\/td>\n<td>40-Adulte<\/td>\n<\/tr>\n<tr>\n<td>5<\/td>\n<td>2g + lait<\/td>\n<td>80-125g<\/td>\n<td>130-135g<\/td>\n<td>135-115g<\/td>\n<td>115-110g<\/td>\n<td>110-Adulte<\/td>\n<\/tr>\n<tr>\n<td>10<\/td>\n<td>5g + lait<\/td>\n<td>110-175g<\/td>\n<td>195-205g<\/td>\n<td>205-180g<\/td>\n<td>180-175g<\/td>\n<td>175-Adulte<\/td>\n<\/tr>\n<tr>\n<td>15<\/td>\n<td>5g + lait<\/td>\n<td>130-230g<\/td>\n<td>265-285g<\/td>\n<td>290-275g<\/td>\n<td>260-245g<\/td>\n<td>225-Adulte<\/td>\n<\/tr>\n<tr>\n<td>20<\/td>\n<td>10g + lait<\/td>\n<td>145-265g<\/td>\n<td>320-350g<\/td>\n<td>355-340g<\/td>\n<td>320-300g<\/td>\n<td>275-Adulte<\/td>\n<\/tr>\n<tr>\n<td>25<\/td>\n<td>10g + lait<\/td>\n<td>145-295g<\/td>\n<td>325-380g<\/td>\n<td>315-385g<\/td>\n<td>375-355g<\/td>\n<td>325-Adulte<\/td>\n<\/tr>\n<tr>\n<td>35<\/td>\n<td>10g + lait<\/td>\n<td>180-305g<\/td>\n<td>380-410g<\/td>\n<td>440-485g<\/td>\n<td>510-475g<\/td>\n<td>415-405g<\/td>\n<\/tr>\n<tr>\n<td>45<\/td>\n<td>15g + lait<\/td>\n<td>195-300g<\/td>\n<td>400-430g<\/td>\n<td>450-495g<\/td>\n<td>530-510g<\/td>\n<td>465-455g<\/td>\n<\/tr>\n<tr>\n<td>60<\/td>\n<td>15g + lait<\/td>\n<td>250-395g<\/td>\n<td>475-535g<\/td>\n<td>575-650g<\/td>\n<td>690-650g<\/td>\n<td>575-570g<\/td>\n<\/tr>\n<tr>\n<td>70<\/td>\n<td>15g + lait<\/td>\n<td>275-440g<\/td>\n<td>525-590g<\/td>\n<td>640-720g<\/td>\n<td>765-722g<\/td>\n<td>635-630g<\/td>\n<\/tr>\n<\/tbody>\n<\/table>\n<\/div>\n<\/div>\n","protected":false},"excerpt":{"rendered":"<div class=\"product-intro\" style=\"font-family: 'Inter', sans-serif; max-width: 900px; margin: auto; padding: 2rem;\">\n<p><!-- Description principale --><\/p>\n<ul>\n<li style=\"list-style-type: none;\">\n<ul>\n<li>Enrichi en colostrum pour aider \u00e0 renforcer la r\u00e9ponse immunitaire des chiots jusqu&#8217;\u00e0 50 % de plus.<\/li>\n<li>Une combinaison adapt\u00e9e des teneurs en prot\u00e9ines et en Mati\u00e8res grasses : pour favoriser une croissance saine et une bonne sant\u00e9 \u00e0 long terme.<\/li>\n<li>Une combinaison de nutriments essentiels pour aider \u00e0 soutenir la bonne sant\u00e9 des articulations de votre chiot.\u00c9nergie adapt\u00e9e au m\u00e9tabolisme plus actif de votre chiot.<\/li>\n<li>\u00c9nergie adapt\u00e9e au m\u00e9tabolisme plus actif de votre chiot.<\/li>\n<\/ul>\n<\/li>\n<\/ul>\n<p><strong>Tailles disponibles\u200b : 3 Kg, 12 Kg<br \/>\n<\/strong><\/p>\n<p><!-- Liens internes --><\/p>\n<div class=\"snopet-links\" style=\"display: flex; gap: 2rem; margin-top: 2rem; font-weight: bold; color: #916026; text-align: center;\"><a style=\"text-decoration: none; color: #916026;\" href=\"#info\">Pr\u00e9sentation du produit<\/a><br \/>\n<a style=\"text-decoration: none; color: #916026;\" href=\"#avantages\">Ingr\u00e9dients et nutrition <\/a><br \/>\n<a style=\"text-decoration: none; color: #916026;\" href=\"#guide\">Guide d&#8217;alimentation <\/a><\/div>\n<\/div>\n","protected":false},"featured_media":5817,"comment_status":"open","ping_status":"closed","template":"","meta":{"_acf_changed":false},"product_brand":[377],"product_cat":[265,286,285],"product_tag":[378,390,379],"class_list":{"0":"post-5814","1":"product","2":"type-product","3":"status-publish","4":"has-post-thumbnail","6":"product_brand-pro-plan","7":"product_cat-chiens","8":"product_cat-croquettes-nourriture-seche-chien","9":"product_cat-croquettes-pates-chien","10":"product_tag-croquettes","11":"product_tag-grand-chiot","12":"product_tag-pro-plan","14":"first","15":"instock","16":"purchasable","17":"product-type-variable"},"acf":[],"yoast_head":"<!-- This site is optimized with the Yoast SEO plugin v27.4 - https:\/\/yoast.com\/product\/yoast-seo-wordpress\/ -->\n<title>Croquettes Pro Plan Grand Chiot \u2013au Poulet Livraison Maroc<\/title>\n<meta name=\"description\" content=\"Croquettes Pro Plan Grand Chiot \u2013 Formule au poulet pour chiots athl\u00e9tiques. Livraison Maroc en 48h, suivi colis inclus.\" \/>\n<meta name=\"robots\" content=\"index, follow, max-snippet:-1, max-image-preview:large, max-video-preview:-1\" \/>\n<link rel=\"canonical\" href=\"https:\/\/snopet.ma\/market\/produit\/pro-plan-large-athletique-chiot-au-poulet\/\" \/>\n<meta property=\"og:locale\" content=\"fr_FR\" \/>\n<meta property=\"og:type\" content=\"article\" \/>\n<meta property=\"og:title\" content=\"Croquettes Pro Plan Grand Chiot \u2013au Poulet Livraison Maroc\" \/>\n<meta property=\"og:description\" content=\"Croquettes Pro Plan Grand Chiot \u2013 Formule au poulet pour chiots athl\u00e9tiques. Livraison Maroc en 48h, suivi colis inclus.\" \/>\n<meta property=\"og:url\" content=\"https:\/\/snopet.ma\/market\/produit\/pro-plan-large-athletique-chiot-au-poulet\/\" \/>\n<meta property=\"og:site_name\" content=\"Animalerie en ligne : nourriture, accessoires | Snopet\" \/>\n<meta property=\"article:modified_time\" content=\"2025-10-12T23:59:32+00:00\" \/>\n<meta property=\"og:image\" content=\"https:\/\/snopet.ma\/market\/wp-content\/uploads\/sites\/2\/2025\/08\/PRO-PLAN-Large-Athletic-Chiot-au-poulet.jpg\" \/>\n\t<meta property=\"og:image:width\" content=\"800\" \/>\n\t<meta property=\"og:image:height\" content=\"800\" \/>\n\t<meta property=\"og:image:type\" content=\"image\/jpeg\" \/>\n<meta name=\"twitter:card\" content=\"summary_large_image\" \/>\n<meta name=\"twitter:label1\" content=\"Dur\u00e9e de lecture estim\u00e9e\" \/>\n\t<meta name=\"twitter:data1\" content=\"3 minutes\" \/>\n<script type=\"application\/ld+json\" class=\"yoast-schema-graph\">{\"@context\":\"https:\\\/\\\/schema.org\",\"@graph\":[{\"@type\":\"WebPage\",\"@id\":\"https:\\\/\\\/snopet.ma\\\/market\\\/produit\\\/pro-plan-large-athletique-chiot-au-poulet\\\/\",\"url\":\"https:\\\/\\\/snopet.ma\\\/market\\\/produit\\\/pro-plan-large-athletique-chiot-au-poulet\\\/\",\"name\":\"Croquettes Pro Plan Grand Chiot \u2013au Poulet Livraison Maroc\",\"isPartOf\":{\"@id\":\"https:\\\/\\\/snopet.ma\\\/market\\\/#website\"},\"primaryImageOfPage\":{\"@id\":\"https:\\\/\\\/snopet.ma\\\/market\\\/produit\\\/pro-plan-large-athletique-chiot-au-poulet\\\/#primaryimage\"},\"image\":{\"@id\":\"https:\\\/\\\/snopet.ma\\\/market\\\/produit\\\/pro-plan-large-athletique-chiot-au-poulet\\\/#primaryimage\"},\"thumbnailUrl\":\"https:\\\/\\\/snopet.ma\\\/market\\\/wp-content\\\/uploads\\\/sites\\\/2\\\/2025\\\/08\\\/PRO-PLAN-Large-Athletic-Chiot-au-poulet.jpg\",\"datePublished\":\"2025-08-29T17:29:44+00:00\",\"dateModified\":\"2025-10-12T23:59:32+00:00\",\"description\":\"Croquettes Pro Plan Grand Chiot \u2013 Formule au poulet pour chiots athl\u00e9tiques. Livraison Maroc en 48h, suivi colis inclus.\",\"breadcrumb\":{\"@id\":\"https:\\\/\\\/snopet.ma\\\/market\\\/produit\\\/pro-plan-large-athletique-chiot-au-poulet\\\/#breadcrumb\"},\"inLanguage\":\"fr-FR\",\"potentialAction\":[{\"@type\":\"ReadAction\",\"target\":[\"https:\\\/\\\/snopet.ma\\\/market\\\/produit\\\/pro-plan-large-athletique-chiot-au-poulet\\\/\"]}]},{\"@type\":\"ImageObject\",\"inLanguage\":\"fr-FR\",\"@id\":\"https:\\\/\\\/snopet.ma\\\/market\\\/produit\\\/pro-plan-large-athletique-chiot-au-poulet\\\/#primaryimage\",\"url\":\"https:\\\/\\\/snopet.ma\\\/market\\\/wp-content\\\/uploads\\\/sites\\\/2\\\/2025\\\/08\\\/PRO-PLAN-Large-Athletic-Chiot-au-poulet.jpg\",\"contentUrl\":\"https:\\\/\\\/snopet.ma\\\/market\\\/wp-content\\\/uploads\\\/sites\\\/2\\\/2025\\\/08\\\/PRO-PLAN-Large-Athletic-Chiot-au-poulet.jpg\",\"width\":800,\"height\":800,\"caption\":\"PRO PLAN Large Athl\u00e9tique Chiot - au Poulet\"},{\"@type\":\"BreadcrumbList\",\"@id\":\"https:\\\/\\\/snopet.ma\\\/market\\\/produit\\\/pro-plan-large-athletique-chiot-au-poulet\\\/#breadcrumb\",\"itemListElement\":[{\"@type\":\"ListItem\",\"position\":1,\"name\":\"Home\",\"item\":\"https:\\\/\\\/snopet.ma\\\/market\\\/\"},{\"@type\":\"ListItem\",\"position\":2,\"name\":\"Shop\",\"item\":\"https:\\\/\\\/snopet.ma\\\/market\\\/shop\\\/\"},{\"@type\":\"ListItem\",\"position\":3,\"name\":\"PRO PLAN Large Athl\u00e9tique Chiot &#8211; au Poulet\"}]},{\"@type\":\"WebSite\",\"@id\":\"https:\\\/\\\/snopet.ma\\\/market\\\/#website\",\"url\":\"https:\\\/\\\/snopet.ma\\\/market\\\/\",\"name\":\"Animalerie en ligne : nourriture, accessoires | Snopet\",\"description\":\"\",\"publisher\":{\"@id\":\"https:\\\/\\\/snopet.ma\\\/market\\\/#organization\"},\"potentialAction\":[{\"@type\":\"SearchAction\",\"target\":{\"@type\":\"EntryPoint\",\"urlTemplate\":\"https:\\\/\\\/snopet.ma\\\/market\\\/?s={search_term_string}\"},\"query-input\":{\"@type\":\"PropertyValueSpecification\",\"valueRequired\":true,\"valueName\":\"search_term_string\"}}],\"inLanguage\":\"fr-FR\"},{\"@type\":\"Organization\",\"@id\":\"https:\\\/\\\/snopet.ma\\\/market\\\/#organization\",\"name\":\"MYHA WEB & TRADE\",\"url\":\"https:\\\/\\\/snopet.ma\\\/market\\\/\",\"logo\":{\"@type\":\"ImageObject\",\"inLanguage\":\"fr-FR\",\"@id\":\"https:\\\/\\\/snopet.ma\\\/market\\\/#\\\/schema\\\/logo\\\/image\\\/\",\"url\":\"https:\\\/\\\/snopet.ma\\\/market\\\/wp-content\\\/uploads\\\/sites\\\/2\\\/2025\\\/08\\\/cropped-snopet-logo.png\",\"contentUrl\":\"https:\\\/\\\/snopet.ma\\\/market\\\/wp-content\\\/uploads\\\/sites\\\/2\\\/2025\\\/08\\\/cropped-snopet-logo.png\",\"width\":555,\"height\":183,\"caption\":\"MYHA WEB & TRADE\"},\"image\":{\"@id\":\"https:\\\/\\\/snopet.ma\\\/market\\\/#\\\/schema\\\/logo\\\/image\\\/\"}}]}<\/script>\n<!-- \/ Yoast SEO plugin. -->","yoast_head_json":{"title":"Croquettes Pro Plan Grand Chiot \u2013au Poulet Livraison Maroc","description":"Croquettes Pro Plan Grand Chiot \u2013 Formule au poulet pour chiots athl\u00e9tiques. Livraison Maroc en 48h, suivi colis inclus.","robots":{"index":"index","follow":"follow","max-snippet":"max-snippet:-1","max-image-preview":"max-image-preview:large","max-video-preview":"max-video-preview:-1"},"canonical":"https:\/\/snopet.ma\/market\/produit\/pro-plan-large-athletique-chiot-au-poulet\/","og_locale":"fr_FR","og_type":"article","og_title":"Croquettes Pro Plan Grand Chiot \u2013au Poulet Livraison Maroc","og_description":"Croquettes Pro Plan Grand Chiot \u2013 Formule au poulet pour chiots athl\u00e9tiques. Livraison Maroc en 48h, suivi colis inclus.","og_url":"https:\/\/snopet.ma\/market\/produit\/pro-plan-large-athletique-chiot-au-poulet\/","og_site_name":"Animalerie en ligne : nourriture, accessoires | Snopet","article_modified_time":"2025-10-12T23:59:32+00:00","og_image":[{"width":800,"height":800,"url":"https:\/\/snopet.ma\/market\/wp-content\/uploads\/sites\/2\/2025\/08\/PRO-PLAN-Large-Athletic-Chiot-au-poulet.jpg","type":"image\/jpeg"}],"twitter_card":"summary_large_image","twitter_misc":{"Dur\u00e9e de lecture estim\u00e9e":"3 minutes"},"schema":{"@context":"https:\/\/schema.org","@graph":[{"@type":"WebPage","@id":"https:\/\/snopet.ma\/market\/produit\/pro-plan-large-athletique-chiot-au-poulet\/","url":"https:\/\/snopet.ma\/market\/produit\/pro-plan-large-athletique-chiot-au-poulet\/","name":"Croquettes Pro Plan Grand Chiot \u2013au Poulet Livraison Maroc","isPartOf":{"@id":"https:\/\/snopet.ma\/market\/#website"},"primaryImageOfPage":{"@id":"https:\/\/snopet.ma\/market\/produit\/pro-plan-large-athletique-chiot-au-poulet\/#primaryimage"},"image":{"@id":"https:\/\/snopet.ma\/market\/produit\/pro-plan-large-athletique-chiot-au-poulet\/#primaryimage"},"thumbnailUrl":"https:\/\/snopet.ma\/market\/wp-content\/uploads\/sites\/2\/2025\/08\/PRO-PLAN-Large-Athletic-Chiot-au-poulet.jpg","datePublished":"2025-08-29T17:29:44+00:00","dateModified":"2025-10-12T23:59:32+00:00","description":"Croquettes Pro Plan Grand Chiot \u2013 Formule au poulet pour chiots athl\u00e9tiques. Livraison Maroc en 48h, suivi colis inclus.","breadcrumb":{"@id":"https:\/\/snopet.ma\/market\/produit\/pro-plan-large-athletique-chiot-au-poulet\/#breadcrumb"},"inLanguage":"fr-FR","potentialAction":[{"@type":"ReadAction","target":["https:\/\/snopet.ma\/market\/produit\/pro-plan-large-athletique-chiot-au-poulet\/"]}]},{"@type":"ImageObject","inLanguage":"fr-FR","@id":"https:\/\/snopet.ma\/market\/produit\/pro-plan-large-athletique-chiot-au-poulet\/#primaryimage","url":"https:\/\/snopet.ma\/market\/wp-content\/uploads\/sites\/2\/2025\/08\/PRO-PLAN-Large-Athletic-Chiot-au-poulet.jpg","contentUrl":"https:\/\/snopet.ma\/market\/wp-content\/uploads\/sites\/2\/2025\/08\/PRO-PLAN-Large-Athletic-Chiot-au-poulet.jpg","width":800,"height":800,"caption":"PRO PLAN Large Athl\u00e9tique Chiot - au Poulet"},{"@type":"BreadcrumbList","@id":"https:\/\/snopet.ma\/market\/produit\/pro-plan-large-athletique-chiot-au-poulet\/#breadcrumb","itemListElement":[{"@type":"ListItem","position":1,"name":"Home","item":"https:\/\/snopet.ma\/market\/"},{"@type":"ListItem","position":2,"name":"Shop","item":"https:\/\/snopet.ma\/market\/shop\/"},{"@type":"ListItem","position":3,"name":"PRO PLAN Large Athl\u00e9tique Chiot &#8211; au Poulet"}]},{"@type":"WebSite","@id":"https:\/\/snopet.ma\/market\/#website","url":"https:\/\/snopet.ma\/market\/","name":"Animalerie en ligne : nourriture, accessoires | Snopet","description":"","publisher":{"@id":"https:\/\/snopet.ma\/market\/#organization"},"potentialAction":[{"@type":"SearchAction","target":{"@type":"EntryPoint","urlTemplate":"https:\/\/snopet.ma\/market\/?s={search_term_string}"},"query-input":{"@type":"PropertyValueSpecification","valueRequired":true,"valueName":"search_term_string"}}],"inLanguage":"fr-FR"},{"@type":"Organization","@id":"https:\/\/snopet.ma\/market\/#organization","name":"MYHA WEB & TRADE","url":"https:\/\/snopet.ma\/market\/","logo":{"@type":"ImageObject","inLanguage":"fr-FR","@id":"https:\/\/snopet.ma\/market\/#\/schema\/logo\/image\/","url":"https:\/\/snopet.ma\/market\/wp-content\/uploads\/sites\/2\/2025\/08\/cropped-snopet-logo.png","contentUrl":"https:\/\/snopet.ma\/market\/wp-content\/uploads\/sites\/2\/2025\/08\/cropped-snopet-logo.png","width":555,"height":183,"caption":"MYHA WEB & TRADE"},"image":{"@id":"https:\/\/snopet.ma\/market\/#\/schema\/logo\/image\/"}}]}},"_links":{"self":[{"href":"https:\/\/snopet.ma\/market\/wp-json\/wp\/v2\/product\/5814","targetHints":{"allow":["GET"]}}],"collection":[{"href":"https:\/\/snopet.ma\/market\/wp-json\/wp\/v2\/product"}],"about":[{"href":"https:\/\/snopet.ma\/market\/wp-json\/wp\/v2\/types\/product"}],"replies":[{"embeddable":true,"href":"https:\/\/snopet.ma\/market\/wp-json\/wp\/v2\/comments?post=5814"}],"wp:featuredmedia":[{"embeddable":true,"href":"https:\/\/snopet.ma\/market\/wp-json\/wp\/v2\/media\/5817"}],"wp:attachment":[{"href":"https:\/\/snopet.ma\/market\/wp-json\/wp\/v2\/media?parent=5814"}],"wp:term":[{"taxonomy":"product_brand","embeddable":true,"href":"https:\/\/snopet.ma\/market\/wp-json\/wp\/v2\/product_brand?post=5814"},{"taxonomy":"product_cat","embeddable":true,"href":"https:\/\/snopet.ma\/market\/wp-json\/wp\/v2\/product_cat?post=5814"},{"taxonomy":"product_tag","embeddable":true,"href":"https:\/\/snopet.ma\/market\/wp-json\/wp\/v2\/product_tag?post=5814"}],"curies":[{"name":"wp","href":"https:\/\/api.w.org\/{rel}","templated":true}]}}