{"id":2844,"date":"2016-03-24T12:57:35","date_gmt":"2016-03-24T12:57:35","guid":{"rendered":"https:\/\/demo2.chethemes.com\/electro\/?page_id=2844"},"modified":"2016-03-24T12:57:35","modified_gmt":"2016-03-24T12:57:35","slug":"store-directory","status":"publish","type":"page","link":"https:\/\/snopet.ma\/market\/store-directory\/","title":{"rendered":"Store Directory"},"content":{"rendered":"\t\t<div class=\"electro-store-directory clearfix\">\n\t\t\t<hr class=\"no-margin\">\n\t\t\t<div class=\"widget woocommerce widget_product_categories\"><h2 class=\"widgettitle\">Cat\u00e9gories de produits<\/h2><ul class=\"product-categories\"><li class=\"cat-item cat-item-272\"><a href=\"https:\/\/snopet.ma\/market\/categorie-produit\/animaux-ferme\/\">Animaux de Ferme<\/a><\/li>\n<li class=\"cat-item cat-item-266 cat-parent\"><a href=\"https:\/\/snopet.ma\/market\/categorie-produit\/chats\/\">Chats<\/a><ul class='children'>\n<li class=\"cat-item cat-item-276\"><a href=\"https:\/\/snopet.ma\/market\/categorie-produit\/chats\/abreuvoires-mangeoires-chat\/\">Abreuvoires &amp; Mangeoires<\/a><\/li>\n<li class=\"cat-item cat-item-283\"><a href=\"https:\/\/snopet.ma\/market\/categorie-produit\/chats\/arbre-chat-griffoir\/\">Arbre \u00e0 Chat &amp; Griffoir<\/a><\/li>\n<li class=\"cat-item cat-item-284\"><a href=\"https:\/\/snopet.ma\/market\/categorie-produit\/chats\/colliers-harnais-chats\/\">Colliers, Harnais &amp; Laisses<\/a><\/li>\n<li class=\"cat-item cat-item-277\"><a href=\"https:\/\/snopet.ma\/market\/categorie-produit\/chats\/couchages-transports-chat\/\">Couchage &amp; Transports<\/a><\/li>\n<li class=\"cat-item cat-item-273 cat-parent\"><a href=\"https:\/\/snopet.ma\/market\/categorie-produit\/chats\/croquettes-pates-chat\/\">Croquettes &amp; P\u00e2t\u00e9es<\/a>\t<ul class='children'>\n<li class=\"cat-item cat-item-275\"><a href=\"https:\/\/snopet.ma\/market\/categorie-produit\/chats\/croquettes-pates-chat\/croquettes-nourriture-seche-chat\/\">Croquettes - Nourriture S\u00e9che<\/a><\/li>\n<li class=\"cat-item cat-item-274\"><a href=\"https:\/\/snopet.ma\/market\/categorie-produit\/chats\/croquettes-pates-chat\/patees-nourriture-humide-chat\/\">P\u00e2t\u00e9es - Nourriture Humide<\/a><\/li>\n\t<\/ul>\n<\/li>\n<li class=\"cat-item cat-item-278\"><a href=\"https:\/\/snopet.ma\/market\/categorie-produit\/chats\/friandises-jouets-chat\/\">Friandises &amp; Jouets<\/a><\/li>\n<li class=\"cat-item cat-item-279 cat-parent\"><a href=\"https:\/\/snopet.ma\/market\/categorie-produit\/chats\/hygiene-toilettage-chat\/\">Hygi\u00e8ne &amp; Toilettage<\/a>\t<ul class='children'>\n<li class=\"cat-item cat-item-280\"><a href=\"https:\/\/snopet.ma\/market\/categorie-produit\/chats\/hygiene-toilettage-chat\/bacs-litiere\/\">Bacs \u00e0 Liti\u00e8re<\/a><\/li>\n<li class=\"cat-item cat-item-281\"><a href=\"https:\/\/snopet.ma\/market\/categorie-produit\/chats\/hygiene-toilettage-chat\/litieres-accessoires\/\">Liti\u00e8res &amp; Accessoires<\/a><\/li>\n\t<\/ul>\n<\/li>\n<li class=\"cat-item cat-item-282\"><a href=\"https:\/\/snopet.ma\/market\/categorie-produit\/chats\/parapharmacie-soins-chat\/\">Parapharmacie &amp; Soins<\/a><\/li>\n<\/ul>\n<\/li>\n<li class=\"cat-item cat-item-267 cat-parent\"><a href=\"https:\/\/snopet.ma\/market\/categorie-produit\/chevaux\/\">Chevaux<\/a><ul class='children'>\n<li class=\"cat-item cat-item-329\"><a href=\"https:\/\/snopet.ma\/market\/categorie-produit\/chevaux\/alimentation-friandises\/\">Alimentation &amp; Friandises<\/a><\/li>\n<li class=\"cat-item cat-item-331\"><a href=\"https:\/\/snopet.ma\/market\/categorie-produit\/chevaux\/brides-harnachements\/\">Brides &amp; Harnachements<\/a><\/li>\n<li class=\"cat-item cat-item-332\"><a href=\"https:\/\/snopet.ma\/market\/categorie-produit\/chevaux\/couvertures-transports\/\">Couvertures &amp; Transports<\/a><\/li>\n<li class=\"cat-item cat-item-330\"><a href=\"https:\/\/snopet.ma\/market\/categorie-produit\/chevaux\/hygiene-pansage\/\">Hygi\u00e8ne &amp; Pansage<\/a><\/li>\n<li class=\"cat-item cat-item-334\"><a href=\"https:\/\/snopet.ma\/market\/categorie-produit\/chevaux\/parapharmacie-vitamines\/\">Parapharmacie &amp; Vitamines<\/a><\/li>\n<li class=\"cat-item cat-item-333\"><a href=\"https:\/\/snopet.ma\/market\/categorie-produit\/chevaux\/soins-protection\/\">Soins &amp; Protection<\/a><\/li>\n<\/ul>\n<\/li>\n<li class=\"cat-item cat-item-265 cat-parent\"><a href=\"https:\/\/snopet.ma\/market\/categorie-produit\/chiens\/\">Chiens<\/a><ul class='children'>\n<li class=\"cat-item cat-item-289\"><a href=\"https:\/\/snopet.ma\/market\/categorie-produit\/chiens\/abreuvoires-mangeoires-chien\/\">Abreuvoires &amp; Mangeoires<\/a><\/li>\n<li class=\"cat-item cat-item-291\"><a href=\"https:\/\/snopet.ma\/market\/categorie-produit\/chiens\/couchages-transports-chien\/\">Couchage &amp; Transports<\/a><\/li>\n<li class=\"cat-item cat-item-285 cat-parent\"><a href=\"https:\/\/snopet.ma\/market\/categorie-produit\/chiens\/croquettes-pates-chien\/\">Croquettes &amp; P\u00e2t\u00e9es<\/a>\t<ul class='children'>\n<li class=\"cat-item cat-item-286\"><a href=\"https:\/\/snopet.ma\/market\/categorie-produit\/chiens\/croquettes-pates-chien\/croquettes-nourriture-seche-chien\/\">Croquettes - Nourriture S\u00e9che<\/a><\/li>\n<li class=\"cat-item cat-item-287\"><a href=\"https:\/\/snopet.ma\/market\/categorie-produit\/chiens\/croquettes-pates-chien\/patees-nourriture-humide-chien\/\">P\u00e2t\u00e9es - Nourriture Humide<\/a><\/li>\n\t<\/ul>\n<\/li>\n<li class=\"cat-item cat-item-288\"><a href=\"https:\/\/snopet.ma\/market\/categorie-produit\/chiens\/education-dressage-chien\/\">Education &amp; Dressage<\/a><\/li>\n<li class=\"cat-item cat-item-290\"><a href=\"https:\/\/snopet.ma\/market\/categorie-produit\/chiens\/friandises-jouets-chien\/\">Friandises &amp; Jouets<\/a><\/li>\n<li class=\"cat-item cat-item-292\"><a href=\"https:\/\/snopet.ma\/market\/categorie-produit\/chiens\/hygiene-toilettage-chien\/\">Hygi\u00e8ne &amp; Toilettage<\/a><\/li>\n<li class=\"cat-item cat-item-294 cat-parent\"><a href=\"https:\/\/snopet.ma\/market\/categorie-produit\/chiens\/laisses-colliers-harnais-chiens\/\">Laisses, Harnais, Colliers &amp; Museli\u00e8res<\/a>\t<ul class='children'>\n<li class=\"cat-item cat-item-295\"><a href=\"https:\/\/snopet.ma\/market\/categorie-produit\/chiens\/laisses-colliers-harnais-chiens\/colliers-muselieres-chiens\/\">Colliers &amp; Museli\u00e8res<\/a><\/li>\n<li class=\"cat-item cat-item-296\"><a href=\"https:\/\/snopet.ma\/market\/categorie-produit\/chiens\/laisses-colliers-harnais-chiens\/laisses-harnais-chien\/\">Laisses &amp; Harnais<\/a><\/li>\n\t<\/ul>\n<\/li>\n<li class=\"cat-item cat-item-293\"><a href=\"https:\/\/snopet.ma\/market\/categorie-produit\/chiens\/parapharmacie-antiparasitaires-chien\/\">Parapharmacie &amp; Antiparasitaires<\/a><\/li>\n<\/ul>\n<\/li>\n<li class=\"cat-item cat-item-620\"><a href=\"https:\/\/snopet.ma\/market\/categorie-produit\/lapin\/\">Lapin<\/a><\/li>\n<li class=\"cat-item cat-item-15\"><a href=\"https:\/\/snopet.ma\/market\/categorie-produit\/non-classe\/\">Non class\u00e9<\/a><\/li>\n<li class=\"cat-item cat-item-268 cat-parent\"><a href=\"https:\/\/snopet.ma\/market\/categorie-produit\/oiseaux\/\">Oiseaux<\/a><ul class='children'>\n<li class=\"cat-item cat-item-335 cat-parent\"><a href=\"https:\/\/snopet.ma\/market\/categorie-produit\/oiseaux\/oiseaux-chanteurs\/\">Oiseaux Chanteurs<\/a>\t<ul class='children'>\n<li class=\"cat-item cat-item-341\"><a href=\"https:\/\/snopet.ma\/market\/categorie-produit\/oiseaux\/oiseaux-chanteurs\/abreuvoirs-mangeoires-oiseaux\/\">Abreuvoirs &amp; Mangeoires<\/a><\/li>\n<li class=\"cat-item cat-item-345\"><a href=\"https:\/\/snopet.ma\/market\/categorie-produit\/oiseaux\/oiseaux-chanteurs\/cages-nids-oiseaux\/\">Cages, Nids &amp; Accessoires<\/a><\/li>\n<li class=\"cat-item cat-item-347\"><a href=\"https:\/\/snopet.ma\/market\/categorie-produit\/oiseaux\/oiseaux-chanteurs\/friandises-jouets-oiseaux\/\">Friandises &amp; Jouets<\/a><\/li>\n<li class=\"cat-item cat-item-338\"><a href=\"https:\/\/snopet.ma\/market\/categorie-produit\/oiseaux\/oiseaux-chanteurs\/graines-melanges-oiseaux\/\">Graines &amp; M\u00e9langes<\/a><\/li>\n<li class=\"cat-item cat-item-350\"><a href=\"https:\/\/snopet.ma\/market\/categorie-produit\/oiseaux\/oiseaux-chanteurs\/traitements-vitamines-oiseaux\/\">Traitements &amp; Vitamines<\/a><\/li>\n\t<\/ul>\n<\/li>\n<li class=\"cat-item cat-item-336 cat-parent\"><a href=\"https:\/\/snopet.ma\/market\/categorie-produit\/oiseaux\/perruches-perroquets\/\">Perruches &amp; Perroquets<\/a>\t<ul class='children'>\n<li class=\"cat-item cat-item-342\"><a href=\"https:\/\/snopet.ma\/market\/categorie-produit\/oiseaux\/perruches-perroquets\/abreuvoirs-mangeoires-perroquets\/\">Abreuvoirs &amp; Mangeoires<\/a><\/li>\n<li class=\"cat-item cat-item-346\"><a href=\"https:\/\/snopet.ma\/market\/categorie-produit\/oiseaux\/perruches-perroquets\/cages-nids-perroquets\/\">Cages, Nids &amp; Accessoires<\/a><\/li>\n<li class=\"cat-item cat-item-348\"><a href=\"https:\/\/snopet.ma\/market\/categorie-produit\/oiseaux\/perruches-perroquets\/friandises-jouets-perroquets\/\">Friandises &amp; Jouets<\/a><\/li>\n<li class=\"cat-item cat-item-339\"><a href=\"https:\/\/snopet.ma\/market\/categorie-produit\/oiseaux\/perruches-perroquets\/graines-melanges-perroquets\/\">Graines &amp; M\u00e9langes<\/a><\/li>\n<li class=\"cat-item cat-item-352\"><a href=\"https:\/\/snopet.ma\/market\/categorie-produit\/oiseaux\/perruches-perroquets\/traitements-vitamines-perroquets\/\">Traitements &amp; Vitamines<\/a><\/li>\n\t<\/ul>\n<\/li>\n<li class=\"cat-item cat-item-337 cat-parent\"><a href=\"https:\/\/snopet.ma\/market\/categorie-produit\/oiseaux\/pigeons\/\">Pigeons Ornements &amp; Voyageurs<\/a>\t<ul class='children'>\n<li class=\"cat-item cat-item-343\"><a href=\"https:\/\/snopet.ma\/market\/categorie-produit\/oiseaux\/pigeons\/abreuvoirs-mangeoires-pigeons\/\">Abreuvoirs &amp; Mangeoires<\/a><\/li>\n<li class=\"cat-item cat-item-344\"><a href=\"https:\/\/snopet.ma\/market\/categorie-produit\/oiseaux\/pigeons\/cages-nids-pigeons\/\">Cages, Nids &amp; Accessoires<\/a><\/li>\n<li class=\"cat-item cat-item-340\"><a href=\"https:\/\/snopet.ma\/market\/categorie-produit\/oiseaux\/pigeons\/graines-melanges-pigeons\/\">Graines &amp; M\u00e9langes<\/a><\/li>\n<li class=\"cat-item cat-item-349\"><a href=\"https:\/\/snopet.ma\/market\/categorie-produit\/oiseaux\/pigeons\/panier-pigeons\/\">Panier de Trnsport<\/a><\/li>\n<li class=\"cat-item cat-item-351\"><a href=\"https:\/\/snopet.ma\/market\/categorie-produit\/oiseaux\/pigeons\/traitements-vitamines-pigeons\/\">Traitements &amp; Vitamines<\/a><\/li>\n\t<\/ul>\n<\/li>\n<\/ul>\n<\/li>\n<li class=\"cat-item cat-item-269 cat-parent\"><a href=\"https:\/\/snopet.ma\/market\/categorie-produit\/poissons\/\">Poissons<\/a><ul class='children'>\n<li class=\"cat-item cat-item-466\"><a href=\"https:\/\/snopet.ma\/market\/categorie-produit\/poissons\/aquariums\/\">Aquariums<\/a><\/li>\n<li class=\"cat-item cat-item-468\"><a href=\"https:\/\/snopet.ma\/market\/categorie-produit\/poissons\/nourriture-poissons\/\">Nourriture Poissons<\/a><\/li>\n<\/ul>\n<\/li>\n<li class=\"cat-item cat-item-270\"><a href=\"https:\/\/snopet.ma\/market\/categorie-produit\/rongeurs-reptiles\/\">Rongeurs &amp; Reptiles<\/a><\/li>\n<li class=\"cat-item cat-item-271 cat-parent\"><a href=\"https:\/\/snopet.ma\/market\/categorie-produit\/volailles\/\">Volailles<\/a><ul class='children'>\n<li class=\"cat-item cat-item-366\"><a href=\"https:\/\/snopet.ma\/market\/categorie-produit\/volailles\/abreuvoirs-mangeoires-volailles\/\">Abreuvoirs &amp; Mangeoires<\/a><\/li>\n<li class=\"cat-item cat-item-370\"><a href=\"https:\/\/snopet.ma\/market\/categorie-produit\/volailles\/accessoires-volailles\/\">Accessoires d'\u00e9levage<\/a><\/li>\n<li class=\"cat-item cat-item-365\"><a href=\"https:\/\/snopet.ma\/market\/categorie-produit\/volailles\/aliment-melanges-volailles\/\">Aliments &amp; M\u00e9langes<\/a><\/li>\n<li class=\"cat-item cat-item-367\"><a href=\"https:\/\/snopet.ma\/market\/categorie-produit\/volailles\/cages-pondoirs\/\">Cages &amp; Pondoirs<\/a><\/li>\n<li class=\"cat-item cat-item-369\"><a href=\"https:\/\/snopet.ma\/market\/categorie-produit\/volailles\/caise-transport\/\">Caisse de Transport<\/a><\/li>\n<li class=\"cat-item cat-item-368\"><a href=\"https:\/\/snopet.ma\/market\/categorie-produit\/volailles\/incubateurs-plumeuse\/\">Incubateurs &amp; Plumeuse<\/a><\/li>\n<\/ul>\n<\/li>\n<\/ul><\/div>\t\t<\/div>\n\t\t\n","protected":false},"excerpt":{"rendered":"Cat\u00e9gories de produitsAnimaux de Ferme Chats Abreuvoires &amp; Mangeoires Arbre \u00e0 Chat &amp; Griffoir Colliers, Harnais &amp; Laisses Couchage &amp; Transports Croquettes &amp; P\u00e2t\u00e9es Croquettes - Nourriture S\u00e9che P\u00e2t\u00e9es -","protected":false},"author":1,"featured_media":0,"parent":0,"menu_order":0,"comment_status":"closed","ping_status":"closed","template":"","meta":{"footnotes":""},"class_list":["post-2844","page","type-page","status-publish","hentry"],"yoast_head":"<!-- This site is optimized with the Yoast SEO plugin v27.5 - https:\/\/yoast.com\/product\/yoast-seo-wordpress\/ -->\n<title>Store Directory - Animalerie en ligne : nourriture, accessoires | Snopet<\/title>\n<meta name=\"robots\" content=\"index, follow, max-snippet:-1, max-image-preview:large, max-video-preview:-1\" \/>\n<link rel=\"canonical\" href=\"https:\/\/snopet.ma\/market\/store-directory\/\" \/>\n<meta property=\"og:locale\" content=\"fr_FR\" \/>\n<meta property=\"og:type\" content=\"article\" \/>\n<meta property=\"og:title\" content=\"Store Directory - Animalerie en ligne : nourriture, accessoires | Snopet\" \/>\n<meta property=\"og:url\" content=\"https:\/\/snopet.ma\/market\/store-directory\/\" \/>\n<meta property=\"og:site_name\" content=\"Animalerie en ligne : nourriture, accessoires | Snopet\" \/>\n<meta name=\"twitter:card\" content=\"summary_large_image\" \/>\n<script type=\"application\/ld+json\" class=\"yoast-schema-graph\">{\"@context\":\"https:\\\/\\\/schema.org\",\"@graph\":[{\"@type\":\"WebPage\",\"@id\":\"https:\\\/\\\/snopet.ma\\\/market\\\/store-directory\\\/\",\"url\":\"https:\\\/\\\/snopet.ma\\\/market\\\/store-directory\\\/\",\"name\":\"Store Directory - Animalerie en ligne : nourriture, accessoires | Snopet\",\"isPartOf\":{\"@id\":\"https:\\\/\\\/snopet.ma\\\/market\\\/#website\"},\"datePublished\":\"2016-03-24T12:57:35+00:00\",\"breadcrumb\":{\"@id\":\"https:\\\/\\\/snopet.ma\\\/market\\\/store-directory\\\/#breadcrumb\"},\"inLanguage\":\"fr-FR\",\"potentialAction\":[{\"@type\":\"ReadAction\",\"target\":[\"https:\\\/\\\/snopet.ma\\\/market\\\/store-directory\\\/\"]}]},{\"@type\":\"BreadcrumbList\",\"@id\":\"https:\\\/\\\/snopet.ma\\\/market\\\/store-directory\\\/#breadcrumb\",\"itemListElement\":[{\"@type\":\"ListItem\",\"position\":1,\"name\":\"Home\",\"item\":\"https:\\\/\\\/snopet.ma\\\/market\\\/\"},{\"@type\":\"ListItem\",\"position\":2,\"name\":\"Store Directory\"}]},{\"@type\":\"WebSite\",\"@id\":\"https:\\\/\\\/snopet.ma\\\/market\\\/#website\",\"url\":\"https:\\\/\\\/snopet.ma\\\/market\\\/\",\"name\":\"Animalerie en ligne : nourriture, accessoires | Snopet\",\"description\":\"\",\"publisher\":{\"@id\":\"https:\\\/\\\/snopet.ma\\\/market\\\/#organization\"},\"potentialAction\":[{\"@type\":\"SearchAction\",\"target\":{\"@type\":\"EntryPoint\",\"urlTemplate\":\"https:\\\/\\\/snopet.ma\\\/market\\\/?s={search_term_string}\"},\"query-input\":{\"@type\":\"PropertyValueSpecification\",\"valueRequired\":true,\"valueName\":\"search_term_string\"}}],\"inLanguage\":\"fr-FR\"},{\"@type\":\"Organization\",\"@id\":\"https:\\\/\\\/snopet.ma\\\/market\\\/#organization\",\"name\":\"MYHA WEB & TRADE\",\"url\":\"https:\\\/\\\/snopet.ma\\\/market\\\/\",\"logo\":{\"@type\":\"ImageObject\",\"inLanguage\":\"fr-FR\",\"@id\":\"https:\\\/\\\/snopet.ma\\\/market\\\/#\\\/schema\\\/logo\\\/image\\\/\",\"url\":\"https:\\\/\\\/snopet.ma\\\/market\\\/wp-content\\\/uploads\\\/sites\\\/2\\\/2025\\\/08\\\/cropped-snopet-logo.png\",\"contentUrl\":\"https:\\\/\\\/snopet.ma\\\/market\\\/wp-content\\\/uploads\\\/sites\\\/2\\\/2025\\\/08\\\/cropped-snopet-logo.png\",\"width\":555,\"height\":183,\"caption\":\"MYHA WEB & TRADE\"},\"image\":{\"@id\":\"https:\\\/\\\/snopet.ma\\\/market\\\/#\\\/schema\\\/logo\\\/image\\\/\"}}]}<\/script>\n<!-- \/ Yoast SEO plugin. -->","yoast_head_json":{"title":"Store Directory - Animalerie en ligne : nourriture, accessoires | Snopet","robots":{"index":"index","follow":"follow","max-snippet":"max-snippet:-1","max-image-preview":"max-image-preview:large","max-video-preview":"max-video-preview:-1"},"canonical":"https:\/\/snopet.ma\/market\/store-directory\/","og_locale":"fr_FR","og_type":"article","og_title":"Store Directory - Animalerie en ligne : nourriture, accessoires | Snopet","og_url":"https:\/\/snopet.ma\/market\/store-directory\/","og_site_name":"Animalerie en ligne : nourriture, accessoires | Snopet","twitter_card":"summary_large_image","schema":{"@context":"https:\/\/schema.org","@graph":[{"@type":"WebPage","@id":"https:\/\/snopet.ma\/market\/store-directory\/","url":"https:\/\/snopet.ma\/market\/store-directory\/","name":"Store Directory - Animalerie en ligne : nourriture, accessoires | Snopet","isPartOf":{"@id":"https:\/\/snopet.ma\/market\/#website"},"datePublished":"2016-03-24T12:57:35+00:00","breadcrumb":{"@id":"https:\/\/snopet.ma\/market\/store-directory\/#breadcrumb"},"inLanguage":"fr-FR","potentialAction":[{"@type":"ReadAction","target":["https:\/\/snopet.ma\/market\/store-directory\/"]}]},{"@type":"BreadcrumbList","@id":"https:\/\/snopet.ma\/market\/store-directory\/#breadcrumb","itemListElement":[{"@type":"ListItem","position":1,"name":"Home","item":"https:\/\/snopet.ma\/market\/"},{"@type":"ListItem","position":2,"name":"Store Directory"}]},{"@type":"WebSite","@id":"https:\/\/snopet.ma\/market\/#website","url":"https:\/\/snopet.ma\/market\/","name":"Animalerie en ligne : nourriture, accessoires | Snopet","description":"","publisher":{"@id":"https:\/\/snopet.ma\/market\/#organization"},"potentialAction":[{"@type":"SearchAction","target":{"@type":"EntryPoint","urlTemplate":"https:\/\/snopet.ma\/market\/?s={search_term_string}"},"query-input":{"@type":"PropertyValueSpecification","valueRequired":true,"valueName":"search_term_string"}}],"inLanguage":"fr-FR"},{"@type":"Organization","@id":"https:\/\/snopet.ma\/market\/#organization","name":"MYHA WEB & TRADE","url":"https:\/\/snopet.ma\/market\/","logo":{"@type":"ImageObject","inLanguage":"fr-FR","@id":"https:\/\/snopet.ma\/market\/#\/schema\/logo\/image\/","url":"https:\/\/snopet.ma\/market\/wp-content\/uploads\/sites\/2\/2025\/08\/cropped-snopet-logo.png","contentUrl":"https:\/\/snopet.ma\/market\/wp-content\/uploads\/sites\/2\/2025\/08\/cropped-snopet-logo.png","width":555,"height":183,"caption":"MYHA WEB & TRADE"},"image":{"@id":"https:\/\/snopet.ma\/market\/#\/schema\/logo\/image\/"}}]}},"_links":{"self":[{"href":"https:\/\/snopet.ma\/market\/wp-json\/wp\/v2\/pages\/2844","targetHints":{"allow":["GET"]}}],"collection":[{"href":"https:\/\/snopet.ma\/market\/wp-json\/wp\/v2\/pages"}],"about":[{"href":"https:\/\/snopet.ma\/market\/wp-json\/wp\/v2\/types\/page"}],"author":[{"embeddable":true,"href":"https:\/\/snopet.ma\/market\/wp-json\/wp\/v2\/users\/1"}],"replies":[{"embeddable":true,"href":"https:\/\/snopet.ma\/market\/wp-json\/wp\/v2\/comments?post=2844"}],"version-history":[{"count":0,"href":"https:\/\/snopet.ma\/market\/wp-json\/wp\/v2\/pages\/2844\/revisions"}],"wp:attachment":[{"href":"https:\/\/snopet.ma\/market\/wp-json\/wp\/v2\/media?parent=2844"}],"curies":[{"name":"wp","href":"https:\/\/api.w.org\/{rel}","templated":true}]}}