{"id":8686,"date":"2026-03-22T23:42:59","date_gmt":"2026-03-22T23:42:59","guid":{"rendered":"https:\/\/snopet.ma\/guide\/?post_type=product&#038;p=8686"},"modified":"2026-03-22T23:42:59","modified_gmt":"2026-03-22T23:42:59","slug":"perruche-a-collier-bleu","status":"publish","type":"product","link":"https:\/\/snopet.ma\/guide\/produit\/perruche-a-collier-bleu\/","title":{"rendered":"Perruche \u00e0 Collier Bleu"},"content":{"rendered":"","protected":false},"excerpt":{"rendered":"<p>Vente oiseaux grande perruche \u00e0 collier bleu des femelles et des males nous l avons emmen\u00e9e chez le v\u00e9t\u00e9rinaire pour un bilan de sante et elle a \u00e9t\u00e9 de bon sante et active pour plus d information contacte nous<\/p>\n","protected":false},"featured_media":8687,"comment_status":"closed","ping_status":"closed","template":"","meta":{"_acf_changed":false},"product_brand":[],"product_cat":[2892],"product_tag":[],"class_list":{"0":"post-8686","1":"product","2":"type-product","3":"status-publish","4":"has-post-thumbnail","6":"product_cat-oiseaux-vente","8":"first","9":"instock","10":"shipping-taxable","11":"product-type-external"},"acf":[],"yoast_head":"<!-- This site is optimized with the Yoast SEO plugin v27.4 - https:\/\/yoast.com\/product\/yoast-seo-wordpress\/ -->\n<title>Perruche \u00e0 Collier Bleu - Guide des races et esp\u00e8ces des animaux<\/title>\n<meta name=\"robots\" content=\"index, follow, max-snippet:-1, max-image-preview:large, max-video-preview:-1\" \/>\n<link rel=\"canonical\" href=\"https:\/\/snopet.ma\/guide\/produit\/perruche-a-collier-bleu\/\" \/>\n<meta property=\"og:locale\" content=\"fr_FR\" \/>\n<meta property=\"og:type\" content=\"article\" \/>\n<meta property=\"og:title\" content=\"Perruche \u00e0 Collier Bleu - Guide des races et esp\u00e8ces des animaux\" \/>\n<meta property=\"og:description\" content=\"Vente oiseaux grande perruche \u00e0 collier bleu des femelles et des males nous l avons emmen\u00e9e chez le v\u00e9t\u00e9rinaire pour un bilan de sante et elle a \u00e9t\u00e9 de bon sante et active pour plus d information contacte nous\" \/>\n<meta property=\"og:url\" content=\"https:\/\/snopet.ma\/guide\/produit\/perruche-a-collier-bleu\/\" \/>\n<meta property=\"og:site_name\" content=\"Guide des races et esp\u00e8ces des animaux\" \/>\n<meta property=\"article:publisher\" content=\"https:\/\/web.facebook.com\/snopetmaroc\" \/>\n<meta property=\"og:image\" content=\"https:\/\/snopet.ma\/guide\/wp-content\/uploads\/sites\/12\/2026\/03\/perruche-a-collier-bleu-a-vendre.jpg\" \/>\n\t<meta property=\"og:image:width\" content=\"800\" \/>\n\t<meta property=\"og:image:height\" content=\"778\" \/>\n\t<meta property=\"og:image:type\" content=\"image\/jpeg\" \/>\n<meta name=\"twitter:card\" content=\"summary_large_image\" \/>\n<meta name=\"twitter:label1\" content=\"Dur\u00e9e de lecture estim\u00e9e\" \/>\n\t<meta name=\"twitter:data1\" content=\"1 minute\" \/>\n<script type=\"application\/ld+json\" class=\"yoast-schema-graph\">{\"@context\":\"https:\\\/\\\/schema.org\",\"@graph\":[{\"@type\":\"WebPage\",\"@id\":\"https:\\\/\\\/snopet.ma\\\/guide\\\/produit\\\/perruche-a-collier-bleu\\\/\",\"url\":\"https:\\\/\\\/snopet.ma\\\/guide\\\/produit\\\/perruche-a-collier-bleu\\\/\",\"name\":\"Perruche \u00e0 Collier Bleu - Guide des races et esp\u00e8ces des animaux\",\"isPartOf\":{\"@id\":\"https:\\\/\\\/snopet.ma\\\/guide\\\/#website\"},\"primaryImageOfPage\":{\"@id\":\"https:\\\/\\\/snopet.ma\\\/guide\\\/produit\\\/perruche-a-collier-bleu\\\/#primaryimage\"},\"image\":{\"@id\":\"https:\\\/\\\/snopet.ma\\\/guide\\\/produit\\\/perruche-a-collier-bleu\\\/#primaryimage\"},\"thumbnailUrl\":\"https:\\\/\\\/snopet.ma\\\/guide\\\/wp-content\\\/uploads\\\/sites\\\/12\\\/2026\\\/03\\\/perruche-a-collier-bleu-a-vendre.jpg\",\"datePublished\":\"2026-03-22T23:42:59+00:00\",\"breadcrumb\":{\"@id\":\"https:\\\/\\\/snopet.ma\\\/guide\\\/produit\\\/perruche-a-collier-bleu\\\/#breadcrumb\"},\"inLanguage\":\"fr-FR\",\"potentialAction\":[{\"@type\":\"ReadAction\",\"target\":[\"https:\\\/\\\/snopet.ma\\\/guide\\\/produit\\\/perruche-a-collier-bleu\\\/\"]}]},{\"@type\":\"ImageObject\",\"inLanguage\":\"fr-FR\",\"@id\":\"https:\\\/\\\/snopet.ma\\\/guide\\\/produit\\\/perruche-a-collier-bleu\\\/#primaryimage\",\"url\":\"https:\\\/\\\/snopet.ma\\\/guide\\\/wp-content\\\/uploads\\\/sites\\\/12\\\/2026\\\/03\\\/perruche-a-collier-bleu-a-vendre.jpg\",\"contentUrl\":\"https:\\\/\\\/snopet.ma\\\/guide\\\/wp-content\\\/uploads\\\/sites\\\/12\\\/2026\\\/03\\\/perruche-a-collier-bleu-a-vendre.jpg\",\"width\":800,\"height\":778},{\"@type\":\"BreadcrumbList\",\"@id\":\"https:\\\/\\\/snopet.ma\\\/guide\\\/produit\\\/perruche-a-collier-bleu\\\/#breadcrumb\",\"itemListElement\":[{\"@type\":\"ListItem\",\"position\":1,\"name\":\"Accueil\",\"item\":\"https:\\\/\\\/snopet.ma\\\/guide\\\/\"},{\"@type\":\"ListItem\",\"position\":2,\"name\":\"Produits\",\"item\":\"https:\\\/\\\/snopet.ma\\\/guide\\\/boutique\\\/\"},{\"@type\":\"ListItem\",\"position\":3,\"name\":\"Perruche \u00e0 Collier Bleu\"}]},{\"@type\":\"WebSite\",\"@id\":\"https:\\\/\\\/snopet.ma\\\/guide\\\/#website\",\"url\":\"https:\\\/\\\/snopet.ma\\\/guide\\\/\",\"name\":\"Snopet Guide des Races\",\"description\":\"\",\"potentialAction\":[{\"@type\":\"SearchAction\",\"target\":{\"@type\":\"EntryPoint\",\"urlTemplate\":\"https:\\\/\\\/snopet.ma\\\/guide\\\/?s={search_term_string}\"},\"query-input\":{\"@type\":\"PropertyValueSpecification\",\"valueRequired\":true,\"valueName\":\"search_term_string\"}}],\"inLanguage\":\"fr-FR\"}]}<\/script>\n<!-- \/ Yoast SEO plugin. -->","yoast_head_json":{"title":"Perruche \u00e0 Collier Bleu - Guide des races et esp\u00e8ces des animaux","robots":{"index":"index","follow":"follow","max-snippet":"max-snippet:-1","max-image-preview":"max-image-preview:large","max-video-preview":"max-video-preview:-1"},"canonical":"https:\/\/snopet.ma\/guide\/produit\/perruche-a-collier-bleu\/","og_locale":"fr_FR","og_type":"article","og_title":"Perruche \u00e0 Collier Bleu - Guide des races et esp\u00e8ces des animaux","og_description":"Vente oiseaux grande perruche \u00e0 collier bleu des femelles et des males nous l avons emmen\u00e9e chez le v\u00e9t\u00e9rinaire pour un bilan de sante et elle a \u00e9t\u00e9 de bon sante et active pour plus d information contacte nous","og_url":"https:\/\/snopet.ma\/guide\/produit\/perruche-a-collier-bleu\/","og_site_name":"Guide des races et esp\u00e8ces des animaux","article_publisher":"https:\/\/web.facebook.com\/snopetmaroc","og_image":[{"width":800,"height":778,"url":"https:\/\/snopet.ma\/guide\/wp-content\/uploads\/sites\/12\/2026\/03\/perruche-a-collier-bleu-a-vendre.jpg","type":"image\/jpeg"}],"twitter_card":"summary_large_image","twitter_misc":{"Dur\u00e9e de lecture estim\u00e9e":"1 minute"},"schema":{"@context":"https:\/\/schema.org","@graph":[{"@type":"WebPage","@id":"https:\/\/snopet.ma\/guide\/produit\/perruche-a-collier-bleu\/","url":"https:\/\/snopet.ma\/guide\/produit\/perruche-a-collier-bleu\/","name":"Perruche \u00e0 Collier Bleu - Guide des races et esp\u00e8ces des animaux","isPartOf":{"@id":"https:\/\/snopet.ma\/guide\/#website"},"primaryImageOfPage":{"@id":"https:\/\/snopet.ma\/guide\/produit\/perruche-a-collier-bleu\/#primaryimage"},"image":{"@id":"https:\/\/snopet.ma\/guide\/produit\/perruche-a-collier-bleu\/#primaryimage"},"thumbnailUrl":"https:\/\/snopet.ma\/guide\/wp-content\/uploads\/sites\/12\/2026\/03\/perruche-a-collier-bleu-a-vendre.jpg","datePublished":"2026-03-22T23:42:59+00:00","breadcrumb":{"@id":"https:\/\/snopet.ma\/guide\/produit\/perruche-a-collier-bleu\/#breadcrumb"},"inLanguage":"fr-FR","potentialAction":[{"@type":"ReadAction","target":["https:\/\/snopet.ma\/guide\/produit\/perruche-a-collier-bleu\/"]}]},{"@type":"ImageObject","inLanguage":"fr-FR","@id":"https:\/\/snopet.ma\/guide\/produit\/perruche-a-collier-bleu\/#primaryimage","url":"https:\/\/snopet.ma\/guide\/wp-content\/uploads\/sites\/12\/2026\/03\/perruche-a-collier-bleu-a-vendre.jpg","contentUrl":"https:\/\/snopet.ma\/guide\/wp-content\/uploads\/sites\/12\/2026\/03\/perruche-a-collier-bleu-a-vendre.jpg","width":800,"height":778},{"@type":"BreadcrumbList","@id":"https:\/\/snopet.ma\/guide\/produit\/perruche-a-collier-bleu\/#breadcrumb","itemListElement":[{"@type":"ListItem","position":1,"name":"Accueil","item":"https:\/\/snopet.ma\/guide\/"},{"@type":"ListItem","position":2,"name":"Produits","item":"https:\/\/snopet.ma\/guide\/boutique\/"},{"@type":"ListItem","position":3,"name":"Perruche \u00e0 Collier Bleu"}]},{"@type":"WebSite","@id":"https:\/\/snopet.ma\/guide\/#website","url":"https:\/\/snopet.ma\/guide\/","name":"Snopet Guide des Races","description":"","potentialAction":[{"@type":"SearchAction","target":{"@type":"EntryPoint","urlTemplate":"https:\/\/snopet.ma\/guide\/?s={search_term_string}"},"query-input":{"@type":"PropertyValueSpecification","valueRequired":true,"valueName":"search_term_string"}}],"inLanguage":"fr-FR"}]}},"jetpack_sharing_enabled":true,"_links":{"self":[{"href":"https:\/\/snopet.ma\/guide\/wp-json\/wp\/v2\/product\/8686","targetHints":{"allow":["GET"]}}],"collection":[{"href":"https:\/\/snopet.ma\/guide\/wp-json\/wp\/v2\/product"}],"about":[{"href":"https:\/\/snopet.ma\/guide\/wp-json\/wp\/v2\/types\/product"}],"replies":[{"embeddable":true,"href":"https:\/\/snopet.ma\/guide\/wp-json\/wp\/v2\/comments?post=8686"}],"wp:featuredmedia":[{"embeddable":true,"href":"https:\/\/snopet.ma\/guide\/wp-json\/wp\/v2\/media\/8687"}],"wp:attachment":[{"href":"https:\/\/snopet.ma\/guide\/wp-json\/wp\/v2\/media?parent=8686"}],"wp:term":[{"taxonomy":"product_brand","embeddable":true,"href":"https:\/\/snopet.ma\/guide\/wp-json\/wp\/v2\/product_brand?post=8686"},{"taxonomy":"product_cat","embeddable":true,"href":"https:\/\/snopet.ma\/guide\/wp-json\/wp\/v2\/product_cat?post=8686"},{"taxonomy":"product_tag","embeddable":true,"href":"https:\/\/snopet.ma\/guide\/wp-json\/wp\/v2\/product_tag?post=8686"}],"curies":[{"name":"wp","href":"https:\/\/api.w.org\/{rel}","templated":true}]}}