{"id":8678,"date":"2026-03-22T23:22:01","date_gmt":"2026-03-22T23:22:01","guid":{"rendered":"https:\/\/snopet.ma\/guide\/?post_type=product&#038;p=8678"},"modified":"2026-03-22T23:22:01","modified_gmt":"2026-03-22T23:22:01","slug":"4-superbes-calopsittes-apprivoisees","status":"publish","type":"product","link":"https:\/\/snopet.ma\/guide\/produit\/4-superbes-calopsittes-apprivoisees\/","title":{"rendered":"4 Superbes Calopsittes apprivois\u00e9es"},"content":{"rendered":"","protected":false},"excerpt":{"rendered":"<p>Vente exclusivement et uniquement par Les Deux Couples pour leur bien \u00eatre. Offre exceptionnelle pour le lot complet. Voici toutes les informations cl\u00e9s pr\u00e9sent\u00e9es de mani\u00e8re claire et structur\u00e9e pour les acheteurs potentiels.<\/p>\n<p>0641975035<\/p>\n","protected":false},"featured_media":8679,"comment_status":"closed","ping_status":"closed","template":"","meta":{"_acf_changed":false},"product_brand":[],"product_cat":[2892],"product_tag":[],"class_list":{"0":"post-8678","1":"product","2":"type-product","3":"status-publish","4":"has-post-thumbnail","6":"product_cat-oiseaux-vente","8":"first","9":"instock","10":"shipping-taxable","11":"purchasable","12":"product-type-simple"},"acf":[],"yoast_head":"<!-- This site is optimized with the Yoast SEO plugin v27.4 - https:\/\/yoast.com\/product\/yoast-seo-wordpress\/ -->\n<title>4 Superbes Calopsittes apprivois\u00e9es - Guide des races et esp\u00e8ces des animaux<\/title>\n<meta name=\"robots\" content=\"index, follow, max-snippet:-1, max-image-preview:large, max-video-preview:-1\" \/>\n<link rel=\"canonical\" href=\"https:\/\/snopet.ma\/guide\/produit\/4-superbes-calopsittes-apprivoisees\/\" \/>\n<meta property=\"og:locale\" content=\"fr_FR\" \/>\n<meta property=\"og:type\" content=\"article\" \/>\n<meta property=\"og:title\" content=\"4 Superbes Calopsittes apprivois\u00e9es - Guide des races et esp\u00e8ces des animaux\" \/>\n<meta property=\"og:description\" content=\"Vente exclusivement et uniquement par Les Deux Couples pour leur bien \u00eatre. Offre exceptionnelle pour le lot complet. Voici toutes les informations cl\u00e9s pr\u00e9sent\u00e9es de mani\u00e8re claire et structur\u00e9e pour les acheteurs potentiels.  0641975035\" \/>\n<meta property=\"og:url\" content=\"https:\/\/snopet.ma\/guide\/produit\/4-superbes-calopsittes-apprivoisees\/\" \/>\n<meta property=\"og:site_name\" content=\"Guide des races et esp\u00e8ces des animaux\" \/>\n<meta property=\"article:publisher\" content=\"https:\/\/web.facebook.com\/snopetmaroc\" \/>\n<meta property=\"og:image\" content=\"https:\/\/snopet.ma\/guide\/wp-content\/uploads\/sites\/12\/2026\/03\/4-Calopsittes-a-vendre.jpg\" \/>\n\t<meta property=\"og:image:width\" content=\"1456\" \/>\n\t<meta property=\"og:image:height\" content=\"1080\" \/>\n\t<meta property=\"og:image:type\" content=\"image\/jpeg\" \/>\n<meta name=\"twitter:card\" content=\"summary_large_image\" \/>\n<meta name=\"twitter:label1\" content=\"Dur\u00e9e de lecture estim\u00e9e\" \/>\n\t<meta name=\"twitter:data1\" content=\"1 minute\" \/>\n<script type=\"application\/ld+json\" class=\"yoast-schema-graph\">{\"@context\":\"https:\\\/\\\/schema.org\",\"@graph\":[{\"@type\":\"WebPage\",\"@id\":\"https:\\\/\\\/snopet.ma\\\/guide\\\/produit\\\/4-superbes-calopsittes-apprivoisees\\\/\",\"url\":\"https:\\\/\\\/snopet.ma\\\/guide\\\/produit\\\/4-superbes-calopsittes-apprivoisees\\\/\",\"name\":\"4 Superbes Calopsittes apprivois\u00e9es - Guide des races et esp\u00e8ces des animaux\",\"isPartOf\":{\"@id\":\"https:\\\/\\\/snopet.ma\\\/guide\\\/#website\"},\"primaryImageOfPage\":{\"@id\":\"https:\\\/\\\/snopet.ma\\\/guide\\\/produit\\\/4-superbes-calopsittes-apprivoisees\\\/#primaryimage\"},\"image\":{\"@id\":\"https:\\\/\\\/snopet.ma\\\/guide\\\/produit\\\/4-superbes-calopsittes-apprivoisees\\\/#primaryimage\"},\"thumbnailUrl\":\"https:\\\/\\\/snopet.ma\\\/guide\\\/wp-content\\\/uploads\\\/sites\\\/12\\\/2026\\\/03\\\/4-Calopsittes-a-vendre.jpg\",\"datePublished\":\"2026-03-22T23:22:01+00:00\",\"breadcrumb\":{\"@id\":\"https:\\\/\\\/snopet.ma\\\/guide\\\/produit\\\/4-superbes-calopsittes-apprivoisees\\\/#breadcrumb\"},\"inLanguage\":\"fr-FR\",\"potentialAction\":[{\"@type\":\"ReadAction\",\"target\":[\"https:\\\/\\\/snopet.ma\\\/guide\\\/produit\\\/4-superbes-calopsittes-apprivoisees\\\/\"]}]},{\"@type\":\"ImageObject\",\"inLanguage\":\"fr-FR\",\"@id\":\"https:\\\/\\\/snopet.ma\\\/guide\\\/produit\\\/4-superbes-calopsittes-apprivoisees\\\/#primaryimage\",\"url\":\"https:\\\/\\\/snopet.ma\\\/guide\\\/wp-content\\\/uploads\\\/sites\\\/12\\\/2026\\\/03\\\/4-Calopsittes-a-vendre.jpg\",\"contentUrl\":\"https:\\\/\\\/snopet.ma\\\/guide\\\/wp-content\\\/uploads\\\/sites\\\/12\\\/2026\\\/03\\\/4-Calopsittes-a-vendre.jpg\",\"width\":1456,\"height\":1080},{\"@type\":\"BreadcrumbList\",\"@id\":\"https:\\\/\\\/snopet.ma\\\/guide\\\/produit\\\/4-superbes-calopsittes-apprivoisees\\\/#breadcrumb\",\"itemListElement\":[{\"@type\":\"ListItem\",\"position\":1,\"name\":\"Accueil\",\"item\":\"https:\\\/\\\/snopet.ma\\\/guide\\\/\"},{\"@type\":\"ListItem\",\"position\":2,\"name\":\"Produits\",\"item\":\"https:\\\/\\\/snopet.ma\\\/guide\\\/boutique\\\/\"},{\"@type\":\"ListItem\",\"position\":3,\"name\":\"4 Superbes Calopsittes apprivois\u00e9es\"}]},{\"@type\":\"WebSite\",\"@id\":\"https:\\\/\\\/snopet.ma\\\/guide\\\/#website\",\"url\":\"https:\\\/\\\/snopet.ma\\\/guide\\\/\",\"name\":\"Snopet Guide des Races\",\"description\":\"\",\"potentialAction\":[{\"@type\":\"SearchAction\",\"target\":{\"@type\":\"EntryPoint\",\"urlTemplate\":\"https:\\\/\\\/snopet.ma\\\/guide\\\/?s={search_term_string}\"},\"query-input\":{\"@type\":\"PropertyValueSpecification\",\"valueRequired\":true,\"valueName\":\"search_term_string\"}}],\"inLanguage\":\"fr-FR\"}]}<\/script>\n<!-- \/ Yoast SEO plugin. -->","yoast_head_json":{"title":"4 Superbes Calopsittes apprivois\u00e9es - Guide des races et esp\u00e8ces des animaux","robots":{"index":"index","follow":"follow","max-snippet":"max-snippet:-1","max-image-preview":"max-image-preview:large","max-video-preview":"max-video-preview:-1"},"canonical":"https:\/\/snopet.ma\/guide\/produit\/4-superbes-calopsittes-apprivoisees\/","og_locale":"fr_FR","og_type":"article","og_title":"4 Superbes Calopsittes apprivois\u00e9es - Guide des races et esp\u00e8ces des animaux","og_description":"Vente exclusivement et uniquement par Les Deux Couples pour leur bien \u00eatre. Offre exceptionnelle pour le lot complet. Voici toutes les informations cl\u00e9s pr\u00e9sent\u00e9es de mani\u00e8re claire et structur\u00e9e pour les acheteurs potentiels.  0641975035","og_url":"https:\/\/snopet.ma\/guide\/produit\/4-superbes-calopsittes-apprivoisees\/","og_site_name":"Guide des races et esp\u00e8ces des animaux","article_publisher":"https:\/\/web.facebook.com\/snopetmaroc","og_image":[{"width":1456,"height":1080,"url":"https:\/\/snopet.ma\/guide\/wp-content\/uploads\/sites\/12\/2026\/03\/4-Calopsittes-a-vendre.jpg","type":"image\/jpeg"}],"twitter_card":"summary_large_image","twitter_misc":{"Dur\u00e9e de lecture estim\u00e9e":"1 minute"},"schema":{"@context":"https:\/\/schema.org","@graph":[{"@type":"WebPage","@id":"https:\/\/snopet.ma\/guide\/produit\/4-superbes-calopsittes-apprivoisees\/","url":"https:\/\/snopet.ma\/guide\/produit\/4-superbes-calopsittes-apprivoisees\/","name":"4 Superbes Calopsittes apprivois\u00e9es - Guide des races et esp\u00e8ces des animaux","isPartOf":{"@id":"https:\/\/snopet.ma\/guide\/#website"},"primaryImageOfPage":{"@id":"https:\/\/snopet.ma\/guide\/produit\/4-superbes-calopsittes-apprivoisees\/#primaryimage"},"image":{"@id":"https:\/\/snopet.ma\/guide\/produit\/4-superbes-calopsittes-apprivoisees\/#primaryimage"},"thumbnailUrl":"https:\/\/snopet.ma\/guide\/wp-content\/uploads\/sites\/12\/2026\/03\/4-Calopsittes-a-vendre.jpg","datePublished":"2026-03-22T23:22:01+00:00","breadcrumb":{"@id":"https:\/\/snopet.ma\/guide\/produit\/4-superbes-calopsittes-apprivoisees\/#breadcrumb"},"inLanguage":"fr-FR","potentialAction":[{"@type":"ReadAction","target":["https:\/\/snopet.ma\/guide\/produit\/4-superbes-calopsittes-apprivoisees\/"]}]},{"@type":"ImageObject","inLanguage":"fr-FR","@id":"https:\/\/snopet.ma\/guide\/produit\/4-superbes-calopsittes-apprivoisees\/#primaryimage","url":"https:\/\/snopet.ma\/guide\/wp-content\/uploads\/sites\/12\/2026\/03\/4-Calopsittes-a-vendre.jpg","contentUrl":"https:\/\/snopet.ma\/guide\/wp-content\/uploads\/sites\/12\/2026\/03\/4-Calopsittes-a-vendre.jpg","width":1456,"height":1080},{"@type":"BreadcrumbList","@id":"https:\/\/snopet.ma\/guide\/produit\/4-superbes-calopsittes-apprivoisees\/#breadcrumb","itemListElement":[{"@type":"ListItem","position":1,"name":"Accueil","item":"https:\/\/snopet.ma\/guide\/"},{"@type":"ListItem","position":2,"name":"Produits","item":"https:\/\/snopet.ma\/guide\/boutique\/"},{"@type":"ListItem","position":3,"name":"4 Superbes Calopsittes apprivois\u00e9es"}]},{"@type":"WebSite","@id":"https:\/\/snopet.ma\/guide\/#website","url":"https:\/\/snopet.ma\/guide\/","name":"Snopet Guide des Races","description":"","potentialAction":[{"@type":"SearchAction","target":{"@type":"EntryPoint","urlTemplate":"https:\/\/snopet.ma\/guide\/?s={search_term_string}"},"query-input":{"@type":"PropertyValueSpecification","valueRequired":true,"valueName":"search_term_string"}}],"inLanguage":"fr-FR"}]}},"jetpack_sharing_enabled":true,"_links":{"self":[{"href":"https:\/\/snopet.ma\/guide\/wp-json\/wp\/v2\/product\/8678","targetHints":{"allow":["GET"]}}],"collection":[{"href":"https:\/\/snopet.ma\/guide\/wp-json\/wp\/v2\/product"}],"about":[{"href":"https:\/\/snopet.ma\/guide\/wp-json\/wp\/v2\/types\/product"}],"replies":[{"embeddable":true,"href":"https:\/\/snopet.ma\/guide\/wp-json\/wp\/v2\/comments?post=8678"}],"wp:featuredmedia":[{"embeddable":true,"href":"https:\/\/snopet.ma\/guide\/wp-json\/wp\/v2\/media\/8679"}],"wp:attachment":[{"href":"https:\/\/snopet.ma\/guide\/wp-json\/wp\/v2\/media?parent=8678"}],"wp:term":[{"taxonomy":"product_brand","embeddable":true,"href":"https:\/\/snopet.ma\/guide\/wp-json\/wp\/v2\/product_brand?post=8678"},{"taxonomy":"product_cat","embeddable":true,"href":"https:\/\/snopet.ma\/guide\/wp-json\/wp\/v2\/product_cat?post=8678"},{"taxonomy":"product_tag","embeddable":true,"href":"https:\/\/snopet.ma\/guide\/wp-json\/wp\/v2\/product_tag?post=8678"}],"curies":[{"name":"wp","href":"https:\/\/api.w.org\/{rel}","templated":true}]}}