{"id":8606,"date":"2026-03-22T05:03:19","date_gmt":"2026-03-22T05:03:19","guid":{"rendered":"https:\/\/snopet.ma\/guide\/?post_type=product&#038;p=8606"},"modified":"2026-03-22T05:03:20","modified_gmt":"2026-03-22T05:03:20","slug":"mouton-sardi-avec-des-caracteristiques-excellentes","status":"publish","type":"product","link":"https:\/\/snopet.ma\/guide\/produit\/mouton-sardi-avec-des-caracteristiques-excellentes\/","title":{"rendered":"Mouton Sardi avec des caract\u00e9ristiques excellentes"},"content":{"rendered":"","protected":false},"excerpt":{"rendered":"<p>100\/100<\/p>\n<p>\u0627\u0644\u0628\u0631\u0648\u062c \u0627\u0642\u0644\u064a\u0645 \u0633\u0637\u0627\u062a<\/p>\n<p>b\u00e9lier sardi de qualit\u00e9 sup\u00e9rieure, aliment\u00e9 100 % naturellement.<\/p>\n<p><strong>Lieu :<\/strong> El Borouj, province de Settat<\/p>\n","protected":false},"featured_media":8607,"comment_status":"closed","ping_status":"closed","template":"","meta":{"_acf_changed":false},"product_brand":[],"product_cat":[2890],"product_tag":[],"class_list":{"0":"post-8606","1":"product","2":"type-product","3":"status-publish","4":"has-post-thumbnail","6":"product_cat-ovins-vente","8":"first","9":"instock","10":"shipping-taxable","11":"product-type-external"},"acf":[],"yoast_head":"<!-- This site is optimized with the Yoast SEO plugin v27.4 - https:\/\/yoast.com\/product\/yoast-seo-wordpress\/ -->\n<title>Mouton Sardi avec des caract\u00e9ristiques excellentes - Guide des races et esp\u00e8ces des animaux<\/title>\n<meta name=\"robots\" content=\"index, follow, max-snippet:-1, max-image-preview:large, max-video-preview:-1\" \/>\n<link rel=\"canonical\" href=\"https:\/\/snopet.ma\/guide\/produit\/mouton-sardi-avec-des-caracteristiques-excellentes\/\" \/>\n<meta property=\"og:locale\" content=\"fr_FR\" \/>\n<meta property=\"og:type\" content=\"article\" \/>\n<meta property=\"og:title\" content=\"Mouton Sardi avec des caract\u00e9ristiques excellentes - Guide des races et esp\u00e8ces des animaux\" \/>\n<meta property=\"og:description\" content=\"100\/100  \u0627\u0644\u0628\u0631\u0648\u062c \u0627\u0642\u0644\u064a\u0645 \u0633\u0637\u0627\u062a  b\u00e9lier sardi de qualit\u00e9 sup\u00e9rieure, aliment\u00e9 100 % naturellement.  Lieu : El Borouj, province de Settat\" \/>\n<meta property=\"og:url\" content=\"https:\/\/snopet.ma\/guide\/produit\/mouton-sardi-avec-des-caracteristiques-excellentes\/\" \/>\n<meta property=\"og:site_name\" content=\"Guide des races et esp\u00e8ces des animaux\" \/>\n<meta property=\"article:publisher\" content=\"https:\/\/web.facebook.com\/snopetmaroc\" \/>\n<meta property=\"article:modified_time\" content=\"2026-03-22T05:03:20+00:00\" \/>\n<meta property=\"og:image\" content=\"https:\/\/snopet.ma\/guide\/wp-content\/uploads\/sites\/12\/2026\/03\/Mouton-sardi-Abdelhadi.jpg\" \/>\n\t<meta property=\"og:image:width\" content=\"551\" \/>\n\t<meta property=\"og:image:height\" content=\"413\" \/>\n\t<meta property=\"og:image:type\" content=\"image\/jpeg\" \/>\n<meta name=\"twitter:card\" content=\"summary_large_image\" \/>\n<meta name=\"twitter:label1\" content=\"Dur\u00e9e de lecture estim\u00e9e\" \/>\n\t<meta name=\"twitter:data1\" content=\"1 minute\" \/>\n<script type=\"application\/ld+json\" class=\"yoast-schema-graph\">{\"@context\":\"https:\\\/\\\/schema.org\",\"@graph\":[{\"@type\":\"WebPage\",\"@id\":\"https:\\\/\\\/snopet.ma\\\/guide\\\/produit\\\/mouton-sardi-avec-des-caracteristiques-excellentes\\\/\",\"url\":\"https:\\\/\\\/snopet.ma\\\/guide\\\/produit\\\/mouton-sardi-avec-des-caracteristiques-excellentes\\\/\",\"name\":\"Mouton Sardi avec des caract\u00e9ristiques excellentes - Guide des races et esp\u00e8ces des animaux\",\"isPartOf\":{\"@id\":\"https:\\\/\\\/snopet.ma\\\/guide\\\/#website\"},\"primaryImageOfPage\":{\"@id\":\"https:\\\/\\\/snopet.ma\\\/guide\\\/produit\\\/mouton-sardi-avec-des-caracteristiques-excellentes\\\/#primaryimage\"},\"image\":{\"@id\":\"https:\\\/\\\/snopet.ma\\\/guide\\\/produit\\\/mouton-sardi-avec-des-caracteristiques-excellentes\\\/#primaryimage\"},\"thumbnailUrl\":\"https:\\\/\\\/snopet.ma\\\/guide\\\/wp-content\\\/uploads\\\/sites\\\/12\\\/2026\\\/03\\\/Mouton-sardi-Abdelhadi.jpg\",\"datePublished\":\"2026-03-22T05:03:19+00:00\",\"dateModified\":\"2026-03-22T05:03:20+00:00\",\"breadcrumb\":{\"@id\":\"https:\\\/\\\/snopet.ma\\\/guide\\\/produit\\\/mouton-sardi-avec-des-caracteristiques-excellentes\\\/#breadcrumb\"},\"inLanguage\":\"fr-FR\",\"potentialAction\":[{\"@type\":\"ReadAction\",\"target\":[\"https:\\\/\\\/snopet.ma\\\/guide\\\/produit\\\/mouton-sardi-avec-des-caracteristiques-excellentes\\\/\"]}]},{\"@type\":\"ImageObject\",\"inLanguage\":\"fr-FR\",\"@id\":\"https:\\\/\\\/snopet.ma\\\/guide\\\/produit\\\/mouton-sardi-avec-des-caracteristiques-excellentes\\\/#primaryimage\",\"url\":\"https:\\\/\\\/snopet.ma\\\/guide\\\/wp-content\\\/uploads\\\/sites\\\/12\\\/2026\\\/03\\\/Mouton-sardi-Abdelhadi.jpg\",\"contentUrl\":\"https:\\\/\\\/snopet.ma\\\/guide\\\/wp-content\\\/uploads\\\/sites\\\/12\\\/2026\\\/03\\\/Mouton-sardi-Abdelhadi.jpg\",\"width\":551,\"height\":413},{\"@type\":\"BreadcrumbList\",\"@id\":\"https:\\\/\\\/snopet.ma\\\/guide\\\/produit\\\/mouton-sardi-avec-des-caracteristiques-excellentes\\\/#breadcrumb\",\"itemListElement\":[{\"@type\":\"ListItem\",\"position\":1,\"name\":\"Accueil\",\"item\":\"https:\\\/\\\/snopet.ma\\\/guide\\\/\"},{\"@type\":\"ListItem\",\"position\":2,\"name\":\"Produits\",\"item\":\"https:\\\/\\\/snopet.ma\\\/guide\\\/boutique\\\/\"},{\"@type\":\"ListItem\",\"position\":3,\"name\":\"Mouton Sardi avec des caract\u00e9ristiques excellentes\"}]},{\"@type\":\"WebSite\",\"@id\":\"https:\\\/\\\/snopet.ma\\\/guide\\\/#website\",\"url\":\"https:\\\/\\\/snopet.ma\\\/guide\\\/\",\"name\":\"Snopet Guide des Races\",\"description\":\"\",\"potentialAction\":[{\"@type\":\"SearchAction\",\"target\":{\"@type\":\"EntryPoint\",\"urlTemplate\":\"https:\\\/\\\/snopet.ma\\\/guide\\\/?s={search_term_string}\"},\"query-input\":{\"@type\":\"PropertyValueSpecification\",\"valueRequired\":true,\"valueName\":\"search_term_string\"}}],\"inLanguage\":\"fr-FR\"}]}<\/script>\n<!-- \/ Yoast SEO plugin. -->","yoast_head_json":{"title":"Mouton Sardi avec des caract\u00e9ristiques excellentes - Guide des races et esp\u00e8ces des animaux","robots":{"index":"index","follow":"follow","max-snippet":"max-snippet:-1","max-image-preview":"max-image-preview:large","max-video-preview":"max-video-preview:-1"},"canonical":"https:\/\/snopet.ma\/guide\/produit\/mouton-sardi-avec-des-caracteristiques-excellentes\/","og_locale":"fr_FR","og_type":"article","og_title":"Mouton Sardi avec des caract\u00e9ristiques excellentes - Guide des races et esp\u00e8ces des animaux","og_description":"100\/100  \u0627\u0644\u0628\u0631\u0648\u062c \u0627\u0642\u0644\u064a\u0645 \u0633\u0637\u0627\u062a  b\u00e9lier sardi de qualit\u00e9 sup\u00e9rieure, aliment\u00e9 100 % naturellement.  Lieu : El Borouj, province de Settat","og_url":"https:\/\/snopet.ma\/guide\/produit\/mouton-sardi-avec-des-caracteristiques-excellentes\/","og_site_name":"Guide des races et esp\u00e8ces des animaux","article_publisher":"https:\/\/web.facebook.com\/snopetmaroc","article_modified_time":"2026-03-22T05:03:20+00:00","og_image":[{"width":551,"height":413,"url":"https:\/\/snopet.ma\/guide\/wp-content\/uploads\/sites\/12\/2026\/03\/Mouton-sardi-Abdelhadi.jpg","type":"image\/jpeg"}],"twitter_card":"summary_large_image","twitter_misc":{"Dur\u00e9e de lecture estim\u00e9e":"1 minute"},"schema":{"@context":"https:\/\/schema.org","@graph":[{"@type":"WebPage","@id":"https:\/\/snopet.ma\/guide\/produit\/mouton-sardi-avec-des-caracteristiques-excellentes\/","url":"https:\/\/snopet.ma\/guide\/produit\/mouton-sardi-avec-des-caracteristiques-excellentes\/","name":"Mouton Sardi avec des caract\u00e9ristiques excellentes - Guide des races et esp\u00e8ces des animaux","isPartOf":{"@id":"https:\/\/snopet.ma\/guide\/#website"},"primaryImageOfPage":{"@id":"https:\/\/snopet.ma\/guide\/produit\/mouton-sardi-avec-des-caracteristiques-excellentes\/#primaryimage"},"image":{"@id":"https:\/\/snopet.ma\/guide\/produit\/mouton-sardi-avec-des-caracteristiques-excellentes\/#primaryimage"},"thumbnailUrl":"https:\/\/snopet.ma\/guide\/wp-content\/uploads\/sites\/12\/2026\/03\/Mouton-sardi-Abdelhadi.jpg","datePublished":"2026-03-22T05:03:19+00:00","dateModified":"2026-03-22T05:03:20+00:00","breadcrumb":{"@id":"https:\/\/snopet.ma\/guide\/produit\/mouton-sardi-avec-des-caracteristiques-excellentes\/#breadcrumb"},"inLanguage":"fr-FR","potentialAction":[{"@type":"ReadAction","target":["https:\/\/snopet.ma\/guide\/produit\/mouton-sardi-avec-des-caracteristiques-excellentes\/"]}]},{"@type":"ImageObject","inLanguage":"fr-FR","@id":"https:\/\/snopet.ma\/guide\/produit\/mouton-sardi-avec-des-caracteristiques-excellentes\/#primaryimage","url":"https:\/\/snopet.ma\/guide\/wp-content\/uploads\/sites\/12\/2026\/03\/Mouton-sardi-Abdelhadi.jpg","contentUrl":"https:\/\/snopet.ma\/guide\/wp-content\/uploads\/sites\/12\/2026\/03\/Mouton-sardi-Abdelhadi.jpg","width":551,"height":413},{"@type":"BreadcrumbList","@id":"https:\/\/snopet.ma\/guide\/produit\/mouton-sardi-avec-des-caracteristiques-excellentes\/#breadcrumb","itemListElement":[{"@type":"ListItem","position":1,"name":"Accueil","item":"https:\/\/snopet.ma\/guide\/"},{"@type":"ListItem","position":2,"name":"Produits","item":"https:\/\/snopet.ma\/guide\/boutique\/"},{"@type":"ListItem","position":3,"name":"Mouton Sardi avec des caract\u00e9ristiques excellentes"}]},{"@type":"WebSite","@id":"https:\/\/snopet.ma\/guide\/#website","url":"https:\/\/snopet.ma\/guide\/","name":"Snopet Guide des Races","description":"","potentialAction":[{"@type":"SearchAction","target":{"@type":"EntryPoint","urlTemplate":"https:\/\/snopet.ma\/guide\/?s={search_term_string}"},"query-input":{"@type":"PropertyValueSpecification","valueRequired":true,"valueName":"search_term_string"}}],"inLanguage":"fr-FR"}]}},"jetpack_sharing_enabled":true,"_links":{"self":[{"href":"https:\/\/snopet.ma\/guide\/wp-json\/wp\/v2\/product\/8606","targetHints":{"allow":["GET"]}}],"collection":[{"href":"https:\/\/snopet.ma\/guide\/wp-json\/wp\/v2\/product"}],"about":[{"href":"https:\/\/snopet.ma\/guide\/wp-json\/wp\/v2\/types\/product"}],"replies":[{"embeddable":true,"href":"https:\/\/snopet.ma\/guide\/wp-json\/wp\/v2\/comments?post=8606"}],"wp:featuredmedia":[{"embeddable":true,"href":"https:\/\/snopet.ma\/guide\/wp-json\/wp\/v2\/media\/8607"}],"wp:attachment":[{"href":"https:\/\/snopet.ma\/guide\/wp-json\/wp\/v2\/media?parent=8606"}],"wp:term":[{"taxonomy":"product_brand","embeddable":true,"href":"https:\/\/snopet.ma\/guide\/wp-json\/wp\/v2\/product_brand?post=8606"},{"taxonomy":"product_cat","embeddable":true,"href":"https:\/\/snopet.ma\/guide\/wp-json\/wp\/v2\/product_cat?post=8606"},{"taxonomy":"product_tag","embeddable":true,"href":"https:\/\/snopet.ma\/guide\/wp-json\/wp\/v2\/product_tag?post=8606"}],"curies":[{"name":"wp","href":"https:\/\/api.w.org\/{rel}","templated":true}]}}